{"id":793,"date":"2023-02-24T12:19:34","date_gmt":"2023-02-24T12:19:34","guid":{"rendered":"https:\/\/odine.tiltuat.co.uk\/?page_id=793"},"modified":"2026-03-10T16:22:12","modified_gmt":"2026-03-10T16:22:12","slug":"careers","status":"publish","type":"page","link":"https:\/\/odine.com\/tr\/about-us\/careers\/","title":{"rendered":"Kariyer"},"content":{"rendered":"<p>Odine\u2019de \u00e7al\u0131\u015fmak, sadece bireysel ba\u015far\u0131 de\u011fil, ekip olarak sekt\u00f6r\u00fcm\u00fcze de\u011fer katmak ve inovatif \u00e7\u00f6z\u00fcmler \u00fcretmek demek. Odine\u2019de her g\u00fcn, birlikte fark yaratman\u0131n \u00f6nemini deneyimliyorum.<\/p>","protected":false},"excerpt":{"rendered":"<p>Odine\u2019de \u00e7al\u0131\u015fmak, sadece bireysel ba\u015far\u0131 de\u011fil, ekip olarak sekt\u00f6r\u00fcm\u00fcze de\u011fer katmak ve inovatif \u00e7\u00f6z\u00fcmler \u00fcretmek demek. Odine\u2019de her g\u00fcn, birlikte fark yaratman\u0131n \u00f6nemini deneyimliyorum.<\/p>","protected":false},"author":1,"featured_media":0,"parent":150,"menu_order":0,"comment_status":"closed","ping_status":"closed","template":"","meta":{"_acf_changed":false,"footnotes":"","_links_to":"","_links_to_target":""},"class_list":["post-793","page","type-page","status-publish","hentry"],"acf":[],"yoast_head":"<!-- This site is optimized with the Yoast SEO Premium plugin v20.7 (Yoast SEO v25.7) - https:\/\/yoast.com\/wordpress\/plugins\/seo\/ -->\n<title>Careers in Telecoms | Odine<\/title>\n<meta name=\"description\" content=\"Odine offers amazing careers in telecoms, based on supporting your development and creating a respectful, diverse workplace.\" \/>\n<meta name=\"robots\" content=\"index, follow, max-snippet:-1, max-image-preview:large, max-video-preview:-1\" \/>\n<link rel=\"canonical\" href=\"https:\/\/odine.com\/tr\/about-us\/careers\/\" \/>\n<meta property=\"og:locale\" content=\"tr_TR\" \/>\n<meta property=\"og:type\" content=\"article\" \/>\n<meta property=\"og:title\" content=\"Careers\" \/>\n<meta property=\"og:description\" content=\"Odine offers amazing careers in telecoms, based on supporting your development and creating a respectful, diverse workplace.\" \/>\n<meta property=\"og:url\" content=\"https:\/\/odine.com\/tr\/about-us\/careers\/\" \/>\n<meta property=\"og:site_name\" content=\"Odine\" \/>\n<meta property=\"article:modified_time\" content=\"2026-03-10T16:22:12+00:00\" \/>\n<meta name=\"twitter:card\" content=\"summary_large_image\" \/>\n<meta name=\"twitter:label1\" content=\"Tahmini okuma s\u00fcresi\" \/>\n\t<meta name=\"twitter:data1\" content=\"9 dakika\" \/>\n<script type=\"application\/ld+json\" class=\"yoast-schema-graph\">{\"@context\":\"https:\/\/schema.org\",\"@graph\":[{\"@type\":\"WebPage\",\"@id\":\"https:\/\/odine.com\/about-us\/careers\/\",\"url\":\"https:\/\/odine.com\/about-us\/careers\/\",\"name\":\"Careers in Telecoms | Odine\",\"isPartOf\":{\"@id\":\"https:\/\/odine.com\/#website\"},\"datePublished\":\"2023-02-24T12:19:34+00:00\",\"dateModified\":\"2026-03-10T16:22:12+00:00\",\"description\":\"Odine offers amazing careers in telecoms, based on supporting your development and creating a respectful, diverse workplace.\",\"breadcrumb\":{\"@id\":\"https:\/\/odine.com\/about-us\/careers\/#breadcrumb\"},\"inLanguage\":\"tr\",\"potentialAction\":[{\"@type\":\"ReadAction\",\"target\":[\"https:\/\/odine.com\/about-us\/careers\/\"]}]},{\"@type\":\"BreadcrumbList\",\"@id\":\"https:\/\/odine.com\/about-us\/careers\/#breadcrumb\",\"itemListElement\":[{\"@type\":\"ListItem\",\"position\":1,\"name\":\"Home\",\"item\":\"https:\/\/odine.com\/\"},{\"@type\":\"ListItem\",\"position\":2,\"name\":\"About Us\",\"item\":\"https:\/\/odine.com\/about-us\/\"},{\"@type\":\"ListItem\",\"position\":3,\"name\":\"Careers\"}]},{\"@type\":\"WebSite\",\"@id\":\"https:\/\/odine.com\/#website\",\"url\":\"https:\/\/odine.com\/\",\"name\":\"Odine\",\"description\":\"\",\"potentialAction\":[{\"@type\":\"SearchAction\",\"target\":{\"@type\":\"EntryPoint\",\"urlTemplate\":\"https:\/\/odine.com\/?s={search_term_string}\"},\"query-input\":{\"@type\":\"PropertyValueSpecification\",\"valueRequired\":true,\"valueName\":\"search_term_string\"}}],\"inLanguage\":\"tr\"}]}<\/script>\n<!-- \/ Yoast SEO Premium plugin. -->","yoast_head_json":{"title":"Kariyer F\u0131rsatlar\u0131 | Odine","description":"Odine, geli\u015fiminizi destekleyen, sayg\u0131l\u0131 ve \u00e7e\u015fitlili\u011fe sahip bir i\u015f ortam\u0131 ile telekom alan\u0131nda benzersiz kariyerler f\u0131rsatlar\u0131 sunmaktad\u0131r.","robots":{"index":"index","follow":"follow","max-snippet":"max-snippet:-1","max-image-preview":"max-image-preview:large","max-video-preview":"max-video-preview:-1"},"canonical":"https:\/\/odine.com\/tr\/about-us\/careers\/","og_locale":"tr_TR","og_type":"article","og_title":"Careers","og_description":"Odine offers amazing careers in telecoms, based on supporting your development and creating a respectful, diverse workplace.","og_url":"https:\/\/odine.com\/tr\/about-us\/careers\/","og_site_name":"Odine","article_modified_time":"2026-03-10T16:22:12+00:00","twitter_card":"summary_large_image","twitter_misc":{"Tahmini okuma s\u00fcresi":"9 dakika"},"schema":{"@context":"https:\/\/schema.org","@graph":[{"@type":"WebPage","@id":"https:\/\/odine.com\/about-us\/careers\/","url":"https:\/\/odine.com\/about-us\/careers\/","name":"Kariyer F\u0131rsatlar\u0131 | Odine","isPartOf":{"@id":"https:\/\/odine.com\/#website"},"datePublished":"2023-02-24T12:19:34+00:00","dateModified":"2026-03-10T16:22:12+00:00","description":"Odine, geli\u015fiminizi destekleyen, sayg\u0131l\u0131 ve \u00e7e\u015fitlili\u011fe sahip bir i\u015f ortam\u0131 ile telekom alan\u0131nda benzersiz kariyerler f\u0131rsatlar\u0131 sunmaktad\u0131r.","breadcrumb":{"@id":"https:\/\/odine.com\/about-us\/careers\/#breadcrumb"},"inLanguage":"tr","potentialAction":[{"@type":"ReadAction","target":["https:\/\/odine.com\/about-us\/careers\/"]}]},{"@type":"BreadcrumbList","@id":"https:\/\/odine.com\/about-us\/careers\/#breadcrumb","itemListElement":[{"@type":"ListItem","position":1,"name":"Home","item":"https:\/\/odine.com\/"},{"@type":"ListItem","position":2,"name":"About Us","item":"https:\/\/odine.com\/about-us\/"},{"@type":"ListItem","position":3,"name":"Careers"}]},{"@type":"WebSite","@id":"https:\/\/odine.com\/#website","url":"https:\/\/odine.com\/","name":"Odine","description":"","potentialAction":[{"@type":"SearchAction","target":{"@type":"EntryPoint","urlTemplate":"https:\/\/odine.com\/?s={search_term_string}"},"query-input":{"@type":"PropertyValueSpecification","valueRequired":true,"valueName":"search_term_string"}}],"inLanguage":"tr"}]}},"_links":{"self":[{"href":"https:\/\/odine.com\/tr\/wp-json\/wp\/v2\/pages\/793","targetHints":{"allow":["GET"]}}],"collection":[{"href":"https:\/\/odine.com\/tr\/wp-json\/wp\/v2\/pages"}],"about":[{"href":"https:\/\/odine.com\/tr\/wp-json\/wp\/v2\/types\/page"}],"author":[{"embeddable":true,"href":"https:\/\/odine.com\/tr\/wp-json\/wp\/v2\/users\/1"}],"replies":[{"embeddable":true,"href":"https:\/\/odine.com\/tr\/wp-json\/wp\/v2\/comments?post=793"}],"version-history":[{"count":0,"href":"https:\/\/odine.com\/tr\/wp-json\/wp\/v2\/pages\/793\/revisions"}],"up":[{"embeddable":true,"href":"https:\/\/odine.com\/tr\/wp-json\/wp\/v2\/pages\/150"}],"wp:attachment":[{"href":"https:\/\/odine.com\/tr\/wp-json\/wp\/v2\/media?parent=793"}],"curies":[{"name":"wp","href":"https:\/\/api.w.org\/{rel}","templated":true}]}}