{"id":789,"date":"2023-02-24T12:15:41","date_gmt":"2023-02-24T12:15:41","guid":{"rendered":"https:\/\/odine.tiltuat.co.uk\/?page_id=789"},"modified":"2026-02-27T09:52:44","modified_gmt":"2026-02-27T09:52:44","slug":"gatekeeper","status":"publish","type":"page","link":"https:\/\/odine.com\/tr\/odinelabs\/telecoms-voice-solutions\/gatekeeper\/","title":{"rendered":"Odine Gatekeeper\u2122"},"content":{"rendered":"","protected":false},"excerpt":{"rendered":"","protected":false},"author":1,"featured_media":0,"parent":146,"menu_order":0,"comment_status":"closed","ping_status":"closed","template":"","meta":{"_acf_changed":false,"footnotes":"","_links_to":"","_links_to_target":""},"class_list":["post-789","page","type-page","status-publish","hentry"],"acf":[],"yoast_head":"<!-- This site is optimized with the Yoast SEO Premium plugin v20.7 (Yoast SEO v25.7) - https:\/\/yoast.com\/wordpress\/plugins\/seo\/ -->\n<title>Odine Gatekeeper\u2122 - Voice Fraud Management | Odine<\/title>\n<meta name=\"description\" content=\"Odine\u2019s voice fraud management, data assurance and fraud detection solutions enable telecoms to deliver trusted and protected data services.\" \/>\n<meta name=\"robots\" content=\"index, follow, max-snippet:-1, max-image-preview:large, max-video-preview:-1\" \/>\n<link rel=\"canonical\" href=\"https:\/\/odine.com\/tr\/odinelabs\/telecoms-voice-solutions\/gatekeeper\/\" \/>\n<meta property=\"og:locale\" content=\"tr_TR\" \/>\n<meta property=\"og:type\" content=\"article\" \/>\n<meta property=\"og:title\" content=\"Odine Gatekeeper\u2122\" \/>\n<meta property=\"og:description\" content=\"Odine\u2019s voice fraud management, data assurance and fraud detection solutions enable telecoms to deliver trusted and protected data services.\" \/>\n<meta property=\"og:url\" content=\"https:\/\/odine.com\/tr\/odinelabs\/telecoms-voice-solutions\/gatekeeper\/\" \/>\n<meta property=\"og:site_name\" content=\"Odine\" \/>\n<meta property=\"article:modified_time\" content=\"2026-02-27T09:52:44+00:00\" \/>\n<meta name=\"twitter:card\" content=\"summary_large_image\" \/>\n<meta name=\"twitter:label1\" content=\"Tahmini okuma s\u00fcresi\" \/>\n\t<meta name=\"twitter:data1\" content=\"3 dakika\" \/>\n<script type=\"application\/ld+json\" class=\"yoast-schema-graph\">{\"@context\":\"https:\/\/schema.org\",\"@graph\":[{\"@type\":\"WebPage\",\"@id\":\"https:\/\/odine.com\/odinelabs\/telecoms-voice-solutions\/gatekeeper\/\",\"url\":\"https:\/\/odine.com\/odinelabs\/telecoms-voice-solutions\/gatekeeper\/\",\"name\":\"Odine Gatekeeper\u2122 - Voice Fraud Management | Odine\",\"isPartOf\":{\"@id\":\"https:\/\/odine.com\/#website\"},\"datePublished\":\"2023-02-24T12:15:41+00:00\",\"dateModified\":\"2026-02-27T09:52:44+00:00\",\"description\":\"Odine\u2019s voice fraud management, data assurance and fraud detection solutions enable telecoms to deliver trusted and protected data services.\",\"breadcrumb\":{\"@id\":\"https:\/\/odine.com\/odinelabs\/telecoms-voice-solutions\/gatekeeper\/#breadcrumb\"},\"inLanguage\":\"tr\",\"potentialAction\":[{\"@type\":\"ReadAction\",\"target\":[\"https:\/\/odine.com\/odinelabs\/telecoms-voice-solutions\/gatekeeper\/\"]}]},{\"@type\":\"BreadcrumbList\",\"@id\":\"https:\/\/odine.com\/odinelabs\/telecoms-voice-solutions\/gatekeeper\/#breadcrumb\",\"itemListElement\":[{\"@type\":\"ListItem\",\"position\":1,\"name\":\"Home\",\"item\":\"https:\/\/odine.com\/\"},{\"@type\":\"ListItem\",\"position\":2,\"name\":\"OdineLabs\",\"item\":\"https:\/\/odine.com\/odinelabs\/\"},{\"@type\":\"ListItem\",\"position\":3,\"name\":\"Telecoms Voice Solutions\",\"item\":\"https:\/\/odine.com\/odinelabs\/telecoms-voice-solutions\/\"},{\"@type\":\"ListItem\",\"position\":4,\"name\":\"Odine Gatekeeper\u2122\"}]},{\"@type\":\"WebSite\",\"@id\":\"https:\/\/odine.com\/#website\",\"url\":\"https:\/\/odine.com\/\",\"name\":\"Odine\",\"description\":\"\",\"potentialAction\":[{\"@type\":\"SearchAction\",\"target\":{\"@type\":\"EntryPoint\",\"urlTemplate\":\"https:\/\/odine.com\/?s={search_term_string}\"},\"query-input\":{\"@type\":\"PropertyValueSpecification\",\"valueRequired\":true,\"valueName\":\"search_term_string\"}}],\"inLanguage\":\"tr\"}]}<\/script>\n<!-- \/ Yoast SEO Premium plugin. -->","yoast_head_json":{"title":"Odine Gatekeeper\u2122 - Fraud Y\u00f6netim \u00c7\u00f6z\u00fcmleri | Odine","description":"Odine'nin ses doland\u0131r\u0131c\u0131l\u0131\u011f\u0131 y\u00f6netimi, veri g\u00fcvencesi ve doland\u0131r\u0131c\u0131l\u0131k tespit \u00e7\u00f6z\u00fcmleri, telekom\u00fcnikasyon \u015firketlerinin g\u00fcvenilir ve korumal\u0131 veri hizmetleri sunmas\u0131n\u0131 sa\u011flar.","robots":{"index":"index","follow":"follow","max-snippet":"max-snippet:-1","max-image-preview":"max-image-preview:large","max-video-preview":"max-video-preview:-1"},"canonical":"https:\/\/odine.com\/tr\/odinelabs\/telecoms-voice-solutions\/gatekeeper\/","og_locale":"tr_TR","og_type":"article","og_title":"Odine Gatekeeper\u2122","og_description":"Odine\u2019s voice fraud management, data assurance and fraud detection solutions enable telecoms to deliver trusted and protected data services.","og_url":"https:\/\/odine.com\/tr\/odinelabs\/telecoms-voice-solutions\/gatekeeper\/","og_site_name":"Odine","article_modified_time":"2026-02-27T09:52:44+00:00","twitter_card":"summary_large_image","twitter_misc":{"Tahmini okuma s\u00fcresi":"3 dakika"},"schema":{"@context":"https:\/\/schema.org","@graph":[{"@type":"WebPage","@id":"https:\/\/odine.com\/odinelabs\/telecoms-voice-solutions\/gatekeeper\/","url":"https:\/\/odine.com\/odinelabs\/telecoms-voice-solutions\/gatekeeper\/","name":"Odine Gatekeeper\u2122 - Fraud Y\u00f6netim \u00c7\u00f6z\u00fcmleri | Odine","isPartOf":{"@id":"https:\/\/odine.com\/#website"},"datePublished":"2023-02-24T12:15:41+00:00","dateModified":"2026-02-27T09:52:44+00:00","description":"Odine'nin ses doland\u0131r\u0131c\u0131l\u0131\u011f\u0131 y\u00f6netimi, veri g\u00fcvencesi ve doland\u0131r\u0131c\u0131l\u0131k tespit \u00e7\u00f6z\u00fcmleri, telekom\u00fcnikasyon \u015firketlerinin g\u00fcvenilir ve korumal\u0131 veri hizmetleri sunmas\u0131n\u0131 sa\u011flar.","breadcrumb":{"@id":"https:\/\/odine.com\/odinelabs\/telecoms-voice-solutions\/gatekeeper\/#breadcrumb"},"inLanguage":"tr","potentialAction":[{"@type":"ReadAction","target":["https:\/\/odine.com\/odinelabs\/telecoms-voice-solutions\/gatekeeper\/"]}]},{"@type":"BreadcrumbList","@id":"https:\/\/odine.com\/odinelabs\/telecoms-voice-solutions\/gatekeeper\/#breadcrumb","itemListElement":[{"@type":"ListItem","position":1,"name":"Home","item":"https:\/\/odine.com\/"},{"@type":"ListItem","position":2,"name":"OdineLabs","item":"https:\/\/odine.com\/odinelabs\/"},{"@type":"ListItem","position":3,"name":"Telecoms Voice Solutions","item":"https:\/\/odine.com\/odinelabs\/telecoms-voice-solutions\/"},{"@type":"ListItem","position":4,"name":"Odine Gatekeeper\u2122"}]},{"@type":"WebSite","@id":"https:\/\/odine.com\/#website","url":"https:\/\/odine.com\/","name":"Odine","description":"","potentialAction":[{"@type":"SearchAction","target":{"@type":"EntryPoint","urlTemplate":"https:\/\/odine.com\/?s={search_term_string}"},"query-input":{"@type":"PropertyValueSpecification","valueRequired":true,"valueName":"search_term_string"}}],"inLanguage":"tr"}]}},"_links":{"self":[{"href":"https:\/\/odine.com\/tr\/wp-json\/wp\/v2\/pages\/789","targetHints":{"allow":["GET"]}}],"collection":[{"href":"https:\/\/odine.com\/tr\/wp-json\/wp\/v2\/pages"}],"about":[{"href":"https:\/\/odine.com\/tr\/wp-json\/wp\/v2\/types\/page"}],"author":[{"embeddable":true,"href":"https:\/\/odine.com\/tr\/wp-json\/wp\/v2\/users\/1"}],"replies":[{"embeddable":true,"href":"https:\/\/odine.com\/tr\/wp-json\/wp\/v2\/comments?post=789"}],"version-history":[{"count":0,"href":"https:\/\/odine.com\/tr\/wp-json\/wp\/v2\/pages\/789\/revisions"}],"up":[{"embeddable":true,"href":"https:\/\/odine.com\/tr\/wp-json\/wp\/v2\/pages\/146"}],"wp:attachment":[{"href":"https:\/\/odine.com\/tr\/wp-json\/wp\/v2\/media?parent=789"}],"curies":[{"name":"wp","href":"https:\/\/api.w.org\/{rel}","templated":true}]}}