{"id":6277,"date":"2025-08-17T17:25:32","date_gmt":"2025-08-17T16:25:32","guid":{"rendered":"https:\/\/staging2.odine.com\/?page_id=6277"},"modified":"2026-02-27T09:01:41","modified_gmt":"2026-02-27T09:01:41","slug":"network-orchestration-automation","status":"publish","type":"page","link":"https:\/\/odine.com\/tr\/odinelabs\/ai-driven-zero-touch-networking\/network-orchestration-automation\/","title":{"rendered":"A\u011f Orkestrasyonu ve Otomasyonu"},"content":{"rendered":"","protected":false},"excerpt":{"rendered":"","protected":false},"author":1,"featured_media":0,"parent":6247,"menu_order":0,"comment_status":"closed","ping_status":"closed","template":"","meta":{"_acf_changed":false,"footnotes":"","_links_to":"","_links_to_target":""},"class_list":["post-6277","page","type-page","status-publish","hentry"],"acf":[],"yoast_head":"<!-- This site is optimized with the Yoast SEO Premium plugin v20.7 (Yoast SEO v25.7) - https:\/\/yoast.com\/wordpress\/plugins\/seo\/ -->\n<title>Network Orchestration &amp; Automation | Odine<\/title>\n<meta name=\"description\" content=\"Odine\u2019s voice management solution enables you to maximize your voice offerings with global real-time business visibility and performance.\" \/>\n<meta name=\"robots\" content=\"index, follow, max-snippet:-1, max-image-preview:large, max-video-preview:-1\" \/>\n<link rel=\"canonical\" href=\"https:\/\/odine.com\/tr\/odinelabs\/ai-driven-zero-touch-networking\/network-orchestration-automation\/\" \/>\n<meta property=\"og:locale\" content=\"tr_TR\" \/>\n<meta property=\"og:type\" content=\"article\" \/>\n<meta property=\"og:title\" content=\"Network Orchestration &amp; Automation\" \/>\n<meta property=\"og:description\" content=\"Odine\u2019s voice management solution enables you to maximize your voice offerings with global real-time business visibility and performance.\" \/>\n<meta property=\"og:url\" content=\"https:\/\/odine.com\/tr\/odinelabs\/ai-driven-zero-touch-networking\/network-orchestration-automation\/\" \/>\n<meta property=\"og:site_name\" content=\"Odine\" \/>\n<meta property=\"article:modified_time\" content=\"2026-02-27T09:01:41+00:00\" \/>\n<meta name=\"twitter:card\" content=\"summary_large_image\" \/>\n<meta name=\"twitter:label1\" content=\"Tahmini okuma s\u00fcresi\" \/>\n\t<meta name=\"twitter:data1\" content=\"6 dakika\" \/>\n<script type=\"application\/ld+json\" class=\"yoast-schema-graph\">{\"@context\":\"https:\/\/schema.org\",\"@graph\":[{\"@type\":\"WebPage\",\"@id\":\"https:\/\/odine.com\/odinelabs\/ai-driven-zero-touch-networking\/network-orchestration-automation\/\",\"url\":\"https:\/\/odine.com\/odinelabs\/ai-driven-zero-touch-networking\/network-orchestration-automation\/\",\"name\":\"Network Orchestration & Automation | Odine\",\"isPartOf\":{\"@id\":\"https:\/\/odine.com\/#website\"},\"datePublished\":\"2025-08-17T16:25:32+00:00\",\"dateModified\":\"2026-02-27T09:01:41+00:00\",\"description\":\"Odine\u2019s voice management solution enables you to maximize your voice offerings with global real-time business visibility and performance.\",\"breadcrumb\":{\"@id\":\"https:\/\/odine.com\/odinelabs\/ai-driven-zero-touch-networking\/network-orchestration-automation\/#breadcrumb\"},\"inLanguage\":\"tr\",\"potentialAction\":[{\"@type\":\"ReadAction\",\"target\":[\"https:\/\/odine.com\/odinelabs\/ai-driven-zero-touch-networking\/network-orchestration-automation\/\"]}]},{\"@type\":\"BreadcrumbList\",\"@id\":\"https:\/\/odine.com\/odinelabs\/ai-driven-zero-touch-networking\/network-orchestration-automation\/#breadcrumb\",\"itemListElement\":[{\"@type\":\"ListItem\",\"position\":1,\"name\":\"Home\",\"item\":\"https:\/\/odine.com\/\"},{\"@type\":\"ListItem\",\"position\":2,\"name\":\"OdineLabs\",\"item\":\"https:\/\/odine.com\/odinelabs\/\"},{\"@type\":\"ListItem\",\"position\":3,\"name\":\"AI-Driven Zero-Touch Networking\",\"item\":\"https:\/\/odine.com\/odinelabs\/ai-driven-zero-touch-networking\/\"},{\"@type\":\"ListItem\",\"position\":4,\"name\":\"Network Orchestration &#038; Automation\"}]},{\"@type\":\"WebSite\",\"@id\":\"https:\/\/odine.com\/#website\",\"url\":\"https:\/\/odine.com\/\",\"name\":\"Odine\",\"description\":\"\",\"potentialAction\":[{\"@type\":\"SearchAction\",\"target\":{\"@type\":\"EntryPoint\",\"urlTemplate\":\"https:\/\/odine.com\/?s={search_term_string}\"},\"query-input\":{\"@type\":\"PropertyValueSpecification\",\"valueRequired\":true,\"valueName\":\"search_term_string\"}}],\"inLanguage\":\"tr\"}]}<\/script>\n<!-- \/ Yoast SEO Premium plugin. -->","yoast_head_json":{"title":"Network Orchestration & Automation | Odine","description":"Odine'nin ses y\u00f6netimi \u00e7\u00f6z\u00fcm\u00fc, Odine Orion, k\u00fcresel ger\u00e7ek zamanl\u0131 i\u015f g\u00f6r\u00fcn\u00fcrl\u00fc\u011f\u00fc ve performans\u0131yla ses tekliflerinizi en \u00fcst d\u00fczeye \u00e7\u0131karman\u0131za olanak tan\u0131r.","robots":{"index":"index","follow":"follow","max-snippet":"max-snippet:-1","max-image-preview":"max-image-preview:large","max-video-preview":"max-video-preview:-1"},"canonical":"https:\/\/odine.com\/tr\/odinelabs\/ai-driven-zero-touch-networking\/network-orchestration-automation\/","og_locale":"tr_TR","og_type":"article","og_title":"Network Orchestration & Automation","og_description":"Odine\u2019s voice management solution enables you to maximize your voice offerings with global real-time business visibility and performance.","og_url":"https:\/\/odine.com\/tr\/odinelabs\/ai-driven-zero-touch-networking\/network-orchestration-automation\/","og_site_name":"Odine","article_modified_time":"2026-02-27T09:01:41+00:00","twitter_card":"summary_large_image","twitter_misc":{"Tahmini okuma s\u00fcresi":"6 dakika"},"schema":{"@context":"https:\/\/schema.org","@graph":[{"@type":"WebPage","@id":"https:\/\/odine.com\/odinelabs\/ai-driven-zero-touch-networking\/network-orchestration-automation\/","url":"https:\/\/odine.com\/odinelabs\/ai-driven-zero-touch-networking\/network-orchestration-automation\/","name":"Network Orchestration & Automation | Odine","isPartOf":{"@id":"https:\/\/odine.com\/#website"},"datePublished":"2025-08-17T16:25:32+00:00","dateModified":"2026-02-27T09:01:41+00:00","description":"Odine'nin ses y\u00f6netimi \u00e7\u00f6z\u00fcm\u00fc, Odine Orion, k\u00fcresel ger\u00e7ek zamanl\u0131 i\u015f g\u00f6r\u00fcn\u00fcrl\u00fc\u011f\u00fc ve performans\u0131yla ses tekliflerinizi en \u00fcst d\u00fczeye \u00e7\u0131karman\u0131za olanak tan\u0131r.","breadcrumb":{"@id":"https:\/\/odine.com\/odinelabs\/ai-driven-zero-touch-networking\/network-orchestration-automation\/#breadcrumb"},"inLanguage":"tr","potentialAction":[{"@type":"ReadAction","target":["https:\/\/odine.com\/odinelabs\/ai-driven-zero-touch-networking\/network-orchestration-automation\/"]}]},{"@type":"BreadcrumbList","@id":"https:\/\/odine.com\/odinelabs\/ai-driven-zero-touch-networking\/network-orchestration-automation\/#breadcrumb","itemListElement":[{"@type":"ListItem","position":1,"name":"Home","item":"https:\/\/odine.com\/"},{"@type":"ListItem","position":2,"name":"OdineLabs","item":"https:\/\/odine.com\/odinelabs\/"},{"@type":"ListItem","position":3,"name":"AI-Driven Zero-Touch Networking","item":"https:\/\/odine.com\/odinelabs\/ai-driven-zero-touch-networking\/"},{"@type":"ListItem","position":4,"name":"Network Orchestration &#038; Automation"}]},{"@type":"WebSite","@id":"https:\/\/odine.com\/#website","url":"https:\/\/odine.com\/","name":"Odine","description":"","potentialAction":[{"@type":"SearchAction","target":{"@type":"EntryPoint","urlTemplate":"https:\/\/odine.com\/?s={search_term_string}"},"query-input":{"@type":"PropertyValueSpecification","valueRequired":true,"valueName":"search_term_string"}}],"inLanguage":"tr"}]}},"_links":{"self":[{"href":"https:\/\/odine.com\/tr\/wp-json\/wp\/v2\/pages\/6277","targetHints":{"allow":["GET"]}}],"collection":[{"href":"https:\/\/odine.com\/tr\/wp-json\/wp\/v2\/pages"}],"about":[{"href":"https:\/\/odine.com\/tr\/wp-json\/wp\/v2\/types\/page"}],"author":[{"embeddable":true,"href":"https:\/\/odine.com\/tr\/wp-json\/wp\/v2\/users\/1"}],"replies":[{"embeddable":true,"href":"https:\/\/odine.com\/tr\/wp-json\/wp\/v2\/comments?post=6277"}],"version-history":[{"count":0,"href":"https:\/\/odine.com\/tr\/wp-json\/wp\/v2\/pages\/6277\/revisions"}],"up":[{"embeddable":true,"href":"https:\/\/odine.com\/tr\/wp-json\/wp\/v2\/pages\/6247"}],"wp:attachment":[{"href":"https:\/\/odine.com\/tr\/wp-json\/wp\/v2\/media?parent=6277"}],"curies":[{"name":"wp","href":"https:\/\/api.w.org\/{rel}","templated":true}]}}