{"id":6034,"date":"2025-08-15T20:37:01","date_gmt":"2025-08-15T19:37:01","guid":{"rendered":"https:\/\/staging2.odine.com\/?page_id=6034"},"modified":"2026-02-27T09:00:11","modified_gmt":"2026-02-27T09:00:11","slug":"innovation-product-development","status":"publish","type":"page","link":"https:\/\/odine.com\/tr\/what-we-do\/capabilities\/innovation-product-development\/","title":{"rendered":"\u0130novasyon ve \u00dcr\u00fcn Geli\u015ftirme"},"content":{"rendered":"","protected":false},"excerpt":{"rendered":"","protected":false},"author":1,"featured_media":0,"parent":2590,"menu_order":0,"comment_status":"closed","ping_status":"closed","template":"","meta":{"_acf_changed":false,"footnotes":"","_links_to":"","_links_to_target":""},"class_list":["post-6034","page","type-page","status-publish","hentry"],"acf":[],"yoast_head":"<!-- This site is optimized with the Yoast SEO Premium plugin v20.7 (Yoast SEO v25.7) - https:\/\/yoast.com\/wordpress\/plugins\/seo\/ -->\n<title>AI-Driven Product Development | Odine<\/title>\n<meta name=\"description\" content=\"Design your network and services in more innovative and efficient ways with Odine\u2019s holistic virtualization as a service.\" \/>\n<meta name=\"robots\" content=\"index, follow, max-snippet:-1, max-image-preview:large, max-video-preview:-1\" \/>\n<link rel=\"canonical\" href=\"https:\/\/odine.com\/tr\/what-we-do\/capabilities\/innovation-product-development\/\" \/>\n<meta property=\"og:locale\" content=\"tr_TR\" \/>\n<meta property=\"og:type\" content=\"article\" \/>\n<meta property=\"og:title\" content=\"Innovation &amp; Product Development\" \/>\n<meta property=\"og:description\" content=\"Design your network and services in more innovative and efficient ways with Odine\u2019s holistic virtualization as a service.\" \/>\n<meta property=\"og:url\" content=\"https:\/\/odine.com\/tr\/what-we-do\/capabilities\/innovation-product-development\/\" \/>\n<meta property=\"og:site_name\" content=\"Odine\" \/>\n<meta property=\"article:modified_time\" content=\"2026-02-27T09:00:11+00:00\" \/>\n<meta name=\"twitter:card\" content=\"summary_large_image\" \/>\n<meta name=\"twitter:label1\" content=\"Tahmini okuma s\u00fcresi\" \/>\n\t<meta name=\"twitter:data1\" content=\"6 dakika\" \/>\n<script type=\"application\/ld+json\" class=\"yoast-schema-graph\">{\"@context\":\"https:\/\/schema.org\",\"@graph\":[{\"@type\":\"WebPage\",\"@id\":\"https:\/\/odine.com\/what-we-do\/capabilities\/innovation-product-development\/\",\"url\":\"https:\/\/odine.com\/what-we-do\/capabilities\/innovation-product-development\/\",\"name\":\"AI-Driven Product Development | Odine\",\"isPartOf\":{\"@id\":\"https:\/\/odine.com\/#website\"},\"datePublished\":\"2025-08-15T19:37:01+00:00\",\"dateModified\":\"2026-02-27T09:00:11+00:00\",\"description\":\"Design your network and services in more innovative and efficient ways with Odine\u2019s holistic virtualization as a service.\",\"breadcrumb\":{\"@id\":\"https:\/\/odine.com\/what-we-do\/capabilities\/innovation-product-development\/#breadcrumb\"},\"inLanguage\":\"tr\",\"potentialAction\":[{\"@type\":\"ReadAction\",\"target\":[\"https:\/\/odine.com\/what-we-do\/capabilities\/innovation-product-development\/\"]}]},{\"@type\":\"BreadcrumbList\",\"@id\":\"https:\/\/odine.com\/what-we-do\/capabilities\/innovation-product-development\/#breadcrumb\",\"itemListElement\":[{\"@type\":\"ListItem\",\"position\":1,\"name\":\"Home\",\"item\":\"https:\/\/odine.com\/\"},{\"@type\":\"ListItem\",\"position\":2,\"name\":\"What We Do\",\"item\":\"https:\/\/odine.com\/what-we-do\/\"},{\"@type\":\"ListItem\",\"position\":3,\"name\":\"Capabilities\",\"item\":\"https:\/\/odine.com\/what-we-do\/capabilities\/\"},{\"@type\":\"ListItem\",\"position\":4,\"name\":\"Innovation &#038; Product Development\"}]},{\"@type\":\"WebSite\",\"@id\":\"https:\/\/odine.com\/#website\",\"url\":\"https:\/\/odine.com\/\",\"name\":\"Odine\",\"description\":\"\",\"potentialAction\":[{\"@type\":\"SearchAction\",\"target\":{\"@type\":\"EntryPoint\",\"urlTemplate\":\"https:\/\/odine.com\/?s={search_term_string}\"},\"query-input\":{\"@type\":\"PropertyValueSpecification\",\"valueRequired\":true,\"valueName\":\"search_term_string\"}}],\"inLanguage\":\"tr\"}]}<\/script>\n<!-- \/ Yoast SEO Premium plugin. -->","yoast_head_json":{"title":"AI-Driven Product Development | Odine","description":"Odine, b\u00fct\u00fcnle\u015fik sanalla\u015ft\u0131r\u0131lm\u0131\u015f \u015febeke fonksiyonlar\u0131 y\u00f6ntemiyle \u015febekenizi ve servislerinizi devreye alman\u0131za olanak sa\u011flar.","robots":{"index":"index","follow":"follow","max-snippet":"max-snippet:-1","max-image-preview":"max-image-preview:large","max-video-preview":"max-video-preview:-1"},"canonical":"https:\/\/odine.com\/tr\/what-we-do\/capabilities\/innovation-product-development\/","og_locale":"tr_TR","og_type":"article","og_title":"Innovation & Product Development","og_description":"Design your network and services in more innovative and efficient ways with Odine\u2019s holistic virtualization as a service.","og_url":"https:\/\/odine.com\/tr\/what-we-do\/capabilities\/innovation-product-development\/","og_site_name":"Odine","article_modified_time":"2026-02-27T09:00:11+00:00","twitter_card":"summary_large_image","twitter_misc":{"Tahmini okuma s\u00fcresi":"6 dakika"},"schema":{"@context":"https:\/\/schema.org","@graph":[{"@type":"WebPage","@id":"https:\/\/odine.com\/what-we-do\/capabilities\/innovation-product-development\/","url":"https:\/\/odine.com\/what-we-do\/capabilities\/innovation-product-development\/","name":"AI-Driven Product Development | Odine","isPartOf":{"@id":"https:\/\/odine.com\/#website"},"datePublished":"2025-08-15T19:37:01+00:00","dateModified":"2026-02-27T09:00:11+00:00","description":"Odine, b\u00fct\u00fcnle\u015fik sanalla\u015ft\u0131r\u0131lm\u0131\u015f \u015febeke fonksiyonlar\u0131 y\u00f6ntemiyle \u015febekenizi ve servislerinizi devreye alman\u0131za olanak sa\u011flar.","breadcrumb":{"@id":"https:\/\/odine.com\/what-we-do\/capabilities\/innovation-product-development\/#breadcrumb"},"inLanguage":"tr","potentialAction":[{"@type":"ReadAction","target":["https:\/\/odine.com\/what-we-do\/capabilities\/innovation-product-development\/"]}]},{"@type":"BreadcrumbList","@id":"https:\/\/odine.com\/what-we-do\/capabilities\/innovation-product-development\/#breadcrumb","itemListElement":[{"@type":"ListItem","position":1,"name":"Home","item":"https:\/\/odine.com\/"},{"@type":"ListItem","position":2,"name":"What We Do","item":"https:\/\/odine.com\/what-we-do\/"},{"@type":"ListItem","position":3,"name":"Capabilities","item":"https:\/\/odine.com\/what-we-do\/capabilities\/"},{"@type":"ListItem","position":4,"name":"Innovation &#038; Product Development"}]},{"@type":"WebSite","@id":"https:\/\/odine.com\/#website","url":"https:\/\/odine.com\/","name":"Odine","description":"","potentialAction":[{"@type":"SearchAction","target":{"@type":"EntryPoint","urlTemplate":"https:\/\/odine.com\/?s={search_term_string}"},"query-input":{"@type":"PropertyValueSpecification","valueRequired":true,"valueName":"search_term_string"}}],"inLanguage":"tr"}]}},"_links":{"self":[{"href":"https:\/\/odine.com\/tr\/wp-json\/wp\/v2\/pages\/6034","targetHints":{"allow":["GET"]}}],"collection":[{"href":"https:\/\/odine.com\/tr\/wp-json\/wp\/v2\/pages"}],"about":[{"href":"https:\/\/odine.com\/tr\/wp-json\/wp\/v2\/types\/page"}],"author":[{"embeddable":true,"href":"https:\/\/odine.com\/tr\/wp-json\/wp\/v2\/users\/1"}],"replies":[{"embeddable":true,"href":"https:\/\/odine.com\/tr\/wp-json\/wp\/v2\/comments?post=6034"}],"version-history":[{"count":0,"href":"https:\/\/odine.com\/tr\/wp-json\/wp\/v2\/pages\/6034\/revisions"}],"up":[{"embeddable":true,"href":"https:\/\/odine.com\/tr\/wp-json\/wp\/v2\/pages\/2590"}],"wp:attachment":[{"href":"https:\/\/odine.com\/tr\/wp-json\/wp\/v2\/media?parent=6034"}],"curies":[{"name":"wp","href":"https:\/\/api.w.org\/{rel}","templated":true}]}}