{"id":6002,"date":"2025-08-15T23:56:11","date_gmt":"2025-08-15T22:56:11","guid":{"rendered":"https:\/\/staging2.odine.com\/?page_id=6002"},"modified":"2026-02-27T13:47:04","modified_gmt":"2026-02-27T13:47:04","slug":"what-we-do","status":"publish","type":"page","link":"https:\/\/odine.com\/tr\/what-we-do\/","title":{"rendered":"Neler Yap\u0131yoruz"},"content":{"rendered":"","protected":false},"excerpt":{"rendered":"","protected":false},"author":1,"featured_media":0,"parent":0,"menu_order":0,"comment_status":"closed","ping_status":"closed","template":"","meta":{"_acf_changed":false,"footnotes":"","_links_to":"","_links_to_target":""},"class_list":["post-6002","page","type-page","status-publish","hentry"],"acf":[],"yoast_head":"<!-- This site is optimized with the Yoast SEO Premium plugin v20.7 (Yoast SEO v25.7) - https:\/\/yoast.com\/wordpress\/plugins\/seo\/ -->\n<title>Odine | Sustainable Transformation<\/title>\n<meta name=\"description\" content=\"Odine supports organizations in transforming legacy systems into future-ready virtualized architectures, leveraging AI-driven technologies.\" \/>\n<meta name=\"robots\" content=\"index, follow, max-snippet:-1, max-image-preview:large, max-video-preview:-1\" \/>\n<link rel=\"canonical\" href=\"https:\/\/odine.com\/tr\/what-we-do\/\" \/>\n<meta property=\"og:locale\" content=\"tr_TR\" \/>\n<meta property=\"og:type\" content=\"article\" \/>\n<meta property=\"og:title\" content=\"What We Do\" \/>\n<meta property=\"og:description\" content=\"Odine supports organizations in transforming legacy systems into future-ready virtualized architectures, leveraging AI-driven technologies.\" \/>\n<meta property=\"og:url\" content=\"https:\/\/odine.com\/tr\/what-we-do\/\" \/>\n<meta property=\"og:site_name\" content=\"Odine\" \/>\n<meta property=\"article:modified_time\" content=\"2026-02-27T13:47:04+00:00\" \/>\n<meta name=\"twitter:card\" content=\"summary_large_image\" \/>\n<meta name=\"twitter:label1\" content=\"Tahmini okuma s\u00fcresi\" \/>\n\t<meta name=\"twitter:data1\" content=\"4 dakika\" \/>\n<script type=\"application\/ld+json\" class=\"yoast-schema-graph\">{\"@context\":\"https:\/\/schema.org\",\"@graph\":[{\"@type\":\"WebPage\",\"@id\":\"https:\/\/odine.com\/what-we-do\/\",\"url\":\"https:\/\/odine.com\/what-we-do\/\",\"name\":\"Odine | Sustainable Transformation\",\"isPartOf\":{\"@id\":\"https:\/\/odine.com\/#website\"},\"datePublished\":\"2025-08-15T22:56:11+00:00\",\"dateModified\":\"2026-02-27T13:47:04+00:00\",\"description\":\"Odine supports organizations in transforming legacy systems into future-ready virtualized architectures, leveraging AI-driven technologies.\",\"breadcrumb\":{\"@id\":\"https:\/\/odine.com\/what-we-do\/#breadcrumb\"},\"inLanguage\":\"tr\",\"potentialAction\":[{\"@type\":\"ReadAction\",\"target\":[\"https:\/\/odine.com\/what-we-do\/\"]}]},{\"@type\":\"BreadcrumbList\",\"@id\":\"https:\/\/odine.com\/what-we-do\/#breadcrumb\",\"itemListElement\":[{\"@type\":\"ListItem\",\"position\":1,\"name\":\"Home\",\"item\":\"https:\/\/odine.com\/\"},{\"@type\":\"ListItem\",\"position\":2,\"name\":\"What We Do\"}]},{\"@type\":\"WebSite\",\"@id\":\"https:\/\/odine.com\/#website\",\"url\":\"https:\/\/odine.com\/\",\"name\":\"Odine\",\"description\":\"\",\"potentialAction\":[{\"@type\":\"SearchAction\",\"target\":{\"@type\":\"EntryPoint\",\"urlTemplate\":\"https:\/\/odine.com\/?s={search_term_string}\"},\"query-input\":{\"@type\":\"PropertyValueSpecification\",\"valueRequired\":true,\"valueName\":\"search_term_string\"}}],\"inLanguage\":\"tr\"}]}<\/script>\n<!-- \/ Yoast SEO Premium plugin. -->","yoast_head_json":{"title":"Odine | S\u00fcrd\u00fcr\u00fclebilir Telekom D\u00f6n\u00fc\u015f\u00fcm\u00fc","description":"Odine supports organizations in transforming legacy systems into future-ready virtualized architectures, leveraging AI-driven technologies.","robots":{"index":"index","follow":"follow","max-snippet":"max-snippet:-1","max-image-preview":"max-image-preview:large","max-video-preview":"max-video-preview:-1"},"canonical":"https:\/\/odine.com\/tr\/what-we-do\/","og_locale":"tr_TR","og_type":"article","og_title":"What We Do","og_description":"Odine supports organizations in transforming legacy systems into future-ready virtualized architectures, leveraging AI-driven technologies.","og_url":"https:\/\/odine.com\/tr\/what-we-do\/","og_site_name":"Odine","article_modified_time":"2026-02-27T13:47:04+00:00","twitter_card":"summary_large_image","twitter_misc":{"Tahmini okuma s\u00fcresi":"4 dakika"},"schema":{"@context":"https:\/\/schema.org","@graph":[{"@type":"WebPage","@id":"https:\/\/odine.com\/what-we-do\/","url":"https:\/\/odine.com\/what-we-do\/","name":"Odine | S\u00fcrd\u00fcr\u00fclebilir Telekom D\u00f6n\u00fc\u015f\u00fcm\u00fc","isPartOf":{"@id":"https:\/\/odine.com\/#website"},"datePublished":"2025-08-15T22:56:11+00:00","dateModified":"2026-02-27T13:47:04+00:00","description":"Odine supports organizations in transforming legacy systems into future-ready virtualized architectures, leveraging AI-driven technologies.","breadcrumb":{"@id":"https:\/\/odine.com\/what-we-do\/#breadcrumb"},"inLanguage":"tr","potentialAction":[{"@type":"ReadAction","target":["https:\/\/odine.com\/what-we-do\/"]}]},{"@type":"BreadcrumbList","@id":"https:\/\/odine.com\/what-we-do\/#breadcrumb","itemListElement":[{"@type":"ListItem","position":1,"name":"Home","item":"https:\/\/odine.com\/"},{"@type":"ListItem","position":2,"name":"What We Do"}]},{"@type":"WebSite","@id":"https:\/\/odine.com\/#website","url":"https:\/\/odine.com\/","name":"Odine","description":"","potentialAction":[{"@type":"SearchAction","target":{"@type":"EntryPoint","urlTemplate":"https:\/\/odine.com\/?s={search_term_string}"},"query-input":{"@type":"PropertyValueSpecification","valueRequired":true,"valueName":"search_term_string"}}],"inLanguage":"tr"}]}},"_links":{"self":[{"href":"https:\/\/odine.com\/tr\/wp-json\/wp\/v2\/pages\/6002","targetHints":{"allow":["GET"]}}],"collection":[{"href":"https:\/\/odine.com\/tr\/wp-json\/wp\/v2\/pages"}],"about":[{"href":"https:\/\/odine.com\/tr\/wp-json\/wp\/v2\/types\/page"}],"author":[{"embeddable":true,"href":"https:\/\/odine.com\/tr\/wp-json\/wp\/v2\/users\/1"}],"replies":[{"embeddable":true,"href":"https:\/\/odine.com\/tr\/wp-json\/wp\/v2\/comments?post=6002"}],"version-history":[{"count":0,"href":"https:\/\/odine.com\/tr\/wp-json\/wp\/v2\/pages\/6002\/revisions"}],"wp:attachment":[{"href":"https:\/\/odine.com\/tr\/wp-json\/wp\/v2\/media?parent=6002"}],"curies":[{"name":"wp","href":"https:\/\/api.w.org\/{rel}","templated":true}]}}