{"id":5655,"date":"2025-08-11T12:27:49","date_gmt":"2025-08-11T11:27:49","guid":{"rendered":"https:\/\/staging2.odine.com\/?page_id=5655"},"modified":"2026-02-26T22:32:32","modified_gmt":"2026-02-26T22:32:32","slug":"telecommunications","status":"publish","type":"page","link":"https:\/\/odine.com\/tr\/what-we-do\/industries\/telecommunications\/","title":{"rendered":"Telekom\u00fcnikasyon"},"content":{"rendered":"","protected":false},"excerpt":{"rendered":"","protected":false},"author":1,"featured_media":0,"parent":5602,"menu_order":0,"comment_status":"closed","ping_status":"closed","template":"","meta":{"_acf_changed":false,"footnotes":"","_links_to":"","_links_to_target":""},"class_list":["post-5655","page","type-page","status-publish","hentry"],"acf":[],"yoast_head":"<!-- This site is optimized with the Yoast SEO Premium plugin v20.7 (Yoast SEO v25.7) - https:\/\/yoast.com\/wordpress\/plugins\/seo\/ -->\n<title>Telecommunications | Odine<\/title>\n<meta name=\"description\" content=\"Odine can support you to migrate your infrastructure into the cloud with ease, building a highly efficient virtualized ecosystem.\" \/>\n<meta name=\"robots\" content=\"index, follow, max-snippet:-1, max-image-preview:large, max-video-preview:-1\" \/>\n<link rel=\"canonical\" href=\"https:\/\/odine.com\/tr\/what-we-do\/industries\/telecommunications\/\" \/>\n<meta property=\"og:locale\" content=\"tr_TR\" \/>\n<meta property=\"og:type\" content=\"article\" \/>\n<meta property=\"og:title\" content=\"Telecommunications\" \/>\n<meta property=\"og:description\" content=\"Odine can support you to migrate your infrastructure into the cloud with ease, building a highly efficient virtualized ecosystem.\" \/>\n<meta property=\"og:url\" content=\"https:\/\/odine.com\/tr\/what-we-do\/industries\/telecommunications\/\" \/>\n<meta property=\"og:site_name\" content=\"Odine\" \/>\n<meta property=\"article:modified_time\" content=\"2026-02-26T22:32:32+00:00\" \/>\n<meta name=\"twitter:card\" content=\"summary_large_image\" \/>\n<meta name=\"twitter:label1\" content=\"Tahmini okuma s\u00fcresi\" \/>\n\t<meta name=\"twitter:data1\" content=\"7 dakika\" \/>\n<script type=\"application\/ld+json\" class=\"yoast-schema-graph\">{\"@context\":\"https:\/\/schema.org\",\"@graph\":[{\"@type\":\"WebPage\",\"@id\":\"https:\/\/odine.com\/what-we-do\/industries\/telecommunications\/\",\"url\":\"https:\/\/odine.com\/what-we-do\/industries\/telecommunications\/\",\"name\":\"Telecommunications | Odine\",\"isPartOf\":{\"@id\":\"https:\/\/odine.com\/#website\"},\"datePublished\":\"2025-08-11T11:27:49+00:00\",\"dateModified\":\"2026-02-26T22:32:32+00:00\",\"description\":\"Odine can support you to migrate your infrastructure into the cloud with ease, building a highly efficient virtualized ecosystem.\",\"breadcrumb\":{\"@id\":\"https:\/\/odine.com\/what-we-do\/industries\/telecommunications\/#breadcrumb\"},\"inLanguage\":\"tr\",\"potentialAction\":[{\"@type\":\"ReadAction\",\"target\":[\"https:\/\/odine.com\/what-we-do\/industries\/telecommunications\/\"]}]},{\"@type\":\"BreadcrumbList\",\"@id\":\"https:\/\/odine.com\/what-we-do\/industries\/telecommunications\/#breadcrumb\",\"itemListElement\":[{\"@type\":\"ListItem\",\"position\":1,\"name\":\"Home\",\"item\":\"https:\/\/odine.com\/\"},{\"@type\":\"ListItem\",\"position\":2,\"name\":\"What We Do\",\"item\":\"https:\/\/odine.com\/what-we-do\/\"},{\"@type\":\"ListItem\",\"position\":3,\"name\":\"Industries\",\"item\":\"https:\/\/odine.com\/what-we-do\/industries\/\"},{\"@type\":\"ListItem\",\"position\":4,\"name\":\"Telecommunications\"}]},{\"@type\":\"WebSite\",\"@id\":\"https:\/\/odine.com\/#website\",\"url\":\"https:\/\/odine.com\/\",\"name\":\"Odine\",\"description\":\"\",\"potentialAction\":[{\"@type\":\"SearchAction\",\"target\":{\"@type\":\"EntryPoint\",\"urlTemplate\":\"https:\/\/odine.com\/?s={search_term_string}\"},\"query-input\":{\"@type\":\"PropertyValueSpecification\",\"valueRequired\":true,\"valueName\":\"search_term_string\"}}],\"inLanguage\":\"tr\"}]}<\/script>\n<!-- \/ Yoast SEO Premium plugin. -->","yoast_head_json":{"title":"Telecommunications | Odine","description":"Odine, mevcut geleneksel altyap\u0131n\u0131z\u0131n buluta d\u00f6n\u00fc\u015f\u00fcm\u00fc konusunda sizlere yard\u0131mc\u0131 olarak, daha verimli sanal mimari temelli bir ekosistem kurman\u0131za ve bunu harmoni ile y\u00f6netmenize yard\u0131mc\u0131 olur.","robots":{"index":"index","follow":"follow","max-snippet":"max-snippet:-1","max-image-preview":"max-image-preview:large","max-video-preview":"max-video-preview:-1"},"canonical":"https:\/\/odine.com\/tr\/what-we-do\/industries\/telecommunications\/","og_locale":"tr_TR","og_type":"article","og_title":"Telecommunications","og_description":"Odine can support you to migrate your infrastructure into the cloud with ease, building a highly efficient virtualized ecosystem.","og_url":"https:\/\/odine.com\/tr\/what-we-do\/industries\/telecommunications\/","og_site_name":"Odine","article_modified_time":"2026-02-26T22:32:32+00:00","twitter_card":"summary_large_image","twitter_misc":{"Tahmini okuma s\u00fcresi":"7 dakika"},"schema":{"@context":"https:\/\/schema.org","@graph":[{"@type":"WebPage","@id":"https:\/\/odine.com\/what-we-do\/industries\/telecommunications\/","url":"https:\/\/odine.com\/what-we-do\/industries\/telecommunications\/","name":"Telecommunications | Odine","isPartOf":{"@id":"https:\/\/odine.com\/#website"},"datePublished":"2025-08-11T11:27:49+00:00","dateModified":"2026-02-26T22:32:32+00:00","description":"Odine, mevcut geleneksel altyap\u0131n\u0131z\u0131n buluta d\u00f6n\u00fc\u015f\u00fcm\u00fc konusunda sizlere yard\u0131mc\u0131 olarak, daha verimli sanal mimari temelli bir ekosistem kurman\u0131za ve bunu harmoni ile y\u00f6netmenize yard\u0131mc\u0131 olur.","breadcrumb":{"@id":"https:\/\/odine.com\/what-we-do\/industries\/telecommunications\/#breadcrumb"},"inLanguage":"tr","potentialAction":[{"@type":"ReadAction","target":["https:\/\/odine.com\/what-we-do\/industries\/telecommunications\/"]}]},{"@type":"BreadcrumbList","@id":"https:\/\/odine.com\/what-we-do\/industries\/telecommunications\/#breadcrumb","itemListElement":[{"@type":"ListItem","position":1,"name":"Home","item":"https:\/\/odine.com\/"},{"@type":"ListItem","position":2,"name":"What We Do","item":"https:\/\/odine.com\/what-we-do\/"},{"@type":"ListItem","position":3,"name":"Industries","item":"https:\/\/odine.com\/what-we-do\/industries\/"},{"@type":"ListItem","position":4,"name":"Telecommunications"}]},{"@type":"WebSite","@id":"https:\/\/odine.com\/#website","url":"https:\/\/odine.com\/","name":"Odine","description":"","potentialAction":[{"@type":"SearchAction","target":{"@type":"EntryPoint","urlTemplate":"https:\/\/odine.com\/?s={search_term_string}"},"query-input":{"@type":"PropertyValueSpecification","valueRequired":true,"valueName":"search_term_string"}}],"inLanguage":"tr"}]}},"_links":{"self":[{"href":"https:\/\/odine.com\/tr\/wp-json\/wp\/v2\/pages\/5655","targetHints":{"allow":["GET"]}}],"collection":[{"href":"https:\/\/odine.com\/tr\/wp-json\/wp\/v2\/pages"}],"about":[{"href":"https:\/\/odine.com\/tr\/wp-json\/wp\/v2\/types\/page"}],"author":[{"embeddable":true,"href":"https:\/\/odine.com\/tr\/wp-json\/wp\/v2\/users\/1"}],"replies":[{"embeddable":true,"href":"https:\/\/odine.com\/tr\/wp-json\/wp\/v2\/comments?post=5655"}],"version-history":[{"count":0,"href":"https:\/\/odine.com\/tr\/wp-json\/wp\/v2\/pages\/5655\/revisions"}],"up":[{"embeddable":true,"href":"https:\/\/odine.com\/tr\/wp-json\/wp\/v2\/pages\/5602"}],"wp:attachment":[{"href":"https:\/\/odine.com\/tr\/wp-json\/wp\/v2\/media?parent=5655"}],"curies":[{"name":"wp","href":"https:\/\/api.w.org\/{rel}","templated":true}]}}