{"id":5602,"date":"2025-08-10T21:11:34","date_gmt":"2025-08-10T20:11:34","guid":{"rendered":"https:\/\/staging2.odine.com\/?page_id=5602"},"modified":"2026-02-26T21:42:32","modified_gmt":"2026-02-26T21:42:32","slug":"industries","status":"publish","type":"page","link":"https:\/\/odine.com\/tr\/what-we-do\/industries\/","title":{"rendered":"Sekt\u00f6rler"},"content":{"rendered":"","protected":false},"excerpt":{"rendered":"","protected":false},"author":1,"featured_media":0,"parent":6002,"menu_order":0,"comment_status":"closed","ping_status":"closed","template":"","meta":{"_acf_changed":false,"footnotes":"","_links_to":"","_links_to_target":""},"class_list":["post-5602","page","type-page","status-publish","hentry"],"acf":[],"yoast_head":"<!-- This site is optimized with the Yoast SEO Premium plugin v20.7 (Yoast SEO v25.7) - https:\/\/yoast.com\/wordpress\/plugins\/seo\/ -->\n<title>Industries | Odine<\/title>\n<meta name=\"description\" content=\"Odine provides a suite of excellent telecoms services, built on our technical expertise and sector-leading experience as a telecoms partner.\" \/>\n<meta name=\"robots\" content=\"index, follow, max-snippet:-1, max-image-preview:large, max-video-preview:-1\" \/>\n<link rel=\"canonical\" href=\"https:\/\/odine.com\/tr\/what-we-do\/industries\/\" \/>\n<meta property=\"og:locale\" content=\"tr_TR\" \/>\n<meta property=\"og:type\" content=\"article\" \/>\n<meta property=\"og:title\" content=\"Industries\" \/>\n<meta property=\"og:description\" content=\"Odine provides a suite of excellent telecoms services, built on our technical expertise and sector-leading experience as a telecoms partner.\" \/>\n<meta property=\"og:url\" content=\"https:\/\/odine.com\/tr\/what-we-do\/industries\/\" \/>\n<meta property=\"og:site_name\" content=\"Odine\" \/>\n<meta property=\"article:modified_time\" content=\"2026-02-26T21:42:32+00:00\" \/>\n<meta name=\"twitter:card\" content=\"summary_large_image\" \/>\n<meta name=\"twitter:label1\" content=\"Tahmini okuma s\u00fcresi\" \/>\n\t<meta name=\"twitter:data1\" content=\"3 dakika\" \/>\n<script type=\"application\/ld+json\" class=\"yoast-schema-graph\">{\"@context\":\"https:\/\/schema.org\",\"@graph\":[{\"@type\":\"WebPage\",\"@id\":\"https:\/\/odine.com\/what-we-do\/industries\/\",\"url\":\"https:\/\/odine.com\/what-we-do\/industries\/\",\"name\":\"Industries | Odine\",\"isPartOf\":{\"@id\":\"https:\/\/odine.com\/#website\"},\"datePublished\":\"2025-08-10T20:11:34+00:00\",\"dateModified\":\"2026-02-26T21:42:32+00:00\",\"description\":\"Odine provides a suite of excellent telecoms services, built on our technical expertise and sector-leading experience as a telecoms partner.\",\"breadcrumb\":{\"@id\":\"https:\/\/odine.com\/what-we-do\/industries\/#breadcrumb\"},\"inLanguage\":\"tr\",\"potentialAction\":[{\"@type\":\"ReadAction\",\"target\":[\"https:\/\/odine.com\/what-we-do\/industries\/\"]}]},{\"@type\":\"BreadcrumbList\",\"@id\":\"https:\/\/odine.com\/what-we-do\/industries\/#breadcrumb\",\"itemListElement\":[{\"@type\":\"ListItem\",\"position\":1,\"name\":\"Home\",\"item\":\"https:\/\/odine.com\/\"},{\"@type\":\"ListItem\",\"position\":2,\"name\":\"What We Do\",\"item\":\"https:\/\/odine.com\/what-we-do\/\"},{\"@type\":\"ListItem\",\"position\":3,\"name\":\"Industries\"}]},{\"@type\":\"WebSite\",\"@id\":\"https:\/\/odine.com\/#website\",\"url\":\"https:\/\/odine.com\/\",\"name\":\"Odine\",\"description\":\"\",\"potentialAction\":[{\"@type\":\"SearchAction\",\"target\":{\"@type\":\"EntryPoint\",\"urlTemplate\":\"https:\/\/odine.com\/?s={search_term_string}\"},\"query-input\":{\"@type\":\"PropertyValueSpecification\",\"valueRequired\":true,\"valueName\":\"search_term_string\"}}],\"inLanguage\":\"tr\"}]}<\/script>\n<!-- \/ Yoast SEO Premium plugin. -->","yoast_head_json":{"title":"Industries | Odine","description":"Odine telekom\u00fcnikasyon sekt\u00f6r\u00fcndeki lider deneyimini teknik uzmanl\u0131\u011f\u0131 ile  birle\u015ftirilerek u\u00e7tan uca telekom\u00fcnikasyon hizmetleri sunmaktad\u0131r.","robots":{"index":"index","follow":"follow","max-snippet":"max-snippet:-1","max-image-preview":"max-image-preview:large","max-video-preview":"max-video-preview:-1"},"canonical":"https:\/\/odine.com\/tr\/what-we-do\/industries\/","og_locale":"tr_TR","og_type":"article","og_title":"Industries","og_description":"Odine provides a suite of excellent telecoms services, built on our technical expertise and sector-leading experience as a telecoms partner.","og_url":"https:\/\/odine.com\/tr\/what-we-do\/industries\/","og_site_name":"Odine","article_modified_time":"2026-02-26T21:42:32+00:00","twitter_card":"summary_large_image","twitter_misc":{"Tahmini okuma s\u00fcresi":"3 dakika"},"schema":{"@context":"https:\/\/schema.org","@graph":[{"@type":"WebPage","@id":"https:\/\/odine.com\/what-we-do\/industries\/","url":"https:\/\/odine.com\/what-we-do\/industries\/","name":"Industries | Odine","isPartOf":{"@id":"https:\/\/odine.com\/#website"},"datePublished":"2025-08-10T20:11:34+00:00","dateModified":"2026-02-26T21:42:32+00:00","description":"Odine telekom\u00fcnikasyon sekt\u00f6r\u00fcndeki lider deneyimini teknik uzmanl\u0131\u011f\u0131 ile  birle\u015ftirilerek u\u00e7tan uca telekom\u00fcnikasyon hizmetleri sunmaktad\u0131r.","breadcrumb":{"@id":"https:\/\/odine.com\/what-we-do\/industries\/#breadcrumb"},"inLanguage":"tr","potentialAction":[{"@type":"ReadAction","target":["https:\/\/odine.com\/what-we-do\/industries\/"]}]},{"@type":"BreadcrumbList","@id":"https:\/\/odine.com\/what-we-do\/industries\/#breadcrumb","itemListElement":[{"@type":"ListItem","position":1,"name":"Home","item":"https:\/\/odine.com\/"},{"@type":"ListItem","position":2,"name":"What We Do","item":"https:\/\/odine.com\/what-we-do\/"},{"@type":"ListItem","position":3,"name":"Industries"}]},{"@type":"WebSite","@id":"https:\/\/odine.com\/#website","url":"https:\/\/odine.com\/","name":"Odine","description":"","potentialAction":[{"@type":"SearchAction","target":{"@type":"EntryPoint","urlTemplate":"https:\/\/odine.com\/?s={search_term_string}"},"query-input":{"@type":"PropertyValueSpecification","valueRequired":true,"valueName":"search_term_string"}}],"inLanguage":"tr"}]}},"_links":{"self":[{"href":"https:\/\/odine.com\/tr\/wp-json\/wp\/v2\/pages\/5602","targetHints":{"allow":["GET"]}}],"collection":[{"href":"https:\/\/odine.com\/tr\/wp-json\/wp\/v2\/pages"}],"about":[{"href":"https:\/\/odine.com\/tr\/wp-json\/wp\/v2\/types\/page"}],"author":[{"embeddable":true,"href":"https:\/\/odine.com\/tr\/wp-json\/wp\/v2\/users\/1"}],"replies":[{"embeddable":true,"href":"https:\/\/odine.com\/tr\/wp-json\/wp\/v2\/comments?post=5602"}],"version-history":[{"count":0,"href":"https:\/\/odine.com\/tr\/wp-json\/wp\/v2\/pages\/5602\/revisions"}],"up":[{"embeddable":true,"href":"https:\/\/odine.com\/tr\/wp-json\/wp\/v2\/pages\/6002"}],"wp:attachment":[{"href":"https:\/\/odine.com\/tr\/wp-json\/wp\/v2\/media?parent=5602"}],"curies":[{"name":"wp","href":"https:\/\/api.w.org\/{rel}","templated":true}]}}