{"id":3775,"date":"2024-01-29T06:58:08","date_gmt":"2024-01-29T06:58:08","guid":{"rendered":"https:\/\/staging2.odine.com\/?page_id=3775"},"modified":"2024-01-29T07:24:42","modified_gmt":"2024-01-29T07:24:42","slug":"cookies-policy","status":"publish","type":"page","link":"https:\/\/odine.com\/tr\/cookies-policy\/","title":{"rendered":"\u00c7erez Politikas\u0131"},"content":{"rendered":"<pre id=\"tw-target-text\" class=\"tw-data-text tw-text-large tw-ta\" dir=\"ltr\" data-placeholder=\"Translation\"><span class=\"Y2IQFc\" lang=\"en\">Click to read the text in English<\/span><\/pre>","protected":false},"excerpt":{"rendered":"<p>Click to read the text in English<\/p>","protected":false},"author":1,"featured_media":0,"parent":0,"menu_order":0,"comment_status":"closed","ping_status":"closed","template":"","meta":{"_acf_changed":false,"footnotes":"","_links_to":"","_links_to_target":""},"class_list":["post-3775","page","type-page","status-publish","hentry"],"acf":[],"yoast_head":"<!-- This site is optimized with the Yoast SEO Premium plugin v20.7 (Yoast SEO v25.7) - https:\/\/yoast.com\/wordpress\/plugins\/seo\/ -->\n<title>Cookies Policy | Odine<\/title>\n<meta name=\"description\" content=\"We prepared this Cookies Policy to inform you on how we use cookies, and the types of cookies we use, so that we can provide higher quality customized service to the visitors of our website.\" \/>\n<meta name=\"robots\" content=\"index, follow, max-snippet:-1, max-image-preview:large, max-video-preview:-1\" \/>\n<link rel=\"canonical\" href=\"https:\/\/odine.com\/tr\/cookies-policy\/\" \/>\n<meta property=\"og:locale\" content=\"tr_TR\" \/>\n<meta property=\"og:type\" content=\"article\" \/>\n<meta property=\"og:title\" content=\"Cookies Policy\" \/>\n<meta property=\"og:description\" content=\"We prepared this Cookies Policy to inform you on how we use cookies, and the types of cookies we use, so that we can provide higher quality customized service to the visitors of our website.\" \/>\n<meta property=\"og:url\" content=\"https:\/\/odine.com\/tr\/cookies-policy\/\" \/>\n<meta property=\"og:site_name\" content=\"Odine\" \/>\n<meta property=\"article:modified_time\" content=\"2024-01-29T07:24:42+00:00\" \/>\n<meta name=\"twitter:card\" content=\"summary_large_image\" \/>\n<script type=\"application\/ld+json\" class=\"yoast-schema-graph\">{\"@context\":\"https:\/\/schema.org\",\"@graph\":[{\"@type\":\"WebPage\",\"@id\":\"https:\/\/odine.com\/cookies-policy\/\",\"url\":\"https:\/\/odine.com\/cookies-policy\/\",\"name\":\"Cookies Policy | Odine\",\"isPartOf\":{\"@id\":\"https:\/\/odine.com\/#website\"},\"datePublished\":\"2024-01-29T06:58:08+00:00\",\"dateModified\":\"2024-01-29T07:24:42+00:00\",\"description\":\"We prepared this Cookies Policy to inform you on how we use cookies, and the types of cookies we use, so that we can provide higher quality customized service to the visitors of our website.\",\"breadcrumb\":{\"@id\":\"https:\/\/odine.com\/cookies-policy\/#breadcrumb\"},\"inLanguage\":\"tr\",\"potentialAction\":[{\"@type\":\"ReadAction\",\"target\":[\"https:\/\/odine.com\/cookies-policy\/\"]}]},{\"@type\":\"BreadcrumbList\",\"@id\":\"https:\/\/odine.com\/cookies-policy\/#breadcrumb\",\"itemListElement\":[{\"@type\":\"ListItem\",\"position\":1,\"name\":\"Home\",\"item\":\"https:\/\/odine.com\/\"},{\"@type\":\"ListItem\",\"position\":2,\"name\":\"Cookies Policy\"}]},{\"@type\":\"WebSite\",\"@id\":\"https:\/\/odine.com\/#website\",\"url\":\"https:\/\/odine.com\/\",\"name\":\"Odine\",\"description\":\"\",\"potentialAction\":[{\"@type\":\"SearchAction\",\"target\":{\"@type\":\"EntryPoint\",\"urlTemplate\":\"https:\/\/odine.com\/?s={search_term_string}\"},\"query-input\":{\"@type\":\"PropertyValueSpecification\",\"valueRequired\":true,\"valueName\":\"search_term_string\"}}],\"inLanguage\":\"tr\"}]}<\/script>\n<!-- \/ Yoast SEO Premium plugin. -->","yoast_head_json":{"title":"\u00c7erez Politikas\u0131 | Odine","description":"\u00c7erez Politikam\u0131z https:\/\/odine.com\/tr\/ internet sitemizde siz de\u011ferli ziyaret\u00e7ilerimize daha kaliteli ve ki\u015fiselle\u015ftirilmi\u015f hizmet sunabilmek amac\u0131yla \u00e7erez (cookie) kullan\u0131m\u0131m\u0131z\u0131n esaslar\u0131, \u00e7erez \u00e7e\u015fitleri hakk\u0131nda bilgilendirme amac\u0131yla haz\u0131rlanm\u0131\u015ft\u0131r.","robots":{"index":"index","follow":"follow","max-snippet":"max-snippet:-1","max-image-preview":"max-image-preview:large","max-video-preview":"max-video-preview:-1"},"canonical":"https:\/\/odine.com\/tr\/cookies-policy\/","og_locale":"tr_TR","og_type":"article","og_title":"Cookies Policy","og_description":"We prepared this Cookies Policy to inform you on how we use cookies, and the types of cookies we use, so that we can provide higher quality customized service to the visitors of our website.","og_url":"https:\/\/odine.com\/tr\/cookies-policy\/","og_site_name":"Odine","article_modified_time":"2024-01-29T07:24:42+00:00","twitter_card":"summary_large_image","schema":{"@context":"https:\/\/schema.org","@graph":[{"@type":"WebPage","@id":"https:\/\/odine.com\/cookies-policy\/","url":"https:\/\/odine.com\/cookies-policy\/","name":"\u00c7erez Politikas\u0131 | Odine","isPartOf":{"@id":"https:\/\/odine.com\/#website"},"datePublished":"2024-01-29T06:58:08+00:00","dateModified":"2024-01-29T07:24:42+00:00","description":"\u00c7erez Politikam\u0131z https:\/\/odine.com\/tr\/ internet sitemizde siz de\u011ferli ziyaret\u00e7ilerimize daha kaliteli ve ki\u015fiselle\u015ftirilmi\u015f hizmet sunabilmek amac\u0131yla \u00e7erez (cookie) kullan\u0131m\u0131m\u0131z\u0131n esaslar\u0131, \u00e7erez \u00e7e\u015fitleri hakk\u0131nda bilgilendirme amac\u0131yla haz\u0131rlanm\u0131\u015ft\u0131r.","breadcrumb":{"@id":"https:\/\/odine.com\/cookies-policy\/#breadcrumb"},"inLanguage":"tr","potentialAction":[{"@type":"ReadAction","target":["https:\/\/odine.com\/cookies-policy\/"]}]},{"@type":"BreadcrumbList","@id":"https:\/\/odine.com\/cookies-policy\/#breadcrumb","itemListElement":[{"@type":"ListItem","position":1,"name":"Home","item":"https:\/\/odine.com\/"},{"@type":"ListItem","position":2,"name":"Cookies Policy"}]},{"@type":"WebSite","@id":"https:\/\/odine.com\/#website","url":"https:\/\/odine.com\/","name":"Odine","description":"","potentialAction":[{"@type":"SearchAction","target":{"@type":"EntryPoint","urlTemplate":"https:\/\/odine.com\/?s={search_term_string}"},"query-input":{"@type":"PropertyValueSpecification","valueRequired":true,"valueName":"search_term_string"}}],"inLanguage":"tr"}]}},"_links":{"self":[{"href":"https:\/\/odine.com\/tr\/wp-json\/wp\/v2\/pages\/3775","targetHints":{"allow":["GET"]}}],"collection":[{"href":"https:\/\/odine.com\/tr\/wp-json\/wp\/v2\/pages"}],"about":[{"href":"https:\/\/odine.com\/tr\/wp-json\/wp\/v2\/types\/page"}],"author":[{"embeddable":true,"href":"https:\/\/odine.com\/tr\/wp-json\/wp\/v2\/users\/1"}],"replies":[{"embeddable":true,"href":"https:\/\/odine.com\/tr\/wp-json\/wp\/v2\/comments?post=3775"}],"version-history":[{"count":0,"href":"https:\/\/odine.com\/tr\/wp-json\/wp\/v2\/pages\/3775\/revisions"}],"wp:attachment":[{"href":"https:\/\/odine.com\/tr\/wp-json\/wp\/v2\/media?parent=3775"}],"curies":[{"name":"wp","href":"https:\/\/api.w.org\/{rel}","templated":true}]}}