{"id":3695,"date":"2023-11-21T12:41:43","date_gmt":"2023-11-21T12:41:43","guid":{"rendered":"https:\/\/odine.com\/?page_id=3695"},"modified":"2024-01-23T14:39:36","modified_gmt":"2024-01-23T14:39:36","slug":"statement-of-explicit-consent-for-foreign-transfer","status":"publish","type":"page","link":"https:\/\/odine.com\/tr\/statement-of-explicit-consent-for-foreign-transfer\/","title":{"rendered":"Yurt D\u0131\u015f\u0131 Aktar\u0131ma \u0130li\u015fkin A\u00e7\u0131k R\u0131za Metni"},"content":{"rendered":"","protected":false},"excerpt":{"rendered":"","protected":false},"author":1,"featured_media":0,"parent":0,"menu_order":0,"comment_status":"closed","ping_status":"closed","template":"","meta":{"_acf_changed":false,"footnotes":"","_links_to":"","_links_to_target":""},"class_list":["post-3695","page","type-page","status-publish","hentry"],"acf":[],"yoast_head":"<!-- This site is optimized with the Yoast SEO Premium plugin v20.7 (Yoast SEO v25.7) - https:\/\/yoast.com\/wordpress\/plugins\/seo\/ -->\n<title>Statement of Explicit Consent for Foreign Transfer | Odine<\/title>\n<meta name=\"description\" content=\"At Odine Solutions, we believe privacy is a fundamental human right. Your privacy is important to us. To better protect your privacy we provide this notice explaining our online information practices and the choices you can make about the way your information is collected and used.\" \/>\n<meta name=\"robots\" content=\"index, follow, max-snippet:-1, max-image-preview:large, max-video-preview:-1\" \/>\n<link rel=\"canonical\" href=\"https:\/\/odine.com\/tr\/statement-of-explicit-consent-for-foreign-transfer\/\" \/>\n<meta property=\"og:locale\" content=\"tr_TR\" \/>\n<meta property=\"og:type\" content=\"article\" \/>\n<meta property=\"og:title\" content=\"Statement of Explicit Consent for Foreign Transfer\" \/>\n<meta property=\"og:description\" content=\"At Odine Solutions, we believe privacy is a fundamental human right. Your privacy is important to us. To better protect your privacy we provide this notice explaining our online information practices and the choices you can make about the way your information is collected and used.\" \/>\n<meta property=\"og:url\" content=\"https:\/\/odine.com\/tr\/statement-of-explicit-consent-for-foreign-transfer\/\" \/>\n<meta property=\"og:site_name\" content=\"Odine\" \/>\n<meta property=\"article:modified_time\" content=\"2024-01-23T14:39:36+00:00\" \/>\n<meta name=\"twitter:card\" content=\"summary_large_image\" \/>\n<script type=\"application\/ld+json\" class=\"yoast-schema-graph\">{\"@context\":\"https:\/\/schema.org\",\"@graph\":[{\"@type\":\"WebPage\",\"@id\":\"https:\/\/odine.com\/statement-of-explicit-consent-for-foreign-transfer\/\",\"url\":\"https:\/\/odine.com\/statement-of-explicit-consent-for-foreign-transfer\/\",\"name\":\"Statement of Explicit Consent for Foreign Transfer | Odine\",\"isPartOf\":{\"@id\":\"https:\/\/odine.com\/#website\"},\"datePublished\":\"2023-11-21T12:41:43+00:00\",\"dateModified\":\"2024-01-23T14:39:36+00:00\",\"description\":\"At Odine Solutions, we believe privacy is a fundamental human right. Your privacy is important to us. To better protect your privacy we provide this notice explaining our online information practices and the choices you can make about the way your information is collected and used.\",\"breadcrumb\":{\"@id\":\"https:\/\/odine.com\/statement-of-explicit-consent-for-foreign-transfer\/#breadcrumb\"},\"inLanguage\":\"tr\",\"potentialAction\":[{\"@type\":\"ReadAction\",\"target\":[\"https:\/\/odine.com\/statement-of-explicit-consent-for-foreign-transfer\/\"]}]},{\"@type\":\"BreadcrumbList\",\"@id\":\"https:\/\/odine.com\/statement-of-explicit-consent-for-foreign-transfer\/#breadcrumb\",\"itemListElement\":[{\"@type\":\"ListItem\",\"position\":1,\"name\":\"Home\",\"item\":\"https:\/\/odine.com\/\"},{\"@type\":\"ListItem\",\"position\":2,\"name\":\"Statement of Explicit Consent for Foreign Transfer\"}]},{\"@type\":\"WebSite\",\"@id\":\"https:\/\/odine.com\/#website\",\"url\":\"https:\/\/odine.com\/\",\"name\":\"Odine\",\"description\":\"\",\"potentialAction\":[{\"@type\":\"SearchAction\",\"target\":{\"@type\":\"EntryPoint\",\"urlTemplate\":\"https:\/\/odine.com\/?s={search_term_string}\"},\"query-input\":{\"@type\":\"PropertyValueSpecification\",\"valueRequired\":true,\"valueName\":\"search_term_string\"}}],\"inLanguage\":\"tr\"}]}<\/script>\n<!-- \/ Yoast SEO Premium plugin. -->","yoast_head_json":{"title":"Statement of Explicit Consent for Foreign Transfer | Odine","description":"At Odine Solutions, we believe privacy is a fundamental human right. Your privacy is important to us. To better protect your privacy we provide this notice explaining our online information practices and the choices you can make about the way your information is collected and used.","robots":{"index":"index","follow":"follow","max-snippet":"max-snippet:-1","max-image-preview":"max-image-preview:large","max-video-preview":"max-video-preview:-1"},"canonical":"https:\/\/odine.com\/tr\/statement-of-explicit-consent-for-foreign-transfer\/","og_locale":"tr_TR","og_type":"article","og_title":"Statement of Explicit Consent for Foreign Transfer","og_description":"At Odine Solutions, we believe privacy is a fundamental human right. Your privacy is important to us. To better protect your privacy we provide this notice explaining our online information practices and the choices you can make about the way your information is collected and used.","og_url":"https:\/\/odine.com\/tr\/statement-of-explicit-consent-for-foreign-transfer\/","og_site_name":"Odine","article_modified_time":"2024-01-23T14:39:36+00:00","twitter_card":"summary_large_image","schema":{"@context":"https:\/\/schema.org","@graph":[{"@type":"WebPage","@id":"https:\/\/odine.com\/statement-of-explicit-consent-for-foreign-transfer\/","url":"https:\/\/odine.com\/statement-of-explicit-consent-for-foreign-transfer\/","name":"Statement of Explicit Consent for Foreign Transfer | Odine","isPartOf":{"@id":"https:\/\/odine.com\/#website"},"datePublished":"2023-11-21T12:41:43+00:00","dateModified":"2024-01-23T14:39:36+00:00","description":"At Odine Solutions, we believe privacy is a fundamental human right. Your privacy is important to us. To better protect your privacy we provide this notice explaining our online information practices and the choices you can make about the way your information is collected and used.","breadcrumb":{"@id":"https:\/\/odine.com\/statement-of-explicit-consent-for-foreign-transfer\/#breadcrumb"},"inLanguage":"tr","potentialAction":[{"@type":"ReadAction","target":["https:\/\/odine.com\/statement-of-explicit-consent-for-foreign-transfer\/"]}]},{"@type":"BreadcrumbList","@id":"https:\/\/odine.com\/statement-of-explicit-consent-for-foreign-transfer\/#breadcrumb","itemListElement":[{"@type":"ListItem","position":1,"name":"Home","item":"https:\/\/odine.com\/"},{"@type":"ListItem","position":2,"name":"Statement of Explicit Consent for Foreign Transfer"}]},{"@type":"WebSite","@id":"https:\/\/odine.com\/#website","url":"https:\/\/odine.com\/","name":"Odine","description":"","potentialAction":[{"@type":"SearchAction","target":{"@type":"EntryPoint","urlTemplate":"https:\/\/odine.com\/?s={search_term_string}"},"query-input":{"@type":"PropertyValueSpecification","valueRequired":true,"valueName":"search_term_string"}}],"inLanguage":"tr"}]}},"_links":{"self":[{"href":"https:\/\/odine.com\/tr\/wp-json\/wp\/v2\/pages\/3695","targetHints":{"allow":["GET"]}}],"collection":[{"href":"https:\/\/odine.com\/tr\/wp-json\/wp\/v2\/pages"}],"about":[{"href":"https:\/\/odine.com\/tr\/wp-json\/wp\/v2\/types\/page"}],"author":[{"embeddable":true,"href":"https:\/\/odine.com\/tr\/wp-json\/wp\/v2\/users\/1"}],"replies":[{"embeddable":true,"href":"https:\/\/odine.com\/tr\/wp-json\/wp\/v2\/comments?post=3695"}],"version-history":[{"count":0,"href":"https:\/\/odine.com\/tr\/wp-json\/wp\/v2\/pages\/3695\/revisions"}],"wp:attachment":[{"href":"https:\/\/odine.com\/tr\/wp-json\/wp\/v2\/media?parent=3695"}],"curies":[{"name":"wp","href":"https:\/\/api.w.org\/{rel}","templated":true}]}}