{"id":3428,"date":"2023-07-26T13:26:08","date_gmt":"2023-07-26T12:26:08","guid":{"rendered":"https:\/\/staging2.odine.com\/?page_id=3428"},"modified":"2024-01-23T14:39:26","modified_gmt":"2024-01-23T14:39:26","slug":"statement-of-explicit-consent-for-commercial-electronic-messages","status":"publish","type":"page","link":"https:\/\/odine.com\/tr\/statement-of-explicit-consent-for-commercial-electronic-messages\/","title":{"rendered":"Ticari Elektronik \u0130leti A\u00e7\u0131k R\u0131za Metni"},"content":{"rendered":"","protected":false},"excerpt":{"rendered":"","protected":false},"author":1,"featured_media":0,"parent":0,"menu_order":0,"comment_status":"closed","ping_status":"closed","template":"","meta":{"_acf_changed":false,"footnotes":"","_links_to":"","_links_to_target":""},"class_list":["post-3428","page","type-page","status-publish","hentry"],"acf":[],"yoast_head":"<!-- This site is optimized with the Yoast SEO Premium plugin v20.7 (Yoast SEO v25.7) - https:\/\/yoast.com\/wordpress\/plugins\/seo\/ -->\n<title>Statement of Explicit Consent for Commercial Electronic Messages | Odine<\/title>\n<meta name=\"description\" content=\"At Odine Solutions, we believe privacy is a fundamental human right. Your privacy is important to us. To better protect your privacy we provide this notice explaining our online information practices and the choices you can make about the way your information is collected and used.\" \/>\n<meta name=\"robots\" content=\"index, follow, max-snippet:-1, max-image-preview:large, max-video-preview:-1\" \/>\n<link rel=\"canonical\" href=\"https:\/\/odine.com\/tr\/statement-of-explicit-consent-for-commercial-electronic-messages\/\" \/>\n<meta property=\"og:locale\" content=\"tr_TR\" \/>\n<meta property=\"og:type\" content=\"article\" \/>\n<meta property=\"og:title\" content=\"Statement of Explicit Consent for Commercial Electronic Messages\" \/>\n<meta property=\"og:description\" content=\"At Odine Solutions, we believe privacy is a fundamental human right. Your privacy is important to us. To better protect your privacy we provide this notice explaining our online information practices and the choices you can make about the way your information is collected and used.\" \/>\n<meta property=\"og:url\" content=\"https:\/\/odine.com\/tr\/statement-of-explicit-consent-for-commercial-electronic-messages\/\" \/>\n<meta property=\"og:site_name\" content=\"Odine\" \/>\n<meta property=\"article:modified_time\" content=\"2024-01-23T14:39:26+00:00\" \/>\n<meta name=\"twitter:card\" content=\"summary_large_image\" \/>\n<script type=\"application\/ld+json\" class=\"yoast-schema-graph\">{\"@context\":\"https:\/\/schema.org\",\"@graph\":[{\"@type\":\"WebPage\",\"@id\":\"https:\/\/odine.com\/statement-of-explicit-consent-for-commercial-electronic-messages\/\",\"url\":\"https:\/\/odine.com\/statement-of-explicit-consent-for-commercial-electronic-messages\/\",\"name\":\"Statement of Explicit Consent for Commercial Electronic Messages | Odine\",\"isPartOf\":{\"@id\":\"https:\/\/odine.com\/#website\"},\"datePublished\":\"2023-07-26T12:26:08+00:00\",\"dateModified\":\"2024-01-23T14:39:26+00:00\",\"description\":\"At Odine Solutions, we believe privacy is a fundamental human right. Your privacy is important to us. To better protect your privacy we provide this notice explaining our online information practices and the choices you can make about the way your information is collected and used.\",\"breadcrumb\":{\"@id\":\"https:\/\/odine.com\/statement-of-explicit-consent-for-commercial-electronic-messages\/#breadcrumb\"},\"inLanguage\":\"tr\",\"potentialAction\":[{\"@type\":\"ReadAction\",\"target\":[\"https:\/\/odine.com\/statement-of-explicit-consent-for-commercial-electronic-messages\/\"]}]},{\"@type\":\"BreadcrumbList\",\"@id\":\"https:\/\/odine.com\/statement-of-explicit-consent-for-commercial-electronic-messages\/#breadcrumb\",\"itemListElement\":[{\"@type\":\"ListItem\",\"position\":1,\"name\":\"Home\",\"item\":\"https:\/\/odine.com\/\"},{\"@type\":\"ListItem\",\"position\":2,\"name\":\"Statement of Explicit Consent for Commercial Electronic Messages\"}]},{\"@type\":\"WebSite\",\"@id\":\"https:\/\/odine.com\/#website\",\"url\":\"https:\/\/odine.com\/\",\"name\":\"Odine\",\"description\":\"\",\"potentialAction\":[{\"@type\":\"SearchAction\",\"target\":{\"@type\":\"EntryPoint\",\"urlTemplate\":\"https:\/\/odine.com\/?s={search_term_string}\"},\"query-input\":{\"@type\":\"PropertyValueSpecification\",\"valueRequired\":true,\"valueName\":\"search_term_string\"}}],\"inLanguage\":\"tr\"}]}<\/script>\n<!-- \/ Yoast SEO Premium plugin. -->","yoast_head_json":{"title":"Ticari Elektronik \u0130leti A\u00e7\u0131k R\u0131za Metni | Odine","description":"At Odine Solutions, we believe privacy is a fundamental human right. Your privacy is important to us. To better protect your privacy we provide this notice explaining our online information practices and the choices you can make about the way your information is collected and used.","robots":{"index":"index","follow":"follow","max-snippet":"max-snippet:-1","max-image-preview":"max-image-preview:large","max-video-preview":"max-video-preview:-1"},"canonical":"https:\/\/odine.com\/tr\/statement-of-explicit-consent-for-commercial-electronic-messages\/","og_locale":"tr_TR","og_type":"article","og_title":"Statement of Explicit Consent for Commercial Electronic Messages","og_description":"At Odine Solutions, we believe privacy is a fundamental human right. Your privacy is important to us. To better protect your privacy we provide this notice explaining our online information practices and the choices you can make about the way your information is collected and used.","og_url":"https:\/\/odine.com\/tr\/statement-of-explicit-consent-for-commercial-electronic-messages\/","og_site_name":"Odine","article_modified_time":"2024-01-23T14:39:26+00:00","twitter_card":"summary_large_image","schema":{"@context":"https:\/\/schema.org","@graph":[{"@type":"WebPage","@id":"https:\/\/odine.com\/statement-of-explicit-consent-for-commercial-electronic-messages\/","url":"https:\/\/odine.com\/statement-of-explicit-consent-for-commercial-electronic-messages\/","name":"Ticari Elektronik \u0130leti A\u00e7\u0131k R\u0131za Metni | Odine","isPartOf":{"@id":"https:\/\/odine.com\/#website"},"datePublished":"2023-07-26T12:26:08+00:00","dateModified":"2024-01-23T14:39:26+00:00","description":"At Odine Solutions, we believe privacy is a fundamental human right. Your privacy is important to us. To better protect your privacy we provide this notice explaining our online information practices and the choices you can make about the way your information is collected and used.","breadcrumb":{"@id":"https:\/\/odine.com\/statement-of-explicit-consent-for-commercial-electronic-messages\/#breadcrumb"},"inLanguage":"tr","potentialAction":[{"@type":"ReadAction","target":["https:\/\/odine.com\/statement-of-explicit-consent-for-commercial-electronic-messages\/"]}]},{"@type":"BreadcrumbList","@id":"https:\/\/odine.com\/statement-of-explicit-consent-for-commercial-electronic-messages\/#breadcrumb","itemListElement":[{"@type":"ListItem","position":1,"name":"Home","item":"https:\/\/odine.com\/"},{"@type":"ListItem","position":2,"name":"Statement of Explicit Consent for Commercial Electronic Messages"}]},{"@type":"WebSite","@id":"https:\/\/odine.com\/#website","url":"https:\/\/odine.com\/","name":"Odine","description":"","potentialAction":[{"@type":"SearchAction","target":{"@type":"EntryPoint","urlTemplate":"https:\/\/odine.com\/?s={search_term_string}"},"query-input":{"@type":"PropertyValueSpecification","valueRequired":true,"valueName":"search_term_string"}}],"inLanguage":"tr"}]}},"_links":{"self":[{"href":"https:\/\/odine.com\/tr\/wp-json\/wp\/v2\/pages\/3428","targetHints":{"allow":["GET"]}}],"collection":[{"href":"https:\/\/odine.com\/tr\/wp-json\/wp\/v2\/pages"}],"about":[{"href":"https:\/\/odine.com\/tr\/wp-json\/wp\/v2\/types\/page"}],"author":[{"embeddable":true,"href":"https:\/\/odine.com\/tr\/wp-json\/wp\/v2\/users\/1"}],"replies":[{"embeddable":true,"href":"https:\/\/odine.com\/tr\/wp-json\/wp\/v2\/comments?post=3428"}],"version-history":[{"count":0,"href":"https:\/\/odine.com\/tr\/wp-json\/wp\/v2\/pages\/3428\/revisions"}],"wp:attachment":[{"href":"https:\/\/odine.com\/tr\/wp-json\/wp\/v2\/media?parent=3428"}],"curies":[{"name":"wp","href":"https:\/\/api.w.org\/{rel}","templated":true}]}}