{"id":2622,"date":"2023-04-24T11:01:55","date_gmt":"2023-04-24T10:01:55","guid":{"rendered":"https:\/\/odine.tiltuat.co.uk\/?page_id=2622"},"modified":"2026-02-27T09:53:08","modified_gmt":"2026-02-27T09:53:08","slug":"odine-pathfinder","status":"publish","type":"page","link":"https:\/\/odine.com\/tr\/odinelabs\/telecoms-voice-solutions\/odine-pathfinder\/","title":{"rendered":"Odine Pathfinder\u2122"},"content":{"rendered":"","protected":false},"excerpt":{"rendered":"","protected":false},"author":1,"featured_media":0,"parent":146,"menu_order":0,"comment_status":"closed","ping_status":"closed","template":"","meta":{"_acf_changed":false,"footnotes":"","_links_to":"","_links_to_target":""},"class_list":["post-2622","page","type-page","status-publish","hentry"],"acf":[],"yoast_head":"<!-- This site is optimized with the Yoast SEO Premium plugin v20.7 (Yoast SEO v25.7) - https:\/\/yoast.com\/wordpress\/plugins\/seo\/ -->\n<title>Odine Pathfinder\u2122 - Centralized Routing Server | Odine<\/title>\n<meta name=\"description\" content=\"Pathfinder is Odine\u2019s centralized routing server solution that enables telcos to break down routing barriers and improve voice services.\" \/>\n<meta name=\"robots\" content=\"index, follow, max-snippet:-1, max-image-preview:large, max-video-preview:-1\" \/>\n<link rel=\"canonical\" href=\"https:\/\/odine.com\/tr\/odinelabs\/telecoms-voice-solutions\/odine-pathfinder\/\" \/>\n<meta property=\"og:locale\" content=\"tr_TR\" \/>\n<meta property=\"og:type\" content=\"article\" \/>\n<meta property=\"og:title\" content=\"Odine Pathfinder\u2122\" \/>\n<meta property=\"og:description\" content=\"Pathfinder is Odine\u2019s centralized routing server solution that enables telcos to break down routing barriers and improve voice services.\" \/>\n<meta property=\"og:url\" content=\"https:\/\/odine.com\/tr\/odinelabs\/telecoms-voice-solutions\/odine-pathfinder\/\" \/>\n<meta property=\"og:site_name\" content=\"Odine\" \/>\n<meta property=\"article:modified_time\" content=\"2026-02-27T09:53:08+00:00\" \/>\n<meta name=\"twitter:card\" content=\"summary_large_image\" \/>\n<meta name=\"twitter:label1\" content=\"Tahmini okuma s\u00fcresi\" \/>\n\t<meta name=\"twitter:data1\" content=\"3 dakika\" \/>\n<script type=\"application\/ld+json\" class=\"yoast-schema-graph\">{\"@context\":\"https:\/\/schema.org\",\"@graph\":[{\"@type\":\"WebPage\",\"@id\":\"https:\/\/odine.com\/odinelabs\/telecoms-voice-solutions\/odine-pathfinder\/\",\"url\":\"https:\/\/odine.com\/odinelabs\/telecoms-voice-solutions\/odine-pathfinder\/\",\"name\":\"Odine Pathfinder\u2122 - Centralized Routing Server | Odine\",\"isPartOf\":{\"@id\":\"https:\/\/odine.com\/#website\"},\"datePublished\":\"2023-04-24T10:01:55+00:00\",\"dateModified\":\"2026-02-27T09:53:08+00:00\",\"description\":\"Pathfinder is Odine\u2019s centralized routing server solution that enables telcos to break down routing barriers and improve voice services.\",\"breadcrumb\":{\"@id\":\"https:\/\/odine.com\/odinelabs\/telecoms-voice-solutions\/odine-pathfinder\/#breadcrumb\"},\"inLanguage\":\"tr\",\"potentialAction\":[{\"@type\":\"ReadAction\",\"target\":[\"https:\/\/odine.com\/odinelabs\/telecoms-voice-solutions\/odine-pathfinder\/\"]}]},{\"@type\":\"BreadcrumbList\",\"@id\":\"https:\/\/odine.com\/odinelabs\/telecoms-voice-solutions\/odine-pathfinder\/#breadcrumb\",\"itemListElement\":[{\"@type\":\"ListItem\",\"position\":1,\"name\":\"Home\",\"item\":\"https:\/\/odine.com\/\"},{\"@type\":\"ListItem\",\"position\":2,\"name\":\"OdineLabs\",\"item\":\"https:\/\/odine.com\/odinelabs\/\"},{\"@type\":\"ListItem\",\"position\":3,\"name\":\"Telecoms Voice Solutions\",\"item\":\"https:\/\/odine.com\/odinelabs\/telecoms-voice-solutions\/\"},{\"@type\":\"ListItem\",\"position\":4,\"name\":\"Odine Pathfinder\u2122\"}]},{\"@type\":\"WebSite\",\"@id\":\"https:\/\/odine.com\/#website\",\"url\":\"https:\/\/odine.com\/\",\"name\":\"Odine\",\"description\":\"\",\"potentialAction\":[{\"@type\":\"SearchAction\",\"target\":{\"@type\":\"EntryPoint\",\"urlTemplate\":\"https:\/\/odine.com\/?s={search_term_string}\"},\"query-input\":{\"@type\":\"PropertyValueSpecification\",\"valueRequired\":true,\"valueName\":\"search_term_string\"}}],\"inLanguage\":\"tr\"}]}<\/script>\n<!-- \/ Yoast SEO Premium plugin. -->","yoast_head_json":{"title":"Odine Pathfinder\u2122 - Merkezi Y\u00f6nlendirme Sunucusu | Odine","description":"Odine Pathfinder, y\u00f6netim sorunlar\u0131n\u0131n \u00fcstesinden gelmek i\u00e7in tasarlanm\u0131\u015f y\u00fcksek performansl\u0131 telekom\u00fcnikasyon Merkezi Y\u00f6nlendirme Sunucusu'dur (CRS).","robots":{"index":"index","follow":"follow","max-snippet":"max-snippet:-1","max-image-preview":"max-image-preview:large","max-video-preview":"max-video-preview:-1"},"canonical":"https:\/\/odine.com\/tr\/odinelabs\/telecoms-voice-solutions\/odine-pathfinder\/","og_locale":"tr_TR","og_type":"article","og_title":"Odine Pathfinder\u2122","og_description":"Pathfinder is Odine\u2019s centralized routing server solution that enables telcos to break down routing barriers and improve voice services.","og_url":"https:\/\/odine.com\/tr\/odinelabs\/telecoms-voice-solutions\/odine-pathfinder\/","og_site_name":"Odine","article_modified_time":"2026-02-27T09:53:08+00:00","twitter_card":"summary_large_image","twitter_misc":{"Tahmini okuma s\u00fcresi":"3 dakika"},"schema":{"@context":"https:\/\/schema.org","@graph":[{"@type":"WebPage","@id":"https:\/\/odine.com\/odinelabs\/telecoms-voice-solutions\/odine-pathfinder\/","url":"https:\/\/odine.com\/odinelabs\/telecoms-voice-solutions\/odine-pathfinder\/","name":"Odine Pathfinder\u2122 - Merkezi Y\u00f6nlendirme Sunucusu | Odine","isPartOf":{"@id":"https:\/\/odine.com\/#website"},"datePublished":"2023-04-24T10:01:55+00:00","dateModified":"2026-02-27T09:53:08+00:00","description":"Odine Pathfinder, y\u00f6netim sorunlar\u0131n\u0131n \u00fcstesinden gelmek i\u00e7in tasarlanm\u0131\u015f y\u00fcksek performansl\u0131 telekom\u00fcnikasyon Merkezi Y\u00f6nlendirme Sunucusu'dur (CRS).","breadcrumb":{"@id":"https:\/\/odine.com\/odinelabs\/telecoms-voice-solutions\/odine-pathfinder\/#breadcrumb"},"inLanguage":"tr","potentialAction":[{"@type":"ReadAction","target":["https:\/\/odine.com\/odinelabs\/telecoms-voice-solutions\/odine-pathfinder\/"]}]},{"@type":"BreadcrumbList","@id":"https:\/\/odine.com\/odinelabs\/telecoms-voice-solutions\/odine-pathfinder\/#breadcrumb","itemListElement":[{"@type":"ListItem","position":1,"name":"Home","item":"https:\/\/odine.com\/"},{"@type":"ListItem","position":2,"name":"OdineLabs","item":"https:\/\/odine.com\/odinelabs\/"},{"@type":"ListItem","position":3,"name":"Telecoms Voice Solutions","item":"https:\/\/odine.com\/odinelabs\/telecoms-voice-solutions\/"},{"@type":"ListItem","position":4,"name":"Odine Pathfinder\u2122"}]},{"@type":"WebSite","@id":"https:\/\/odine.com\/#website","url":"https:\/\/odine.com\/","name":"Odine","description":"","potentialAction":[{"@type":"SearchAction","target":{"@type":"EntryPoint","urlTemplate":"https:\/\/odine.com\/?s={search_term_string}"},"query-input":{"@type":"PropertyValueSpecification","valueRequired":true,"valueName":"search_term_string"}}],"inLanguage":"tr"}]}},"_links":{"self":[{"href":"https:\/\/odine.com\/tr\/wp-json\/wp\/v2\/pages\/2622","targetHints":{"allow":["GET"]}}],"collection":[{"href":"https:\/\/odine.com\/tr\/wp-json\/wp\/v2\/pages"}],"about":[{"href":"https:\/\/odine.com\/tr\/wp-json\/wp\/v2\/types\/page"}],"author":[{"embeddable":true,"href":"https:\/\/odine.com\/tr\/wp-json\/wp\/v2\/users\/1"}],"replies":[{"embeddable":true,"href":"https:\/\/odine.com\/tr\/wp-json\/wp\/v2\/comments?post=2622"}],"version-history":[{"count":0,"href":"https:\/\/odine.com\/tr\/wp-json\/wp\/v2\/pages\/2622\/revisions"}],"up":[{"embeddable":true,"href":"https:\/\/odine.com\/tr\/wp-json\/wp\/v2\/pages\/146"}],"wp:attachment":[{"href":"https:\/\/odine.com\/tr\/wp-json\/wp\/v2\/media?parent=2622"}],"curies":[{"name":"wp","href":"https:\/\/api.w.org\/{rel}","templated":true}]}}