{"id":2603,"date":"2023-04-24T10:29:07","date_gmt":"2023-04-24T09:29:07","guid":{"rendered":"https:\/\/odine.tiltuat.co.uk\/?page_id=2603"},"modified":"2024-05-21T13:29:23","modified_gmt":"2024-05-21T12:29:23","slug":"consulting","status":"publish","type":"page","link":"https:\/\/odine.com\/tr\/what-we-do\/capabilities\/consulting\/","title":{"rendered":"Telekom Dan\u0131\u015fmanl\u0131\u011f\u0131"},"content":{"rendered":"<p>S\u00f6ylediklerimizi hayata ge\u00e7iriyoruz.<\/p>","protected":false},"excerpt":{"rendered":"<p>S\u00f6ylediklerimizi hayata ge\u00e7iriyoruz.<\/p>","protected":false},"author":1,"featured_media":0,"parent":2590,"menu_order":0,"comment_status":"closed","ping_status":"closed","template":"","meta":{"_acf_changed":false,"footnotes":"","_links_to":"","_links_to_target":""},"class_list":["post-2603","page","type-page","status-publish","hentry"],"acf":[],"yoast_head":"<!-- This site is optimized with the Yoast SEO Premium plugin v20.7 (Yoast SEO v25.7) - https:\/\/yoast.com\/wordpress\/plugins\/seo\/ -->\n<title>Telecom Consulting Services | Odine<\/title>\n<meta name=\"description\" content=\"Odine\u2019s telecom consulting services are led by a diverse portfolio of expertise, ranging from change management to outsourced engineering\" \/>\n<meta name=\"robots\" content=\"index, follow, max-snippet:-1, max-image-preview:large, max-video-preview:-1\" \/>\n<link rel=\"canonical\" href=\"https:\/\/odine.com\/tr\/what-we-do\/capabilities\/consulting\/\" \/>\n<meta property=\"og:locale\" content=\"tr_TR\" \/>\n<meta property=\"og:type\" content=\"article\" \/>\n<meta property=\"og:title\" content=\"Telecom Consulting\" \/>\n<meta property=\"og:description\" content=\"Odine\u2019s telecom consulting services are led by a diverse portfolio of expertise, ranging from change management to outsourced engineering\" \/>\n<meta property=\"og:url\" content=\"https:\/\/odine.com\/tr\/what-we-do\/capabilities\/consulting\/\" \/>\n<meta property=\"og:site_name\" content=\"Odine\" \/>\n<meta property=\"article:modified_time\" content=\"2024-05-21T12:29:23+00:00\" \/>\n<meta name=\"twitter:card\" content=\"summary_large_image\" \/>\n<meta name=\"twitter:label1\" content=\"Tahmini okuma s\u00fcresi\" \/>\n\t<meta name=\"twitter:data1\" content=\"4 dakika\" \/>\n<script type=\"application\/ld+json\" class=\"yoast-schema-graph\">{\"@context\":\"https:\/\/schema.org\",\"@graph\":[{\"@type\":\"WebPage\",\"@id\":\"https:\/\/odine.com\/what-we-do\/capabilities\/consulting\/\",\"url\":\"https:\/\/odine.com\/what-we-do\/capabilities\/consulting\/\",\"name\":\"Telecom Consulting Services | Odine\",\"isPartOf\":{\"@id\":\"https:\/\/odine.com\/#website\"},\"datePublished\":\"2023-04-24T09:29:07+00:00\",\"dateModified\":\"2024-05-21T12:29:23+00:00\",\"description\":\"Odine\u2019s telecom consulting services are led by a diverse portfolio of expertise, ranging from change management to outsourced engineering\",\"breadcrumb\":{\"@id\":\"https:\/\/odine.com\/what-we-do\/capabilities\/consulting\/#breadcrumb\"},\"inLanguage\":\"tr\",\"potentialAction\":[{\"@type\":\"ReadAction\",\"target\":[\"https:\/\/odine.com\/what-we-do\/capabilities\/consulting\/\"]}]},{\"@type\":\"BreadcrumbList\",\"@id\":\"https:\/\/odine.com\/what-we-do\/capabilities\/consulting\/#breadcrumb\",\"itemListElement\":[{\"@type\":\"ListItem\",\"position\":1,\"name\":\"Home\",\"item\":\"https:\/\/odine.com\/\"},{\"@type\":\"ListItem\",\"position\":2,\"name\":\"What We Do\",\"item\":\"https:\/\/odine.com\/what-we-do\/\"},{\"@type\":\"ListItem\",\"position\":3,\"name\":\"Capabilities\",\"item\":\"https:\/\/odine.com\/what-we-do\/capabilities\/\"},{\"@type\":\"ListItem\",\"position\":4,\"name\":\"Telecom Consulting\"}]},{\"@type\":\"WebSite\",\"@id\":\"https:\/\/odine.com\/#website\",\"url\":\"https:\/\/odine.com\/\",\"name\":\"Odine\",\"description\":\"\",\"potentialAction\":[{\"@type\":\"SearchAction\",\"target\":{\"@type\":\"EntryPoint\",\"urlTemplate\":\"https:\/\/odine.com\/?s={search_term_string}\"},\"query-input\":{\"@type\":\"PropertyValueSpecification\",\"valueRequired\":true,\"valueName\":\"search_term_string\"}}],\"inLanguage\":\"tr\"}]}<\/script>\n<!-- \/ Yoast SEO Premium plugin. -->","yoast_head_json":{"title":"Telekom Dan\u0131\u015fmanl\u0131\u011f\u0131 Hizmetleri | Odine","description":"Odine\u2019in telekom dan\u0131\u015fmanl\u0131\u011f\u0131 hizmetleri, de\u011fi\u015fim y\u00f6netiminden s\u00fcrd\u00fcr\u00fclebilir geli\u015fmeye kadar uzanan yetkin m\u00fchendislik i\u00e7eren geni\u015f bir uzmanl\u0131k yelpazesiyle y\u00f6netilmektedir.","robots":{"index":"index","follow":"follow","max-snippet":"max-snippet:-1","max-image-preview":"max-image-preview:large","max-video-preview":"max-video-preview:-1"},"canonical":"https:\/\/odine.com\/tr\/what-we-do\/capabilities\/consulting\/","og_locale":"tr_TR","og_type":"article","og_title":"Telecom Consulting","og_description":"Odine\u2019s telecom consulting services are led by a diverse portfolio of expertise, ranging from change management to outsourced engineering","og_url":"https:\/\/odine.com\/tr\/what-we-do\/capabilities\/consulting\/","og_site_name":"Odine","article_modified_time":"2024-05-21T12:29:23+00:00","twitter_card":"summary_large_image","twitter_misc":{"Tahmini okuma s\u00fcresi":"4 dakika"},"schema":{"@context":"https:\/\/schema.org","@graph":[{"@type":"WebPage","@id":"https:\/\/odine.com\/what-we-do\/capabilities\/consulting\/","url":"https:\/\/odine.com\/what-we-do\/capabilities\/consulting\/","name":"Telekom Dan\u0131\u015fmanl\u0131\u011f\u0131 Hizmetleri | Odine","isPartOf":{"@id":"https:\/\/odine.com\/#website"},"datePublished":"2023-04-24T09:29:07+00:00","dateModified":"2024-05-21T12:29:23+00:00","description":"Odine\u2019in telekom dan\u0131\u015fmanl\u0131\u011f\u0131 hizmetleri, de\u011fi\u015fim y\u00f6netiminden s\u00fcrd\u00fcr\u00fclebilir geli\u015fmeye kadar uzanan yetkin m\u00fchendislik i\u00e7eren geni\u015f bir uzmanl\u0131k yelpazesiyle y\u00f6netilmektedir.","breadcrumb":{"@id":"https:\/\/odine.com\/what-we-do\/capabilities\/consulting\/#breadcrumb"},"inLanguage":"tr","potentialAction":[{"@type":"ReadAction","target":["https:\/\/odine.com\/what-we-do\/capabilities\/consulting\/"]}]},{"@type":"BreadcrumbList","@id":"https:\/\/odine.com\/what-we-do\/capabilities\/consulting\/#breadcrumb","itemListElement":[{"@type":"ListItem","position":1,"name":"Home","item":"https:\/\/odine.com\/"},{"@type":"ListItem","position":2,"name":"What We Do","item":"https:\/\/odine.com\/what-we-do\/"},{"@type":"ListItem","position":3,"name":"Capabilities","item":"https:\/\/odine.com\/what-we-do\/capabilities\/"},{"@type":"ListItem","position":4,"name":"Telecom Consulting"}]},{"@type":"WebSite","@id":"https:\/\/odine.com\/#website","url":"https:\/\/odine.com\/","name":"Odine","description":"","potentialAction":[{"@type":"SearchAction","target":{"@type":"EntryPoint","urlTemplate":"https:\/\/odine.com\/?s={search_term_string}"},"query-input":{"@type":"PropertyValueSpecification","valueRequired":true,"valueName":"search_term_string"}}],"inLanguage":"tr"}]}},"_links":{"self":[{"href":"https:\/\/odine.com\/tr\/wp-json\/wp\/v2\/pages\/2603","targetHints":{"allow":["GET"]}}],"collection":[{"href":"https:\/\/odine.com\/tr\/wp-json\/wp\/v2\/pages"}],"about":[{"href":"https:\/\/odine.com\/tr\/wp-json\/wp\/v2\/types\/page"}],"author":[{"embeddable":true,"href":"https:\/\/odine.com\/tr\/wp-json\/wp\/v2\/users\/1"}],"replies":[{"embeddable":true,"href":"https:\/\/odine.com\/tr\/wp-json\/wp\/v2\/comments?post=2603"}],"version-history":[{"count":0,"href":"https:\/\/odine.com\/tr\/wp-json\/wp\/v2\/pages\/2603\/revisions"}],"up":[{"embeddable":true,"href":"https:\/\/odine.com\/tr\/wp-json\/wp\/v2\/pages\/2590"}],"wp:attachment":[{"href":"https:\/\/odine.com\/tr\/wp-json\/wp\/v2\/media?parent=2603"}],"curies":[{"name":"wp","href":"https:\/\/api.w.org\/{rel}","templated":true}]}}