{"id":148,"date":"2023-02-13T10:46:21","date_gmt":"2023-02-13T10:46:21","guid":{"rendered":"https:\/\/odine.tiltuat.co.uk\/?page_id=148"},"modified":"2026-02-27T18:41:23","modified_gmt":"2026-02-27T18:41:23","slug":"partnerships","status":"publish","type":"page","link":"https:\/\/odine.com\/tr\/partnerships\/","title":{"rendered":"\u0130\u015f Ortaklar\u0131m\u0131z"},"content":{"rendered":"","protected":false},"excerpt":{"rendered":"","protected":false},"author":1,"featured_media":0,"parent":0,"menu_order":0,"comment_status":"closed","ping_status":"closed","template":"","meta":{"_acf_changed":false,"footnotes":"","_links_to":"","_links_to_target":""},"class_list":["post-148","page","type-page","status-publish","hentry"],"acf":[],"yoast_head":"<!-- This site is optimized with the Yoast SEO Premium plugin v20.7 (Yoast SEO v25.7) - https:\/\/yoast.com\/wordpress\/plugins\/seo\/ -->\n<title>Technology Partners | Odine<\/title>\n<meta name=\"description\" content=\"We are global telecoms partners. Explore our customer relationships, where we work together to build the networks of the future.\" \/>\n<meta name=\"robots\" content=\"index, follow, max-snippet:-1, max-image-preview:large, max-video-preview:-1\" \/>\n<link rel=\"canonical\" href=\"https:\/\/odine.com\/tr\/partnerships\/\" \/>\n<meta property=\"og:locale\" content=\"tr_TR\" \/>\n<meta property=\"og:type\" content=\"article\" \/>\n<meta property=\"og:title\" content=\"Technology Partners\" \/>\n<meta property=\"og:description\" content=\"We are global telecoms partners. Explore our customer relationships, where we work together to build the networks of the future.\" \/>\n<meta property=\"og:url\" content=\"https:\/\/odine.com\/tr\/partnerships\/\" \/>\n<meta property=\"og:site_name\" content=\"Odine\" \/>\n<meta property=\"article:modified_time\" content=\"2026-02-27T18:41:23+00:00\" \/>\n<meta name=\"twitter:card\" content=\"summary_large_image\" \/>\n<meta name=\"twitter:label1\" content=\"Tahmini okuma s\u00fcresi\" \/>\n\t<meta name=\"twitter:data1\" content=\"13 dakika\" \/>\n<script type=\"application\/ld+json\" class=\"yoast-schema-graph\">{\"@context\":\"https:\/\/schema.org\",\"@graph\":[{\"@type\":\"WebPage\",\"@id\":\"https:\/\/odine.com\/partnerships\/\",\"url\":\"https:\/\/odine.com\/partnerships\/\",\"name\":\"Technology Partners | Odine\",\"isPartOf\":{\"@id\":\"https:\/\/odine.com\/#website\"},\"datePublished\":\"2023-02-13T10:46:21+00:00\",\"dateModified\":\"2026-02-27T18:41:23+00:00\",\"description\":\"We are global telecoms partners. Explore our customer relationships, where we work together to build the networks of the future.\",\"breadcrumb\":{\"@id\":\"https:\/\/odine.com\/partnerships\/#breadcrumb\"},\"inLanguage\":\"tr\",\"potentialAction\":[{\"@type\":\"ReadAction\",\"target\":[\"https:\/\/odine.com\/partnerships\/\"]}]},{\"@type\":\"BreadcrumbList\",\"@id\":\"https:\/\/odine.com\/partnerships\/#breadcrumb\",\"itemListElement\":[{\"@type\":\"ListItem\",\"position\":1,\"name\":\"Home\",\"item\":\"https:\/\/odine.com\/\"},{\"@type\":\"ListItem\",\"position\":2,\"name\":\"Technology Partners\"}]},{\"@type\":\"WebSite\",\"@id\":\"https:\/\/odine.com\/#website\",\"url\":\"https:\/\/odine.com\/\",\"name\":\"Odine\",\"description\":\"\",\"potentialAction\":[{\"@type\":\"SearchAction\",\"target\":{\"@type\":\"EntryPoint\",\"urlTemplate\":\"https:\/\/odine.com\/?s={search_term_string}\"},\"query-input\":{\"@type\":\"PropertyValueSpecification\",\"valueRequired\":true,\"valueName\":\"search_term_string\"}}],\"inLanguage\":\"tr\"}]}<\/script>\n<!-- \/ Yoast SEO Premium plugin. -->","yoast_head_json":{"title":"Technology Partners | Odine","description":"Gelece\u011fin a\u011flar\u0131n\u0131 birlikte in\u015fa etmek i\u00e7in \u00e7al\u0131\u015ft\u0131\u011f\u0131m\u0131z global telekom\u00fcnikasyon ortakl\u0131klar\u0131m\u0131z\u0131 ke\u015ffedin.","robots":{"index":"index","follow":"follow","max-snippet":"max-snippet:-1","max-image-preview":"max-image-preview:large","max-video-preview":"max-video-preview:-1"},"canonical":"https:\/\/odine.com\/tr\/partnerships\/","og_locale":"tr_TR","og_type":"article","og_title":"Technology Partners","og_description":"We are global telecoms partners. Explore our customer relationships, where we work together to build the networks of the future.","og_url":"https:\/\/odine.com\/tr\/partnerships\/","og_site_name":"Odine","article_modified_time":"2026-02-27T18:41:23+00:00","twitter_card":"summary_large_image","twitter_misc":{"Tahmini okuma s\u00fcresi":"13 dakika"},"schema":{"@context":"https:\/\/schema.org","@graph":[{"@type":"WebPage","@id":"https:\/\/odine.com\/partnerships\/","url":"https:\/\/odine.com\/partnerships\/","name":"Technology Partners | Odine","isPartOf":{"@id":"https:\/\/odine.com\/#website"},"datePublished":"2023-02-13T10:46:21+00:00","dateModified":"2026-02-27T18:41:23+00:00","description":"Gelece\u011fin a\u011flar\u0131n\u0131 birlikte in\u015fa etmek i\u00e7in \u00e7al\u0131\u015ft\u0131\u011f\u0131m\u0131z global telekom\u00fcnikasyon ortakl\u0131klar\u0131m\u0131z\u0131 ke\u015ffedin.","breadcrumb":{"@id":"https:\/\/odine.com\/partnerships\/#breadcrumb"},"inLanguage":"tr","potentialAction":[{"@type":"ReadAction","target":["https:\/\/odine.com\/partnerships\/"]}]},{"@type":"BreadcrumbList","@id":"https:\/\/odine.com\/partnerships\/#breadcrumb","itemListElement":[{"@type":"ListItem","position":1,"name":"Home","item":"https:\/\/odine.com\/"},{"@type":"ListItem","position":2,"name":"Technology Partners"}]},{"@type":"WebSite","@id":"https:\/\/odine.com\/#website","url":"https:\/\/odine.com\/","name":"Odine","description":"","potentialAction":[{"@type":"SearchAction","target":{"@type":"EntryPoint","urlTemplate":"https:\/\/odine.com\/?s={search_term_string}"},"query-input":{"@type":"PropertyValueSpecification","valueRequired":true,"valueName":"search_term_string"}}],"inLanguage":"tr"}]}},"_links":{"self":[{"href":"https:\/\/odine.com\/tr\/wp-json\/wp\/v2\/pages\/148","targetHints":{"allow":["GET"]}}],"collection":[{"href":"https:\/\/odine.com\/tr\/wp-json\/wp\/v2\/pages"}],"about":[{"href":"https:\/\/odine.com\/tr\/wp-json\/wp\/v2\/types\/page"}],"author":[{"embeddable":true,"href":"https:\/\/odine.com\/tr\/wp-json\/wp\/v2\/users\/1"}],"replies":[{"embeddable":true,"href":"https:\/\/odine.com\/tr\/wp-json\/wp\/v2\/comments?post=148"}],"version-history":[{"count":0,"href":"https:\/\/odine.com\/tr\/wp-json\/wp\/v2\/pages\/148\/revisions"}],"wp:attachment":[{"href":"https:\/\/odine.com\/tr\/wp-json\/wp\/v2\/media?parent=148"}],"curies":[{"name":"wp","href":"https:\/\/api.w.org\/{rel}","templated":true}]}}