{"id":146,"date":"2023-02-13T10:46:11","date_gmt":"2023-02-13T10:46:11","guid":{"rendered":"https:\/\/odine.tiltuat.co.uk\/?page_id=146"},"modified":"2026-02-27T08:06:48","modified_gmt":"2026-02-27T08:06:48","slug":"telecoms-voice-solutions","status":"publish","type":"page","link":"https:\/\/odine.com\/tr\/odinelabs\/telecoms-voice-solutions\/","title":{"rendered":"Telekom\u00fcnikasyon Ses \u00c7\u00f6z\u00fcmleri"},"content":{"rendered":"","protected":false},"excerpt":{"rendered":"","protected":false},"author":1,"featured_media":0,"parent":5347,"menu_order":0,"comment_status":"closed","ping_status":"closed","template":"","meta":{"_acf_changed":false,"footnotes":"","_links_to":"","_links_to_target":""},"class_list":["post-146","page","type-page","status-publish","hentry"],"acf":[],"yoast_head":"<!-- This site is optimized with the Yoast SEO Premium plugin v20.7 (Yoast SEO v25.7) - https:\/\/yoast.com\/wordpress\/plugins\/seo\/ -->\n<title>Telecoms Voice Solutions | Odine\u00a0<\/title>\n<meta name=\"description\" content=\"Odine\u2019s telecoms voice solutions for telecoms are intelligent, forward-thinking and empower agile transformation long-term.\" \/>\n<meta name=\"robots\" content=\"index, follow, max-snippet:-1, max-image-preview:large, max-video-preview:-1\" \/>\n<link rel=\"canonical\" href=\"https:\/\/odine.com\/tr\/odinelabs\/telecoms-voice-solutions\/\" \/>\n<meta property=\"og:locale\" content=\"tr_TR\" \/>\n<meta property=\"og:type\" content=\"article\" \/>\n<meta property=\"og:title\" content=\"Telecoms Voice Solutions\" \/>\n<meta property=\"og:description\" content=\"Odine\u2019s telecoms voice solutions for telecoms are intelligent, forward-thinking and empower agile transformation long-term.\" \/>\n<meta property=\"og:url\" content=\"https:\/\/odine.com\/tr\/odinelabs\/telecoms-voice-solutions\/\" \/>\n<meta property=\"og:site_name\" content=\"Odine\" \/>\n<meta property=\"article:modified_time\" content=\"2026-02-27T08:06:48+00:00\" \/>\n<meta name=\"twitter:card\" content=\"summary_large_image\" \/>\n<meta name=\"twitter:label1\" content=\"Tahmini okuma s\u00fcresi\" \/>\n\t<meta name=\"twitter:data1\" content=\"4 dakika\" \/>\n<script type=\"application\/ld+json\" class=\"yoast-schema-graph\">{\"@context\":\"https:\/\/schema.org\",\"@graph\":[{\"@type\":\"WebPage\",\"@id\":\"https:\/\/odine.com\/odinelabs\/telecoms-voice-solutions\/\",\"url\":\"https:\/\/odine.com\/odinelabs\/telecoms-voice-solutions\/\",\"name\":\"Telecoms Voice Solutions | Odine\u00a0\",\"isPartOf\":{\"@id\":\"https:\/\/odine.com\/#website\"},\"datePublished\":\"2023-02-13T10:46:11+00:00\",\"dateModified\":\"2026-02-27T08:06:48+00:00\",\"description\":\"Odine\u2019s telecoms voice solutions for telecoms are intelligent, forward-thinking and empower agile transformation long-term.\",\"breadcrumb\":{\"@id\":\"https:\/\/odine.com\/odinelabs\/telecoms-voice-solutions\/#breadcrumb\"},\"inLanguage\":\"tr\",\"potentialAction\":[{\"@type\":\"ReadAction\",\"target\":[\"https:\/\/odine.com\/odinelabs\/telecoms-voice-solutions\/\"]}]},{\"@type\":\"BreadcrumbList\",\"@id\":\"https:\/\/odine.com\/odinelabs\/telecoms-voice-solutions\/#breadcrumb\",\"itemListElement\":[{\"@type\":\"ListItem\",\"position\":1,\"name\":\"Home\",\"item\":\"https:\/\/odine.com\/\"},{\"@type\":\"ListItem\",\"position\":2,\"name\":\"OdineLabs\",\"item\":\"https:\/\/odine.com\/odinelabs\/\"},{\"@type\":\"ListItem\",\"position\":3,\"name\":\"Telecoms Voice Solutions\"}]},{\"@type\":\"WebSite\",\"@id\":\"https:\/\/odine.com\/#website\",\"url\":\"https:\/\/odine.com\/\",\"name\":\"Odine\",\"description\":\"\",\"potentialAction\":[{\"@type\":\"SearchAction\",\"target\":{\"@type\":\"EntryPoint\",\"urlTemplate\":\"https:\/\/odine.com\/?s={search_term_string}\"},\"query-input\":{\"@type\":\"PropertyValueSpecification\",\"valueRequired\":true,\"valueName\":\"search_term_string\"}}],\"inLanguage\":\"tr\"}]}<\/script>\n<!-- \/ Yoast SEO Premium plugin. -->","yoast_head_json":{"title":"Telekom\u00fcnikasyon Ses \u00c7\u00f6z\u00fcmleri | Odine\u00a0","description":"Odine'in telekom\u00fcnikasyon ses \u00e7\u00f6z\u00fcmleri ak\u0131ll\u0131d\u0131r, ileri g\u00f6r\u00fc\u015fl\u00fcd\u00fcr ve uzun vadeli \u00e7evik d\u00f6n\u00fc\u015f\u00fcm\u00fc destekler.","robots":{"index":"index","follow":"follow","max-snippet":"max-snippet:-1","max-image-preview":"max-image-preview:large","max-video-preview":"max-video-preview:-1"},"canonical":"https:\/\/odine.com\/tr\/odinelabs\/telecoms-voice-solutions\/","og_locale":"tr_TR","og_type":"article","og_title":"Telecoms Voice Solutions","og_description":"Odine\u2019s telecoms voice solutions for telecoms are intelligent, forward-thinking and empower agile transformation long-term.","og_url":"https:\/\/odine.com\/tr\/odinelabs\/telecoms-voice-solutions\/","og_site_name":"Odine","article_modified_time":"2026-02-27T08:06:48+00:00","twitter_card":"summary_large_image","twitter_misc":{"Tahmini okuma s\u00fcresi":"4 dakika"},"schema":{"@context":"https:\/\/schema.org","@graph":[{"@type":"WebPage","@id":"https:\/\/odine.com\/odinelabs\/telecoms-voice-solutions\/","url":"https:\/\/odine.com\/odinelabs\/telecoms-voice-solutions\/","name":"Telekom\u00fcnikasyon Ses \u00c7\u00f6z\u00fcmleri | Odine\u00a0","isPartOf":{"@id":"https:\/\/odine.com\/#website"},"datePublished":"2023-02-13T10:46:11+00:00","dateModified":"2026-02-27T08:06:48+00:00","description":"Odine'in telekom\u00fcnikasyon ses \u00e7\u00f6z\u00fcmleri ak\u0131ll\u0131d\u0131r, ileri g\u00f6r\u00fc\u015fl\u00fcd\u00fcr ve uzun vadeli \u00e7evik d\u00f6n\u00fc\u015f\u00fcm\u00fc destekler.","breadcrumb":{"@id":"https:\/\/odine.com\/odinelabs\/telecoms-voice-solutions\/#breadcrumb"},"inLanguage":"tr","potentialAction":[{"@type":"ReadAction","target":["https:\/\/odine.com\/odinelabs\/telecoms-voice-solutions\/"]}]},{"@type":"BreadcrumbList","@id":"https:\/\/odine.com\/odinelabs\/telecoms-voice-solutions\/#breadcrumb","itemListElement":[{"@type":"ListItem","position":1,"name":"Home","item":"https:\/\/odine.com\/"},{"@type":"ListItem","position":2,"name":"OdineLabs","item":"https:\/\/odine.com\/odinelabs\/"},{"@type":"ListItem","position":3,"name":"Telecoms Voice Solutions"}]},{"@type":"WebSite","@id":"https:\/\/odine.com\/#website","url":"https:\/\/odine.com\/","name":"Odine","description":"","potentialAction":[{"@type":"SearchAction","target":{"@type":"EntryPoint","urlTemplate":"https:\/\/odine.com\/?s={search_term_string}"},"query-input":{"@type":"PropertyValueSpecification","valueRequired":true,"valueName":"search_term_string"}}],"inLanguage":"tr"}]}},"_links":{"self":[{"href":"https:\/\/odine.com\/tr\/wp-json\/wp\/v2\/pages\/146","targetHints":{"allow":["GET"]}}],"collection":[{"href":"https:\/\/odine.com\/tr\/wp-json\/wp\/v2\/pages"}],"about":[{"href":"https:\/\/odine.com\/tr\/wp-json\/wp\/v2\/types\/page"}],"author":[{"embeddable":true,"href":"https:\/\/odine.com\/tr\/wp-json\/wp\/v2\/users\/1"}],"replies":[{"embeddable":true,"href":"https:\/\/odine.com\/tr\/wp-json\/wp\/v2\/comments?post=146"}],"version-history":[{"count":0,"href":"https:\/\/odine.com\/tr\/wp-json\/wp\/v2\/pages\/146\/revisions"}],"up":[{"embeddable":true,"href":"https:\/\/odine.com\/tr\/wp-json\/wp\/v2\/pages\/5347"}],"wp:attachment":[{"href":"https:\/\/odine.com\/tr\/wp-json\/wp\/v2\/media?parent=146"}],"curies":[{"name":"wp","href":"https:\/\/api.w.org\/{rel}","templated":true}]}}