{"id":144,"date":"2023-02-13T10:45:26","date_gmt":"2023-02-13T10:45:26","guid":{"rendered":"https:\/\/odine.tiltuat.co.uk\/?page_id=144"},"modified":"2024-05-21T13:33:45","modified_gmt":"2024-05-21T12:33:45","slug":"nfv-orchestration","status":"publish","type":"page","link":"https:\/\/odine.com\/tr\/technology\/management-orchestration\/nfv-orchestration\/","title":{"rendered":"A\u011f Fonksiyonu Sanalla\u015ft\u0131rma Y\u00f6netimi (NFV) ve Orkestrasyonu"},"content":{"rendered":"","protected":false},"excerpt":{"rendered":"","protected":false},"author":1,"featured_media":0,"parent":118,"menu_order":0,"comment_status":"closed","ping_status":"closed","template":"","meta":{"_acf_changed":false,"footnotes":"","_links_to":"","_links_to_target":""},"class_list":["post-144","page","type-page","status-publish","hentry"],"acf":[],"yoast_head":"<!-- This site is optimized with the Yoast SEO Premium plugin v20.7 (Yoast SEO v25.7) - https:\/\/yoast.com\/wordpress\/plugins\/seo\/ -->\n<title>NFV Orchestration Solutions | Odine<\/title>\n<meta name=\"description\" content=\"Odine provides open-source proposals and other customized solutions to help design your framework for NFV orchestration.\" \/>\n<meta name=\"robots\" content=\"index, follow, max-snippet:-1, max-image-preview:large, max-video-preview:-1\" \/>\n<link rel=\"canonical\" href=\"https:\/\/odine.com\/tr\/technology\/management-orchestration\/nfv-orchestration\/\" \/>\n<meta property=\"og:locale\" content=\"tr_TR\" \/>\n<meta property=\"og:type\" content=\"article\" \/>\n<meta property=\"og:title\" content=\"NFV Orchestration\" \/>\n<meta property=\"og:description\" content=\"Odine provides open-source proposals and other customized solutions to help design your framework for NFV orchestration.\" \/>\n<meta property=\"og:url\" content=\"https:\/\/odine.com\/tr\/technology\/management-orchestration\/nfv-orchestration\/\" \/>\n<meta property=\"og:site_name\" content=\"Odine\" \/>\n<meta property=\"article:modified_time\" content=\"2024-05-21T12:33:45+00:00\" \/>\n<meta name=\"twitter:card\" content=\"summary_large_image\" \/>\n<meta name=\"twitter:label1\" content=\"Tahmini okuma s\u00fcresi\" \/>\n\t<meta name=\"twitter:data1\" content=\"3 dakika\" \/>\n<script type=\"application\/ld+json\" class=\"yoast-schema-graph\">{\"@context\":\"https:\/\/schema.org\",\"@graph\":[{\"@type\":\"WebPage\",\"@id\":\"https:\/\/odine.com\/technology\/management-orchestration\/nfv-orchestration\/\",\"url\":\"https:\/\/odine.com\/technology\/management-orchestration\/nfv-orchestration\/\",\"name\":\"NFV Orchestration Solutions | Odine\",\"isPartOf\":{\"@id\":\"https:\/\/odine.com\/#website\"},\"datePublished\":\"2023-02-13T10:45:26+00:00\",\"dateModified\":\"2024-05-21T12:33:45+00:00\",\"description\":\"Odine provides open-source proposals and other customized solutions to help design your framework for NFV orchestration.\",\"breadcrumb\":{\"@id\":\"https:\/\/odine.com\/technology\/management-orchestration\/nfv-orchestration\/#breadcrumb\"},\"inLanguage\":\"tr\",\"potentialAction\":[{\"@type\":\"ReadAction\",\"target\":[\"https:\/\/odine.com\/technology\/management-orchestration\/nfv-orchestration\/\"]}]},{\"@type\":\"BreadcrumbList\",\"@id\":\"https:\/\/odine.com\/technology\/management-orchestration\/nfv-orchestration\/#breadcrumb\",\"itemListElement\":[{\"@type\":\"ListItem\",\"position\":1,\"name\":\"Home\",\"item\":\"https:\/\/odine.com\/\"},{\"@type\":\"ListItem\",\"position\":2,\"name\":\"Technologies\",\"item\":\"https:\/\/odine.com\/technology\/\"},{\"@type\":\"ListItem\",\"position\":3,\"name\":\"Management and Orchestration (MANO)\",\"item\":\"https:\/\/odine.com\/technology\/management-orchestration\/\"},{\"@type\":\"ListItem\",\"position\":4,\"name\":\"NFV Orchestration\"}]},{\"@type\":\"WebSite\",\"@id\":\"https:\/\/odine.com\/#website\",\"url\":\"https:\/\/odine.com\/\",\"name\":\"Odine\",\"description\":\"\",\"potentialAction\":[{\"@type\":\"SearchAction\",\"target\":{\"@type\":\"EntryPoint\",\"urlTemplate\":\"https:\/\/odine.com\/?s={search_term_string}\"},\"query-input\":{\"@type\":\"PropertyValueSpecification\",\"valueRequired\":true,\"valueName\":\"search_term_string\"}}],\"inLanguage\":\"tr\"}]}<\/script>\n<!-- \/ Yoast SEO Premium plugin. -->","yoast_head_json":{"title":"NFV Orkestrasyon \u00c7\u00f6z\u00fcmleri | Odine","description":"Odine, mimarinizi NFV orkestrasyonu i\u00e7in tasarlaman\u0131za yard\u0131mc\u0131 olacak a\u00e7\u0131k kaynak teklifleri ve \u00f6zelle\u015ftirilmi\u015f \u00e7\u00f6z\u00fcmler sunar.","robots":{"index":"index","follow":"follow","max-snippet":"max-snippet:-1","max-image-preview":"max-image-preview:large","max-video-preview":"max-video-preview:-1"},"canonical":"https:\/\/odine.com\/tr\/technology\/management-orchestration\/nfv-orchestration\/","og_locale":"tr_TR","og_type":"article","og_title":"NFV Orchestration","og_description":"Odine provides open-source proposals and other customized solutions to help design your framework for NFV orchestration.","og_url":"https:\/\/odine.com\/tr\/technology\/management-orchestration\/nfv-orchestration\/","og_site_name":"Odine","article_modified_time":"2024-05-21T12:33:45+00:00","twitter_card":"summary_large_image","twitter_misc":{"Tahmini okuma s\u00fcresi":"3 dakika"},"schema":{"@context":"https:\/\/schema.org","@graph":[{"@type":"WebPage","@id":"https:\/\/odine.com\/technology\/management-orchestration\/nfv-orchestration\/","url":"https:\/\/odine.com\/technology\/management-orchestration\/nfv-orchestration\/","name":"NFV Orkestrasyon \u00c7\u00f6z\u00fcmleri | Odine","isPartOf":{"@id":"https:\/\/odine.com\/#website"},"datePublished":"2023-02-13T10:45:26+00:00","dateModified":"2024-05-21T12:33:45+00:00","description":"Odine, mimarinizi NFV orkestrasyonu i\u00e7in tasarlaman\u0131za yard\u0131mc\u0131 olacak a\u00e7\u0131k kaynak teklifleri ve \u00f6zelle\u015ftirilmi\u015f \u00e7\u00f6z\u00fcmler sunar.","breadcrumb":{"@id":"https:\/\/odine.com\/technology\/management-orchestration\/nfv-orchestration\/#breadcrumb"},"inLanguage":"tr","potentialAction":[{"@type":"ReadAction","target":["https:\/\/odine.com\/technology\/management-orchestration\/nfv-orchestration\/"]}]},{"@type":"BreadcrumbList","@id":"https:\/\/odine.com\/technology\/management-orchestration\/nfv-orchestration\/#breadcrumb","itemListElement":[{"@type":"ListItem","position":1,"name":"Home","item":"https:\/\/odine.com\/"},{"@type":"ListItem","position":2,"name":"Technologies","item":"https:\/\/odine.com\/technology\/"},{"@type":"ListItem","position":3,"name":"Management and Orchestration (MANO)","item":"https:\/\/odine.com\/technology\/management-orchestration\/"},{"@type":"ListItem","position":4,"name":"NFV Orchestration"}]},{"@type":"WebSite","@id":"https:\/\/odine.com\/#website","url":"https:\/\/odine.com\/","name":"Odine","description":"","potentialAction":[{"@type":"SearchAction","target":{"@type":"EntryPoint","urlTemplate":"https:\/\/odine.com\/?s={search_term_string}"},"query-input":{"@type":"PropertyValueSpecification","valueRequired":true,"valueName":"search_term_string"}}],"inLanguage":"tr"}]}},"_links":{"self":[{"href":"https:\/\/odine.com\/tr\/wp-json\/wp\/v2\/pages\/144","targetHints":{"allow":["GET"]}}],"collection":[{"href":"https:\/\/odine.com\/tr\/wp-json\/wp\/v2\/pages"}],"about":[{"href":"https:\/\/odine.com\/tr\/wp-json\/wp\/v2\/types\/page"}],"author":[{"embeddable":true,"href":"https:\/\/odine.com\/tr\/wp-json\/wp\/v2\/users\/1"}],"replies":[{"embeddable":true,"href":"https:\/\/odine.com\/tr\/wp-json\/wp\/v2\/comments?post=144"}],"version-history":[{"count":0,"href":"https:\/\/odine.com\/tr\/wp-json\/wp\/v2\/pages\/144\/revisions"}],"up":[{"embeddable":true,"href":"https:\/\/odine.com\/tr\/wp-json\/wp\/v2\/pages\/118"}],"wp:attachment":[{"href":"https:\/\/odine.com\/tr\/wp-json\/wp\/v2\/media?parent=144"}],"curies":[{"name":"wp","href":"https:\/\/api.w.org\/{rel}","templated":true}]}}