{"id":138,"date":"2023-02-13T10:44:39","date_gmt":"2023-02-13T10:44:39","guid":{"rendered":"https:\/\/odine.tiltuat.co.uk\/?page_id=138"},"modified":"2024-05-21T13:32:54","modified_gmt":"2024-05-21T12:32:54","slug":"disaggregated-ip-networks-dcsg-ddbr","status":"publish","type":"page","link":"https:\/\/odine.com\/tr\/technology\/disaggregated-networks\/disaggregated-ip-networks-dcsg-ddbr\/","title":{"rendered":"Ayr\u0131\u015ft\u0131r\u0131lm\u0131\u015f IP A\u011flar\u0131\u202f"},"content":{"rendered":"","protected":false},"excerpt":{"rendered":"","protected":false},"author":1,"featured_media":0,"parent":116,"menu_order":0,"comment_status":"closed","ping_status":"closed","template":"","meta":{"_acf_changed":false,"footnotes":"","_links_to":"","_links_to_target":""},"class_list":["post-138","page","type-page","status-publish","hentry"],"acf":[],"yoast_head":"<!-- This site is optimized with the Yoast SEO Premium plugin v20.7 (Yoast SEO v25.7) - https:\/\/yoast.com\/wordpress\/plugins\/seo\/ -->\n<title>Disaggregated IP Networks Solutions | Odine<\/title>\n<meta name=\"description\" content=\"Partner with Odine to transform across your core, access and transport networks with disaggregated IP networks.\" \/>\n<meta name=\"robots\" content=\"index, follow, max-snippet:-1, max-image-preview:large, max-video-preview:-1\" \/>\n<link rel=\"canonical\" href=\"https:\/\/odine.com\/tr\/technology\/disaggregated-networks\/disaggregated-ip-networks-dcsg-ddbr\/\" \/>\n<meta property=\"og:locale\" content=\"tr_TR\" \/>\n<meta property=\"og:type\" content=\"article\" \/>\n<meta property=\"og:title\" content=\"Disaggregated IP Networks\" \/>\n<meta property=\"og:description\" content=\"Partner with Odine to transform across your core, access and transport networks with disaggregated IP networks.\" \/>\n<meta property=\"og:url\" content=\"https:\/\/odine.com\/tr\/technology\/disaggregated-networks\/disaggregated-ip-networks-dcsg-ddbr\/\" \/>\n<meta property=\"og:site_name\" content=\"Odine\" \/>\n<meta property=\"article:modified_time\" content=\"2024-05-21T12:32:54+00:00\" \/>\n<meta name=\"twitter:card\" content=\"summary_large_image\" \/>\n<meta name=\"twitter:label1\" content=\"Tahmini okuma s\u00fcresi\" \/>\n\t<meta name=\"twitter:data1\" content=\"3 dakika\" \/>\n<script type=\"application\/ld+json\" class=\"yoast-schema-graph\">{\"@context\":\"https:\/\/schema.org\",\"@graph\":[{\"@type\":\"WebPage\",\"@id\":\"https:\/\/odine.com\/technology\/disaggregated-networks\/disaggregated-ip-networks-dcsg-ddbr\/\",\"url\":\"https:\/\/odine.com\/technology\/disaggregated-networks\/disaggregated-ip-networks-dcsg-ddbr\/\",\"name\":\"Disaggregated IP Networks Solutions | Odine\",\"isPartOf\":{\"@id\":\"https:\/\/odine.com\/#website\"},\"datePublished\":\"2023-02-13T10:44:39+00:00\",\"dateModified\":\"2024-05-21T12:32:54+00:00\",\"description\":\"Partner with Odine to transform across your core, access and transport networks with disaggregated IP networks.\",\"breadcrumb\":{\"@id\":\"https:\/\/odine.com\/technology\/disaggregated-networks\/disaggregated-ip-networks-dcsg-ddbr\/#breadcrumb\"},\"inLanguage\":\"tr\",\"potentialAction\":[{\"@type\":\"ReadAction\",\"target\":[\"https:\/\/odine.com\/technology\/disaggregated-networks\/disaggregated-ip-networks-dcsg-ddbr\/\"]}]},{\"@type\":\"BreadcrumbList\",\"@id\":\"https:\/\/odine.com\/technology\/disaggregated-networks\/disaggregated-ip-networks-dcsg-ddbr\/#breadcrumb\",\"itemListElement\":[{\"@type\":\"ListItem\",\"position\":1,\"name\":\"Home\",\"item\":\"https:\/\/odine.com\/\"},{\"@type\":\"ListItem\",\"position\":2,\"name\":\"Technologies\",\"item\":\"https:\/\/odine.com\/technology\/\"},{\"@type\":\"ListItem\",\"position\":3,\"name\":\"Disaggregated Networks\",\"item\":\"https:\/\/odine.com\/technology\/disaggregated-networks\/\"},{\"@type\":\"ListItem\",\"position\":4,\"name\":\"Disaggregated IP Networks\"}]},{\"@type\":\"WebSite\",\"@id\":\"https:\/\/odine.com\/#website\",\"url\":\"https:\/\/odine.com\/\",\"name\":\"Odine\",\"description\":\"\",\"potentialAction\":[{\"@type\":\"SearchAction\",\"target\":{\"@type\":\"EntryPoint\",\"urlTemplate\":\"https:\/\/odine.com\/?s={search_term_string}\"},\"query-input\":{\"@type\":\"PropertyValueSpecification\",\"valueRequired\":true,\"valueName\":\"search_term_string\"}}],\"inLanguage\":\"tr\"}]}<\/script>\n<!-- \/ Yoast SEO Premium plugin. -->","yoast_head_json":{"title":"Ayr\u0131\u015ft\u0131r\u0131lm\u0131\u015f IP a\u011flar\u0131 \u00e7\u00f6z\u00fcmleri | Odine","description":"Odine ile birlikte \u00e7ekirdek, iletim ve eri\u015fim \u015febekelerinin d\u00f6n\u00fc\u015f\u00fcm\u00fcn\u00fc hayata ge\u00e7irerek daha esnek ve sanal \u015febeke ekosistemine kavu\u015fabilirsiniz.","robots":{"index":"index","follow":"follow","max-snippet":"max-snippet:-1","max-image-preview":"max-image-preview:large","max-video-preview":"max-video-preview:-1"},"canonical":"https:\/\/odine.com\/tr\/technology\/disaggregated-networks\/disaggregated-ip-networks-dcsg-ddbr\/","og_locale":"tr_TR","og_type":"article","og_title":"Disaggregated IP Networks","og_description":"Partner with Odine to transform across your core, access and transport networks with disaggregated IP networks.","og_url":"https:\/\/odine.com\/tr\/technology\/disaggregated-networks\/disaggregated-ip-networks-dcsg-ddbr\/","og_site_name":"Odine","article_modified_time":"2024-05-21T12:32:54+00:00","twitter_card":"summary_large_image","twitter_misc":{"Tahmini okuma s\u00fcresi":"3 dakika"},"schema":{"@context":"https:\/\/schema.org","@graph":[{"@type":"WebPage","@id":"https:\/\/odine.com\/technology\/disaggregated-networks\/disaggregated-ip-networks-dcsg-ddbr\/","url":"https:\/\/odine.com\/technology\/disaggregated-networks\/disaggregated-ip-networks-dcsg-ddbr\/","name":"Ayr\u0131\u015ft\u0131r\u0131lm\u0131\u015f IP a\u011flar\u0131 \u00e7\u00f6z\u00fcmleri | Odine","isPartOf":{"@id":"https:\/\/odine.com\/#website"},"datePublished":"2023-02-13T10:44:39+00:00","dateModified":"2024-05-21T12:32:54+00:00","description":"Odine ile birlikte \u00e7ekirdek, iletim ve eri\u015fim \u015febekelerinin d\u00f6n\u00fc\u015f\u00fcm\u00fcn\u00fc hayata ge\u00e7irerek daha esnek ve sanal \u015febeke ekosistemine kavu\u015fabilirsiniz.","breadcrumb":{"@id":"https:\/\/odine.com\/technology\/disaggregated-networks\/disaggregated-ip-networks-dcsg-ddbr\/#breadcrumb"},"inLanguage":"tr","potentialAction":[{"@type":"ReadAction","target":["https:\/\/odine.com\/technology\/disaggregated-networks\/disaggregated-ip-networks-dcsg-ddbr\/"]}]},{"@type":"BreadcrumbList","@id":"https:\/\/odine.com\/technology\/disaggregated-networks\/disaggregated-ip-networks-dcsg-ddbr\/#breadcrumb","itemListElement":[{"@type":"ListItem","position":1,"name":"Home","item":"https:\/\/odine.com\/"},{"@type":"ListItem","position":2,"name":"Technologies","item":"https:\/\/odine.com\/technology\/"},{"@type":"ListItem","position":3,"name":"Disaggregated Networks","item":"https:\/\/odine.com\/technology\/disaggregated-networks\/"},{"@type":"ListItem","position":4,"name":"Disaggregated IP Networks"}]},{"@type":"WebSite","@id":"https:\/\/odine.com\/#website","url":"https:\/\/odine.com\/","name":"Odine","description":"","potentialAction":[{"@type":"SearchAction","target":{"@type":"EntryPoint","urlTemplate":"https:\/\/odine.com\/?s={search_term_string}"},"query-input":{"@type":"PropertyValueSpecification","valueRequired":true,"valueName":"search_term_string"}}],"inLanguage":"tr"}]}},"_links":{"self":[{"href":"https:\/\/odine.com\/tr\/wp-json\/wp\/v2\/pages\/138","targetHints":{"allow":["GET"]}}],"collection":[{"href":"https:\/\/odine.com\/tr\/wp-json\/wp\/v2\/pages"}],"about":[{"href":"https:\/\/odine.com\/tr\/wp-json\/wp\/v2\/types\/page"}],"author":[{"embeddable":true,"href":"https:\/\/odine.com\/tr\/wp-json\/wp\/v2\/users\/1"}],"replies":[{"embeddable":true,"href":"https:\/\/odine.com\/tr\/wp-json\/wp\/v2\/comments?post=138"}],"version-history":[{"count":0,"href":"https:\/\/odine.com\/tr\/wp-json\/wp\/v2\/pages\/138\/revisions"}],"up":[{"embeddable":true,"href":"https:\/\/odine.com\/tr\/wp-json\/wp\/v2\/pages\/116"}],"wp:attachment":[{"href":"https:\/\/odine.com\/tr\/wp-json\/wp\/v2\/media?parent=138"}],"curies":[{"name":"wp","href":"https:\/\/api.w.org\/{rel}","templated":true}]}}