{"id":132,"date":"2023-02-13T10:43:59","date_gmt":"2023-02-13T10:43:59","guid":{"rendered":"https:\/\/odine.tiltuat.co.uk\/?page_id=132"},"modified":"2024-05-21T13:28:56","modified_gmt":"2024-05-21T12:28:56","slug":"containerization","status":"publish","type":"page","link":"https:\/\/odine.com\/tr\/what-we-do\/capabilities\/containerization\/","title":{"rendered":"Konteynerle\u015ftirme"},"content":{"rendered":"","protected":false},"excerpt":{"rendered":"","protected":false},"author":1,"featured_media":0,"parent":2590,"menu_order":0,"comment_status":"closed","ping_status":"closed","template":"","meta":{"_acf_changed":false,"footnotes":"","_links_to":"","_links_to_target":""},"class_list":["post-132","page","type-page","status-publish","hentry"],"acf":[],"yoast_head":"<!-- This site is optimized with the Yoast SEO Premium plugin v20.7 (Yoast SEO v25.7) - https:\/\/yoast.com\/wordpress\/plugins\/seo\/ -->\n<title>Telecoms Containerization as a Service | Odine<\/title>\n<meta name=\"description\" content=\"Odine prioritizes efficient, secure, and streamlined software deployment in the cloud with telecoms containerization services and solutions.\" \/>\n<meta name=\"robots\" content=\"index, follow, max-snippet:-1, max-image-preview:large, max-video-preview:-1\" \/>\n<link rel=\"canonical\" href=\"https:\/\/odine.com\/tr\/what-we-do\/capabilities\/containerization\/\" \/>\n<meta property=\"og:locale\" content=\"tr_TR\" \/>\n<meta property=\"og:type\" content=\"article\" \/>\n<meta property=\"og:title\" content=\"Containerization\" \/>\n<meta property=\"og:description\" content=\"Odine prioritizes efficient, secure, and streamlined software deployment in the cloud with telecoms containerization services and solutions.\" \/>\n<meta property=\"og:url\" content=\"https:\/\/odine.com\/tr\/what-we-do\/capabilities\/containerization\/\" \/>\n<meta property=\"og:site_name\" content=\"Odine\" \/>\n<meta property=\"article:modified_time\" content=\"2024-05-21T12:28:56+00:00\" \/>\n<meta name=\"twitter:card\" content=\"summary_large_image\" \/>\n<meta name=\"twitter:label1\" content=\"Tahmini okuma s\u00fcresi\" \/>\n\t<meta name=\"twitter:data1\" content=\"3 dakika\" \/>\n<script type=\"application\/ld+json\" class=\"yoast-schema-graph\">{\"@context\":\"https:\/\/schema.org\",\"@graph\":[{\"@type\":\"WebPage\",\"@id\":\"https:\/\/odine.com\/what-we-do\/capabilities\/containerization\/\",\"url\":\"https:\/\/odine.com\/what-we-do\/capabilities\/containerization\/\",\"name\":\"Telecoms Containerization as a Service | Odine\",\"isPartOf\":{\"@id\":\"https:\/\/odine.com\/#website\"},\"datePublished\":\"2023-02-13T10:43:59+00:00\",\"dateModified\":\"2024-05-21T12:28:56+00:00\",\"description\":\"Odine prioritizes efficient, secure, and streamlined software deployment in the cloud with telecoms containerization services and solutions.\",\"breadcrumb\":{\"@id\":\"https:\/\/odine.com\/what-we-do\/capabilities\/containerization\/#breadcrumb\"},\"inLanguage\":\"tr\",\"potentialAction\":[{\"@type\":\"ReadAction\",\"target\":[\"https:\/\/odine.com\/what-we-do\/capabilities\/containerization\/\"]}]},{\"@type\":\"BreadcrumbList\",\"@id\":\"https:\/\/odine.com\/what-we-do\/capabilities\/containerization\/#breadcrumb\",\"itemListElement\":[{\"@type\":\"ListItem\",\"position\":1,\"name\":\"Home\",\"item\":\"https:\/\/odine.com\/\"},{\"@type\":\"ListItem\",\"position\":2,\"name\":\"What We Do\",\"item\":\"https:\/\/odine.com\/what-we-do\/\"},{\"@type\":\"ListItem\",\"position\":3,\"name\":\"Capabilities\",\"item\":\"https:\/\/odine.com\/what-we-do\/capabilities\/\"},{\"@type\":\"ListItem\",\"position\":4,\"name\":\"Containerization\"}]},{\"@type\":\"WebSite\",\"@id\":\"https:\/\/odine.com\/#website\",\"url\":\"https:\/\/odine.com\/\",\"name\":\"Odine\",\"description\":\"\",\"potentialAction\":[{\"@type\":\"SearchAction\",\"target\":{\"@type\":\"EntryPoint\",\"urlTemplate\":\"https:\/\/odine.com\/?s={search_term_string}\"},\"query-input\":{\"@type\":\"PropertyValueSpecification\",\"valueRequired\":true,\"valueName\":\"search_term_string\"}}],\"inLanguage\":\"tr\"}]}<\/script>\n<!-- \/ Yoast SEO Premium plugin. -->","yoast_head_json":{"title":"Konteynerle\u015ftirme Hizmetleri | Odine","description":"Odine, \u015febeke d\u00f6n\u00fc\u015f\u00fcm\u00fcn\u00fc merkezde esas alarak verimli, g\u00fcvenli ve dinamik yaz\u0131l\u0131m ve uygulama kurulumlar\u0131n\u0131 sa\u011flar.\u202f","robots":{"index":"index","follow":"follow","max-snippet":"max-snippet:-1","max-image-preview":"max-image-preview:large","max-video-preview":"max-video-preview:-1"},"canonical":"https:\/\/odine.com\/tr\/what-we-do\/capabilities\/containerization\/","og_locale":"tr_TR","og_type":"article","og_title":"Containerization","og_description":"Odine prioritizes efficient, secure, and streamlined software deployment in the cloud with telecoms containerization services and solutions.","og_url":"https:\/\/odine.com\/tr\/what-we-do\/capabilities\/containerization\/","og_site_name":"Odine","article_modified_time":"2024-05-21T12:28:56+00:00","twitter_card":"summary_large_image","twitter_misc":{"Tahmini okuma s\u00fcresi":"3 dakika"},"schema":{"@context":"https:\/\/schema.org","@graph":[{"@type":"WebPage","@id":"https:\/\/odine.com\/what-we-do\/capabilities\/containerization\/","url":"https:\/\/odine.com\/what-we-do\/capabilities\/containerization\/","name":"Konteynerle\u015ftirme Hizmetleri | Odine","isPartOf":{"@id":"https:\/\/odine.com\/#website"},"datePublished":"2023-02-13T10:43:59+00:00","dateModified":"2024-05-21T12:28:56+00:00","description":"Odine, \u015febeke d\u00f6n\u00fc\u015f\u00fcm\u00fcn\u00fc merkezde esas alarak verimli, g\u00fcvenli ve dinamik yaz\u0131l\u0131m ve uygulama kurulumlar\u0131n\u0131 sa\u011flar.\u202f","breadcrumb":{"@id":"https:\/\/odine.com\/what-we-do\/capabilities\/containerization\/#breadcrumb"},"inLanguage":"tr","potentialAction":[{"@type":"ReadAction","target":["https:\/\/odine.com\/what-we-do\/capabilities\/containerization\/"]}]},{"@type":"BreadcrumbList","@id":"https:\/\/odine.com\/what-we-do\/capabilities\/containerization\/#breadcrumb","itemListElement":[{"@type":"ListItem","position":1,"name":"Home","item":"https:\/\/odine.com\/"},{"@type":"ListItem","position":2,"name":"What We Do","item":"https:\/\/odine.com\/what-we-do\/"},{"@type":"ListItem","position":3,"name":"Capabilities","item":"https:\/\/odine.com\/what-we-do\/capabilities\/"},{"@type":"ListItem","position":4,"name":"Containerization"}]},{"@type":"WebSite","@id":"https:\/\/odine.com\/#website","url":"https:\/\/odine.com\/","name":"Odine","description":"","potentialAction":[{"@type":"SearchAction","target":{"@type":"EntryPoint","urlTemplate":"https:\/\/odine.com\/?s={search_term_string}"},"query-input":{"@type":"PropertyValueSpecification","valueRequired":true,"valueName":"search_term_string"}}],"inLanguage":"tr"}]}},"_links":{"self":[{"href":"https:\/\/odine.com\/tr\/wp-json\/wp\/v2\/pages\/132","targetHints":{"allow":["GET"]}}],"collection":[{"href":"https:\/\/odine.com\/tr\/wp-json\/wp\/v2\/pages"}],"about":[{"href":"https:\/\/odine.com\/tr\/wp-json\/wp\/v2\/types\/page"}],"author":[{"embeddable":true,"href":"https:\/\/odine.com\/tr\/wp-json\/wp\/v2\/users\/1"}],"replies":[{"embeddable":true,"href":"https:\/\/odine.com\/tr\/wp-json\/wp\/v2\/comments?post=132"}],"version-history":[{"count":0,"href":"https:\/\/odine.com\/tr\/wp-json\/wp\/v2\/pages\/132\/revisions"}],"up":[{"embeddable":true,"href":"https:\/\/odine.com\/tr\/wp-json\/wp\/v2\/pages\/2590"}],"wp:attachment":[{"href":"https:\/\/odine.com\/tr\/wp-json\/wp\/v2\/media?parent=132"}],"curies":[{"name":"wp","href":"https:\/\/api.w.org\/{rel}","templated":true}]}}