{"id":126,"date":"2023-02-13T10:43:17","date_gmt":"2023-02-13T10:43:17","guid":{"rendered":"https:\/\/odine.tiltuat.co.uk\/?page_id=126"},"modified":"2024-05-21T13:32:14","modified_gmt":"2024-05-21T12:32:14","slug":"fwa","status":"publish","type":"page","link":"https:\/\/odine.com\/tr\/technology\/fwa\/","title":{"rendered":"Sabit Kablosuz Eri\u015fim (FWA)"},"content":{"rendered":"","protected":false},"excerpt":{"rendered":"","protected":false},"author":1,"featured_media":0,"parent":108,"menu_order":0,"comment_status":"closed","ping_status":"closed","template":"","meta":{"_acf_changed":false,"footnotes":"","_links_to":"","_links_to_target":""},"class_list":["post-126","page","type-page","status-publish","hentry"],"acf":[],"yoast_head":"<!-- This site is optimized with the Yoast SEO Premium plugin v20.7 (Yoast SEO v25.7) - https:\/\/yoast.com\/wordpress\/plugins\/seo\/ -->\n<title>Fixed Wireless Access (FWA) Solutions | Odine<\/title>\n<meta name=\"description\" content=\"Odine will enable you to deliver fixed wireless access (FWA) deployments that connect the last mile and monetize 5G networks.\" \/>\n<meta name=\"robots\" content=\"index, follow, max-snippet:-1, max-image-preview:large, max-video-preview:-1\" \/>\n<link rel=\"canonical\" href=\"https:\/\/odine.com\/tr\/technology\/5g__trashed\/fwa\/\" \/>\n<meta property=\"og:locale\" content=\"tr_TR\" \/>\n<meta property=\"og:type\" content=\"article\" \/>\n<meta property=\"og:title\" content=\"FWA\" \/>\n<meta property=\"og:description\" content=\"Odine will enable you to deliver fixed wireless access (FWA) deployments that connect the last mile and monetize 5G networks.\" \/>\n<meta property=\"og:url\" content=\"https:\/\/odine.com\/tr\/technology\/5g__trashed\/fwa\/\" \/>\n<meta property=\"og:site_name\" content=\"Odine\" \/>\n<meta property=\"article:modified_time\" content=\"2024-05-21T12:32:14+00:00\" \/>\n<meta name=\"twitter:card\" content=\"summary_large_image\" \/>\n<meta name=\"twitter:label1\" content=\"Tahmini okuma s\u00fcresi\" \/>\n\t<meta name=\"twitter:data1\" content=\"2 dakika\" \/>\n<script type=\"application\/ld+json\" class=\"yoast-schema-graph\">{\"@context\":\"https:\/\/schema.org\",\"@graph\":[{\"@type\":\"WebPage\",\"@id\":\"https:\/\/odine.com\/technology\/5g__trashed\/fwa\/\",\"url\":\"https:\/\/odine.com\/technology\/5g__trashed\/fwa\/\",\"name\":\"Fixed Wireless Access (FWA) Solutions | Odine\",\"isPartOf\":{\"@id\":\"https:\/\/odine.com\/#website\"},\"datePublished\":\"2023-02-13T10:43:17+00:00\",\"dateModified\":\"2024-05-21T12:32:14+00:00\",\"description\":\"Odine will enable you to deliver fixed wireless access (FWA) deployments that connect the last mile and monetize 5G networks.\",\"breadcrumb\":{\"@id\":\"https:\/\/odine.com\/technology\/5g__trashed\/fwa\/#breadcrumb\"},\"inLanguage\":\"tr\",\"potentialAction\":[{\"@type\":\"ReadAction\",\"target\":[\"https:\/\/odine.com\/technology\/5g__trashed\/fwa\/\"]}]},{\"@type\":\"BreadcrumbList\",\"@id\":\"https:\/\/odine.com\/technology\/5g__trashed\/fwa\/#breadcrumb\",\"itemListElement\":[{\"@type\":\"ListItem\",\"position\":1,\"name\":\"Home\",\"item\":\"https:\/\/odine.com\/\"},{\"@type\":\"ListItem\",\"position\":2,\"name\":\"Technologies\",\"item\":\"https:\/\/odine.com\/technology\/\"},{\"@type\":\"ListItem\",\"position\":3,\"name\":\"FWA\"}]},{\"@type\":\"WebSite\",\"@id\":\"https:\/\/odine.com\/#website\",\"url\":\"https:\/\/odine.com\/\",\"name\":\"Odine\",\"description\":\"\",\"potentialAction\":[{\"@type\":\"SearchAction\",\"target\":{\"@type\":\"EntryPoint\",\"urlTemplate\":\"https:\/\/odine.com\/?s={search_term_string}\"},\"query-input\":{\"@type\":\"PropertyValueSpecification\",\"valueRequired\":true,\"valueName\":\"search_term_string\"}}],\"inLanguage\":\"tr\"}]}<\/script>\n<!-- \/ Yoast SEO Premium plugin. -->","yoast_head_json":{"title":"Sabit kablosuz eri\u015fim (FWA) \u00e7\u00f6z\u00fcmleri | Odine","description":"Odine, son kullan\u0131c\u0131lar\u0131n g\u00fcnden g\u00fcne artan ve de\u011fi\u015fkenlik g\u00f6steren\u202f taleplerini kar\u015f\u0131layabilmek ad\u0131na 5G destekli FWA \u00e7\u00f6z\u00fcmlerinin hayata ge\u00e7irilmesi noktas\u0131nda rol al\u0131r.","robots":{"index":"index","follow":"follow","max-snippet":"max-snippet:-1","max-image-preview":"max-image-preview:large","max-video-preview":"max-video-preview:-1"},"canonical":"https:\/\/odine.com\/tr\/technology\/5g__trashed\/fwa\/","og_locale":"tr_TR","og_type":"article","og_title":"FWA","og_description":"Odine will enable you to deliver fixed wireless access (FWA) deployments that connect the last mile and monetize 5G networks.","og_url":"https:\/\/odine.com\/tr\/technology\/5g__trashed\/fwa\/","og_site_name":"Odine","article_modified_time":"2024-05-21T12:32:14+00:00","twitter_card":"summary_large_image","twitter_misc":{"Tahmini okuma s\u00fcresi":"2 dakika"},"schema":{"@context":"https:\/\/schema.org","@graph":[{"@type":"WebPage","@id":"https:\/\/odine.com\/technology\/5g__trashed\/fwa\/","url":"https:\/\/odine.com\/technology\/5g__trashed\/fwa\/","name":"Sabit kablosuz eri\u015fim (FWA) \u00e7\u00f6z\u00fcmleri | Odine","isPartOf":{"@id":"https:\/\/odine.com\/#website"},"datePublished":"2023-02-13T10:43:17+00:00","dateModified":"2024-05-21T12:32:14+00:00","description":"Odine, son kullan\u0131c\u0131lar\u0131n g\u00fcnden g\u00fcne artan ve de\u011fi\u015fkenlik g\u00f6steren\u202f taleplerini kar\u015f\u0131layabilmek ad\u0131na 5G destekli FWA \u00e7\u00f6z\u00fcmlerinin hayata ge\u00e7irilmesi noktas\u0131nda rol al\u0131r.","breadcrumb":{"@id":"https:\/\/odine.com\/technology\/5g__trashed\/fwa\/#breadcrumb"},"inLanguage":"tr","potentialAction":[{"@type":"ReadAction","target":["https:\/\/odine.com\/technology\/5g__trashed\/fwa\/"]}]},{"@type":"BreadcrumbList","@id":"https:\/\/odine.com\/technology\/5g__trashed\/fwa\/#breadcrumb","itemListElement":[{"@type":"ListItem","position":1,"name":"Home","item":"https:\/\/odine.com\/"},{"@type":"ListItem","position":2,"name":"Technologies","item":"https:\/\/odine.com\/technology\/"},{"@type":"ListItem","position":3,"name":"FWA"}]},{"@type":"WebSite","@id":"https:\/\/odine.com\/#website","url":"https:\/\/odine.com\/","name":"Odine","description":"","potentialAction":[{"@type":"SearchAction","target":{"@type":"EntryPoint","urlTemplate":"https:\/\/odine.com\/?s={search_term_string}"},"query-input":{"@type":"PropertyValueSpecification","valueRequired":true,"valueName":"search_term_string"}}],"inLanguage":"tr"}]}},"_links":{"self":[{"href":"https:\/\/odine.com\/tr\/wp-json\/wp\/v2\/pages\/126","targetHints":{"allow":["GET"]}}],"collection":[{"href":"https:\/\/odine.com\/tr\/wp-json\/wp\/v2\/pages"}],"about":[{"href":"https:\/\/odine.com\/tr\/wp-json\/wp\/v2\/types\/page"}],"author":[{"embeddable":true,"href":"https:\/\/odine.com\/tr\/wp-json\/wp\/v2\/users\/1"}],"replies":[{"embeddable":true,"href":"https:\/\/odine.com\/tr\/wp-json\/wp\/v2\/comments?post=126"}],"version-history":[{"count":0,"href":"https:\/\/odine.com\/tr\/wp-json\/wp\/v2\/pages\/126\/revisions"}],"up":[{"embeddable":true,"href":"https:\/\/odine.com\/tr\/wp-json\/wp\/v2\/pages\/108"}],"wp:attachment":[{"href":"https:\/\/odine.com\/tr\/wp-json\/wp\/v2\/media?parent=126"}],"curies":[{"name":"wp","href":"https:\/\/api.w.org\/{rel}","templated":true}]}}