{"id":120,"date":"2023-02-13T10:42:30","date_gmt":"2023-02-13T10:42:30","guid":{"rendered":"https:\/\/odine.tiltuat.co.uk\/?page_id=120"},"modified":"2024-05-21T13:31:09","modified_gmt":"2024-05-21T12:31:09","slug":"seba","status":"publish","type":"page","link":"https:\/\/odine.com\/tr\/technology\/software-defined-networks\/seba\/","title":{"rendered":"SDN - Geni\u015f Bant Eri\u015fimi\u202f"},"content":{"rendered":"","protected":false},"excerpt":{"rendered":"","protected":false},"author":1,"featured_media":0,"parent":110,"menu_order":0,"comment_status":"closed","ping_status":"closed","template":"","meta":{"_acf_changed":false,"footnotes":"","_links_to":"","_links_to_target":""},"class_list":["post-120","page","type-page","status-publish","hentry"],"acf":[],"yoast_head":"<!-- This site is optimized with the Yoast SEO Premium plugin v20.7 (Yoast SEO v25.7) - https:\/\/yoast.com\/wordpress\/plugins\/seo\/ -->\n<title>SDN-Enabled Broadband Access (SEBA) | Odine\u00a0<\/title>\n<meta name=\"description\" content=\"Odine will enable you to build a highly complementary and unified SDN-enabled broadband access environment to support network virtualization.\" \/>\n<meta name=\"robots\" content=\"index, follow, max-snippet:-1, max-image-preview:large, max-video-preview:-1\" \/>\n<link rel=\"canonical\" href=\"https:\/\/odine.com\/tr\/technology\/software-defined-networks\/seba\/\" \/>\n<meta property=\"og:locale\" content=\"tr_TR\" \/>\n<meta property=\"og:type\" content=\"article\" \/>\n<meta property=\"og:title\" content=\"SDN-Enabled Broadband Access\" \/>\n<meta property=\"og:description\" content=\"Odine will enable you to build a highly complementary and unified SDN-enabled broadband access environment to support network virtualization.\" \/>\n<meta property=\"og:url\" content=\"https:\/\/odine.com\/tr\/technology\/software-defined-networks\/seba\/\" \/>\n<meta property=\"og:site_name\" content=\"Odine\" \/>\n<meta property=\"article:modified_time\" content=\"2024-05-21T12:31:09+00:00\" \/>\n<meta name=\"twitter:card\" content=\"summary_large_image\" \/>\n<meta name=\"twitter:label1\" content=\"Tahmini okuma s\u00fcresi\" \/>\n\t<meta name=\"twitter:data1\" content=\"3 dakika\" \/>\n<script type=\"application\/ld+json\" class=\"yoast-schema-graph\">{\"@context\":\"https:\/\/schema.org\",\"@graph\":[{\"@type\":\"WebPage\",\"@id\":\"https:\/\/odine.com\/technology\/software-defined-networks\/seba\/\",\"url\":\"https:\/\/odine.com\/technology\/software-defined-networks\/seba\/\",\"name\":\"SDN-Enabled Broadband Access (SEBA) | Odine\u00a0\",\"isPartOf\":{\"@id\":\"https:\/\/odine.com\/#website\"},\"datePublished\":\"2023-02-13T10:42:30+00:00\",\"dateModified\":\"2024-05-21T12:31:09+00:00\",\"description\":\"Odine will enable you to build a highly complementary and unified SDN-enabled broadband access environment to support network virtualization.\",\"breadcrumb\":{\"@id\":\"https:\/\/odine.com\/technology\/software-defined-networks\/seba\/#breadcrumb\"},\"inLanguage\":\"tr\",\"potentialAction\":[{\"@type\":\"ReadAction\",\"target\":[\"https:\/\/odine.com\/technology\/software-defined-networks\/seba\/\"]}]},{\"@type\":\"BreadcrumbList\",\"@id\":\"https:\/\/odine.com\/technology\/software-defined-networks\/seba\/#breadcrumb\",\"itemListElement\":[{\"@type\":\"ListItem\",\"position\":1,\"name\":\"Home\",\"item\":\"https:\/\/odine.com\/\"},{\"@type\":\"ListItem\",\"position\":2,\"name\":\"Technologies\",\"item\":\"https:\/\/odine.com\/technology\/\"},{\"@type\":\"ListItem\",\"position\":3,\"name\":\"Software-Defined Networks\",\"item\":\"https:\/\/odine.com\/technology\/software-defined-networks\/\"},{\"@type\":\"ListItem\",\"position\":4,\"name\":\"SDN-Enabled Broadband Access\"}]},{\"@type\":\"WebSite\",\"@id\":\"https:\/\/odine.com\/#website\",\"url\":\"https:\/\/odine.com\/\",\"name\":\"Odine\",\"description\":\"\",\"potentialAction\":[{\"@type\":\"SearchAction\",\"target\":{\"@type\":\"EntryPoint\",\"urlTemplate\":\"https:\/\/odine.com\/?s={search_term_string}\"},\"query-input\":{\"@type\":\"PropertyValueSpecification\",\"valueRequired\":true,\"valueName\":\"search_term_string\"}}],\"inLanguage\":\"tr\"}]}<\/script>\n<!-- \/ Yoast SEO Premium plugin. -->","yoast_head_json":{"title":"SDN-\u00f6zellikli geni\u015f bant eri\u015fimi (SEBA) | Odine\u00a0","description":"Odine, tam a\u011f sanalla\u015ft\u0131rmas\u0131n\u0131 desteklemek i\u00e7in son derece tamamlay\u0131c\u0131 ve birle\u015fik bir SEBA ortam\u0131 olu\u015fturman\u0131za olanak tan\u0131yacak.\u202f","robots":{"index":"index","follow":"follow","max-snippet":"max-snippet:-1","max-image-preview":"max-image-preview:large","max-video-preview":"max-video-preview:-1"},"canonical":"https:\/\/odine.com\/tr\/technology\/software-defined-networks\/seba\/","og_locale":"tr_TR","og_type":"article","og_title":"SDN-Enabled Broadband Access","og_description":"Odine will enable you to build a highly complementary and unified SDN-enabled broadband access environment to support network virtualization.","og_url":"https:\/\/odine.com\/tr\/technology\/software-defined-networks\/seba\/","og_site_name":"Odine","article_modified_time":"2024-05-21T12:31:09+00:00","twitter_card":"summary_large_image","twitter_misc":{"Tahmini okuma s\u00fcresi":"3 dakika"},"schema":{"@context":"https:\/\/schema.org","@graph":[{"@type":"WebPage","@id":"https:\/\/odine.com\/technology\/software-defined-networks\/seba\/","url":"https:\/\/odine.com\/technology\/software-defined-networks\/seba\/","name":"SDN-\u00f6zellikli geni\u015f bant eri\u015fimi (SEBA) | Odine\u00a0","isPartOf":{"@id":"https:\/\/odine.com\/#website"},"datePublished":"2023-02-13T10:42:30+00:00","dateModified":"2024-05-21T12:31:09+00:00","description":"Odine, tam a\u011f sanalla\u015ft\u0131rmas\u0131n\u0131 desteklemek i\u00e7in son derece tamamlay\u0131c\u0131 ve birle\u015fik bir SEBA ortam\u0131 olu\u015fturman\u0131za olanak tan\u0131yacak.\u202f","breadcrumb":{"@id":"https:\/\/odine.com\/technology\/software-defined-networks\/seba\/#breadcrumb"},"inLanguage":"tr","potentialAction":[{"@type":"ReadAction","target":["https:\/\/odine.com\/technology\/software-defined-networks\/seba\/"]}]},{"@type":"BreadcrumbList","@id":"https:\/\/odine.com\/technology\/software-defined-networks\/seba\/#breadcrumb","itemListElement":[{"@type":"ListItem","position":1,"name":"Home","item":"https:\/\/odine.com\/"},{"@type":"ListItem","position":2,"name":"Technologies","item":"https:\/\/odine.com\/technology\/"},{"@type":"ListItem","position":3,"name":"Software-Defined Networks","item":"https:\/\/odine.com\/technology\/software-defined-networks\/"},{"@type":"ListItem","position":4,"name":"SDN-Enabled Broadband Access"}]},{"@type":"WebSite","@id":"https:\/\/odine.com\/#website","url":"https:\/\/odine.com\/","name":"Odine","description":"","potentialAction":[{"@type":"SearchAction","target":{"@type":"EntryPoint","urlTemplate":"https:\/\/odine.com\/?s={search_term_string}"},"query-input":{"@type":"PropertyValueSpecification","valueRequired":true,"valueName":"search_term_string"}}],"inLanguage":"tr"}]}},"_links":{"self":[{"href":"https:\/\/odine.com\/tr\/wp-json\/wp\/v2\/pages\/120","targetHints":{"allow":["GET"]}}],"collection":[{"href":"https:\/\/odine.com\/tr\/wp-json\/wp\/v2\/pages"}],"about":[{"href":"https:\/\/odine.com\/tr\/wp-json\/wp\/v2\/types\/page"}],"author":[{"embeddable":true,"href":"https:\/\/odine.com\/tr\/wp-json\/wp\/v2\/users\/1"}],"replies":[{"embeddable":true,"href":"https:\/\/odine.com\/tr\/wp-json\/wp\/v2\/comments?post=120"}],"version-history":[{"count":0,"href":"https:\/\/odine.com\/tr\/wp-json\/wp\/v2\/pages\/120\/revisions"}],"up":[{"embeddable":true,"href":"https:\/\/odine.com\/tr\/wp-json\/wp\/v2\/pages\/110"}],"wp:attachment":[{"href":"https:\/\/odine.com\/tr\/wp-json\/wp\/v2\/media?parent=120"}],"curies":[{"name":"wp","href":"https:\/\/api.w.org\/{rel}","templated":true}]}}