{"id":118,"date":"2023-02-13T10:42:09","date_gmt":"2023-02-13T10:42:09","guid":{"rendered":"https:\/\/odine.tiltuat.co.uk\/?page_id=118"},"modified":"2024-05-21T13:33:25","modified_gmt":"2024-05-21T12:33:25","slug":"management-orchestration","status":"publish","type":"page","link":"https:\/\/odine.com\/tr\/technology\/management-orchestration\/","title":{"rendered":"Y\u00f6netim ve Orkestrasyon (MANO)"},"content":{"rendered":"","protected":false},"excerpt":{"rendered":"","protected":false},"author":1,"featured_media":0,"parent":108,"menu_order":0,"comment_status":"closed","ping_status":"closed","template":"","meta":{"_acf_changed":false,"footnotes":"","_links_to":"","_links_to_target":""},"class_list":["post-118","page","type-page","status-publish","hentry"],"acf":[],"yoast_head":"<!-- This site is optimized with the Yoast SEO Premium plugin v20.7 (Yoast SEO v25.7) - https:\/\/yoast.com\/wordpress\/plugins\/seo\/ -->\n<title>Management and Orchestration (MANO) | Odine<\/title>\n<meta name=\"description\" content=\"Odine will help you deploy network functions with a long-term Management and orchestration approach \u2013 unlocking new service value.\" \/>\n<meta name=\"robots\" content=\"index, follow, max-snippet:-1, max-image-preview:large, max-video-preview:-1\" \/>\n<link rel=\"canonical\" href=\"https:\/\/odine.com\/tr\/technology\/management-orchestration\/\" \/>\n<meta property=\"og:locale\" content=\"tr_TR\" \/>\n<meta property=\"og:type\" content=\"article\" \/>\n<meta property=\"og:title\" content=\"Management and Orchestration (MANO)\" \/>\n<meta property=\"og:description\" content=\"Odine will help you deploy network functions with a long-term Management and orchestration approach \u2013 unlocking new service value.\" \/>\n<meta property=\"og:url\" content=\"https:\/\/odine.com\/tr\/technology\/management-orchestration\/\" \/>\n<meta property=\"og:site_name\" content=\"Odine\" \/>\n<meta property=\"article:modified_time\" content=\"2024-05-21T12:33:25+00:00\" \/>\n<meta name=\"twitter:card\" content=\"summary_large_image\" \/>\n<meta name=\"twitter:label1\" content=\"Tahmini okuma s\u00fcresi\" \/>\n\t<meta name=\"twitter:data1\" content=\"2 dakika\" \/>\n<script type=\"application\/ld+json\" class=\"yoast-schema-graph\">{\"@context\":\"https:\/\/schema.org\",\"@graph\":[{\"@type\":\"WebPage\",\"@id\":\"https:\/\/odine.com\/technology\/management-orchestration\/\",\"url\":\"https:\/\/odine.com\/technology\/management-orchestration\/\",\"name\":\"Management and Orchestration (MANO) | Odine\",\"isPartOf\":{\"@id\":\"https:\/\/odine.com\/#website\"},\"datePublished\":\"2023-02-13T10:42:09+00:00\",\"dateModified\":\"2024-05-21T12:33:25+00:00\",\"description\":\"Odine will help you deploy network functions with a long-term Management and orchestration approach \u2013 unlocking new service value.\",\"breadcrumb\":{\"@id\":\"https:\/\/odine.com\/technology\/management-orchestration\/#breadcrumb\"},\"inLanguage\":\"tr\",\"potentialAction\":[{\"@type\":\"ReadAction\",\"target\":[\"https:\/\/odine.com\/technology\/management-orchestration\/\"]}]},{\"@type\":\"BreadcrumbList\",\"@id\":\"https:\/\/odine.com\/technology\/management-orchestration\/#breadcrumb\",\"itemListElement\":[{\"@type\":\"ListItem\",\"position\":1,\"name\":\"Home\",\"item\":\"https:\/\/odine.com\/\"},{\"@type\":\"ListItem\",\"position\":2,\"name\":\"Technologies\",\"item\":\"https:\/\/odine.com\/technology\/\"},{\"@type\":\"ListItem\",\"position\":3,\"name\":\"Management and Orchestration (MANO)\"}]},{\"@type\":\"WebSite\",\"@id\":\"https:\/\/odine.com\/#website\",\"url\":\"https:\/\/odine.com\/\",\"name\":\"Odine\",\"description\":\"\",\"potentialAction\":[{\"@type\":\"SearchAction\",\"target\":{\"@type\":\"EntryPoint\",\"urlTemplate\":\"https:\/\/odine.com\/?s={search_term_string}\"},\"query-input\":{\"@type\":\"PropertyValueSpecification\",\"valueRequired\":true,\"valueName\":\"search_term_string\"}}],\"inLanguage\":\"tr\"}]}<\/script>\n<!-- \/ Yoast SEO Premium plugin. -->","yoast_head_json":{"title":"Y\u00f6netim ve Orkestrasyon (MANO) | Odine","description":"Odine, uzun vadeli bir MANO yakla\u015f\u0131m\u0131 kullanarak a\u011f i\u015flevlerini \u00f6l\u00e7eklendirmede kolayl\u0131kla yard\u0131mc\u0131 olacak - yeni servis de\u011ferlerinin kilidini a\u00e7acakt\u0131r.","robots":{"index":"index","follow":"follow","max-snippet":"max-snippet:-1","max-image-preview":"max-image-preview:large","max-video-preview":"max-video-preview:-1"},"canonical":"https:\/\/odine.com\/tr\/technology\/management-orchestration\/","og_locale":"tr_TR","og_type":"article","og_title":"Management and Orchestration (MANO)","og_description":"Odine will help you deploy network functions with a long-term Management and orchestration approach \u2013 unlocking new service value.","og_url":"https:\/\/odine.com\/tr\/technology\/management-orchestration\/","og_site_name":"Odine","article_modified_time":"2024-05-21T12:33:25+00:00","twitter_card":"summary_large_image","twitter_misc":{"Tahmini okuma s\u00fcresi":"2 dakika"},"schema":{"@context":"https:\/\/schema.org","@graph":[{"@type":"WebPage","@id":"https:\/\/odine.com\/technology\/management-orchestration\/","url":"https:\/\/odine.com\/technology\/management-orchestration\/","name":"Y\u00f6netim ve Orkestrasyon (MANO) | Odine","isPartOf":{"@id":"https:\/\/odine.com\/#website"},"datePublished":"2023-02-13T10:42:09+00:00","dateModified":"2024-05-21T12:33:25+00:00","description":"Odine, uzun vadeli bir MANO yakla\u015f\u0131m\u0131 kullanarak a\u011f i\u015flevlerini \u00f6l\u00e7eklendirmede kolayl\u0131kla yard\u0131mc\u0131 olacak - yeni servis de\u011ferlerinin kilidini a\u00e7acakt\u0131r.","breadcrumb":{"@id":"https:\/\/odine.com\/technology\/management-orchestration\/#breadcrumb"},"inLanguage":"tr","potentialAction":[{"@type":"ReadAction","target":["https:\/\/odine.com\/technology\/management-orchestration\/"]}]},{"@type":"BreadcrumbList","@id":"https:\/\/odine.com\/technology\/management-orchestration\/#breadcrumb","itemListElement":[{"@type":"ListItem","position":1,"name":"Home","item":"https:\/\/odine.com\/"},{"@type":"ListItem","position":2,"name":"Technologies","item":"https:\/\/odine.com\/technology\/"},{"@type":"ListItem","position":3,"name":"Management and Orchestration (MANO)"}]},{"@type":"WebSite","@id":"https:\/\/odine.com\/#website","url":"https:\/\/odine.com\/","name":"Odine","description":"","potentialAction":[{"@type":"SearchAction","target":{"@type":"EntryPoint","urlTemplate":"https:\/\/odine.com\/?s={search_term_string}"},"query-input":{"@type":"PropertyValueSpecification","valueRequired":true,"valueName":"search_term_string"}}],"inLanguage":"tr"}]}},"_links":{"self":[{"href":"https:\/\/odine.com\/tr\/wp-json\/wp\/v2\/pages\/118","targetHints":{"allow":["GET"]}}],"collection":[{"href":"https:\/\/odine.com\/tr\/wp-json\/wp\/v2\/pages"}],"about":[{"href":"https:\/\/odine.com\/tr\/wp-json\/wp\/v2\/types\/page"}],"author":[{"embeddable":true,"href":"https:\/\/odine.com\/tr\/wp-json\/wp\/v2\/users\/1"}],"replies":[{"embeddable":true,"href":"https:\/\/odine.com\/tr\/wp-json\/wp\/v2\/comments?post=118"}],"version-history":[{"count":0,"href":"https:\/\/odine.com\/tr\/wp-json\/wp\/v2\/pages\/118\/revisions"}],"up":[{"embeddable":true,"href":"https:\/\/odine.com\/tr\/wp-json\/wp\/v2\/pages\/108"}],"wp:attachment":[{"href":"https:\/\/odine.com\/tr\/wp-json\/wp\/v2\/media?parent=118"}],"curies":[{"name":"wp","href":"https:\/\/api.w.org\/{rel}","templated":true}]}}