{"id":116,"date":"2023-02-13T10:41:44","date_gmt":"2023-02-13T10:41:44","guid":{"rendered":"https:\/\/odine.tiltuat.co.uk\/?page_id=116"},"modified":"2024-05-21T13:32:41","modified_gmt":"2024-05-21T12:32:41","slug":"disaggregated-networks","status":"publish","type":"page","link":"https:\/\/odine.com\/tr\/technology\/disaggregated-networks\/","title":{"rendered":"Ayr\u0131\u015ft\u0131r\u0131lm\u0131\u015f A\u011f \u00c7\u00f6z\u00fcmleri"},"content":{"rendered":"","protected":false},"excerpt":{"rendered":"","protected":false},"author":1,"featured_media":0,"parent":108,"menu_order":0,"comment_status":"closed","ping_status":"closed","template":"","meta":{"_acf_changed":false,"footnotes":"","_links_to":"","_links_to_target":""},"class_list":["post-116","page","type-page","status-publish","hentry"],"acf":[],"yoast_head":"<!-- This site is optimized with the Yoast SEO Premium plugin v20.7 (Yoast SEO v25.7) - https:\/\/yoast.com\/wordpress\/plugins\/seo\/ -->\n<title>Disaggregated Networks | Odine<\/title>\n<meta name=\"description\" content=\"Exploit dynamic network opportunities with disaggregated networks. Odine converged management approach allows you to scale and adapt.\" \/>\n<meta name=\"robots\" content=\"index, follow, max-snippet:-1, max-image-preview:large, max-video-preview:-1\" \/>\n<link rel=\"canonical\" href=\"https:\/\/odine.com\/tr\/technology\/disaggregated-networks\/\" \/>\n<meta property=\"og:locale\" content=\"tr_TR\" \/>\n<meta property=\"og:type\" content=\"article\" \/>\n<meta property=\"og:title\" content=\"Disaggregated Networks\" \/>\n<meta property=\"og:description\" content=\"Exploit dynamic network opportunities with disaggregated networks. Odine converged management approach allows you to scale and adapt.\" \/>\n<meta property=\"og:url\" content=\"https:\/\/odine.com\/tr\/technology\/disaggregated-networks\/\" \/>\n<meta property=\"og:site_name\" content=\"Odine\" \/>\n<meta property=\"article:modified_time\" content=\"2024-05-21T12:32:41+00:00\" \/>\n<meta name=\"twitter:card\" content=\"summary_large_image\" \/>\n<meta name=\"twitter:label1\" content=\"Tahmini okuma s\u00fcresi\" \/>\n\t<meta name=\"twitter:data1\" content=\"2 dakika\" \/>\n<script type=\"application\/ld+json\" class=\"yoast-schema-graph\">{\"@context\":\"https:\/\/schema.org\",\"@graph\":[{\"@type\":\"WebPage\",\"@id\":\"https:\/\/odine.com\/technology\/disaggregated-networks\/\",\"url\":\"https:\/\/odine.com\/technology\/disaggregated-networks\/\",\"name\":\"Disaggregated Networks | Odine\",\"isPartOf\":{\"@id\":\"https:\/\/odine.com\/#website\"},\"datePublished\":\"2023-02-13T10:41:44+00:00\",\"dateModified\":\"2024-05-21T12:32:41+00:00\",\"description\":\"Exploit dynamic network opportunities with disaggregated networks. Odine converged management approach allows you to scale and adapt.\",\"breadcrumb\":{\"@id\":\"https:\/\/odine.com\/technology\/disaggregated-networks\/#breadcrumb\"},\"inLanguage\":\"tr\",\"potentialAction\":[{\"@type\":\"ReadAction\",\"target\":[\"https:\/\/odine.com\/technology\/disaggregated-networks\/\"]}]},{\"@type\":\"BreadcrumbList\",\"@id\":\"https:\/\/odine.com\/technology\/disaggregated-networks\/#breadcrumb\",\"itemListElement\":[{\"@type\":\"ListItem\",\"position\":1,\"name\":\"Home\",\"item\":\"https:\/\/odine.com\/\"},{\"@type\":\"ListItem\",\"position\":2,\"name\":\"Technologies\",\"item\":\"https:\/\/odine.com\/technology\/\"},{\"@type\":\"ListItem\",\"position\":3,\"name\":\"Disaggregated Networks\"}]},{\"@type\":\"WebSite\",\"@id\":\"https:\/\/odine.com\/#website\",\"url\":\"https:\/\/odine.com\/\",\"name\":\"Odine\",\"description\":\"\",\"potentialAction\":[{\"@type\":\"SearchAction\",\"target\":{\"@type\":\"EntryPoint\",\"urlTemplate\":\"https:\/\/odine.com\/?s={search_term_string}\"},\"query-input\":{\"@type\":\"PropertyValueSpecification\",\"valueRequired\":true,\"valueName\":\"search_term_string\"}}],\"inLanguage\":\"tr\"}]}<\/script>\n<!-- \/ Yoast SEO Premium plugin. -->","yoast_head_json":{"title":"Ayr\u0131\u015ft\u0131r\u0131lm\u0131\u015f A\u011f \u00c7\u00f6z\u00fcmleri | Odine","description":"Odine\u2019in a\u00e7\u0131k kaynak mimarisine b\u00fct\u00fcnle\u015fik y\u00f6netim yakla\u015f\u0131m\u0131 ile Telekom operat\u00f6rlerinin kolayca teknolojilerini adapte edilebilmesinin ve network b\u00fcy\u00fckl\u00fc\u011f\u00fcn\u00fc kontrol etmesinin yolu a\u00e7\u0131l\u0131r.","robots":{"index":"index","follow":"follow","max-snippet":"max-snippet:-1","max-image-preview":"max-image-preview:large","max-video-preview":"max-video-preview:-1"},"canonical":"https:\/\/odine.com\/tr\/technology\/disaggregated-networks\/","og_locale":"tr_TR","og_type":"article","og_title":"Disaggregated Networks","og_description":"Exploit dynamic network opportunities with disaggregated networks. Odine converged management approach allows you to scale and adapt.","og_url":"https:\/\/odine.com\/tr\/technology\/disaggregated-networks\/","og_site_name":"Odine","article_modified_time":"2024-05-21T12:32:41+00:00","twitter_card":"summary_large_image","twitter_misc":{"Tahmini okuma s\u00fcresi":"2 dakika"},"schema":{"@context":"https:\/\/schema.org","@graph":[{"@type":"WebPage","@id":"https:\/\/odine.com\/technology\/disaggregated-networks\/","url":"https:\/\/odine.com\/technology\/disaggregated-networks\/","name":"Ayr\u0131\u015ft\u0131r\u0131lm\u0131\u015f A\u011f \u00c7\u00f6z\u00fcmleri | Odine","isPartOf":{"@id":"https:\/\/odine.com\/#website"},"datePublished":"2023-02-13T10:41:44+00:00","dateModified":"2024-05-21T12:32:41+00:00","description":"Odine\u2019in a\u00e7\u0131k kaynak mimarisine b\u00fct\u00fcnle\u015fik y\u00f6netim yakla\u015f\u0131m\u0131 ile Telekom operat\u00f6rlerinin kolayca teknolojilerini adapte edilebilmesinin ve network b\u00fcy\u00fckl\u00fc\u011f\u00fcn\u00fc kontrol etmesinin yolu a\u00e7\u0131l\u0131r.","breadcrumb":{"@id":"https:\/\/odine.com\/technology\/disaggregated-networks\/#breadcrumb"},"inLanguage":"tr","potentialAction":[{"@type":"ReadAction","target":["https:\/\/odine.com\/technology\/disaggregated-networks\/"]}]},{"@type":"BreadcrumbList","@id":"https:\/\/odine.com\/technology\/disaggregated-networks\/#breadcrumb","itemListElement":[{"@type":"ListItem","position":1,"name":"Home","item":"https:\/\/odine.com\/"},{"@type":"ListItem","position":2,"name":"Technologies","item":"https:\/\/odine.com\/technology\/"},{"@type":"ListItem","position":3,"name":"Disaggregated Networks"}]},{"@type":"WebSite","@id":"https:\/\/odine.com\/#website","url":"https:\/\/odine.com\/","name":"Odine","description":"","potentialAction":[{"@type":"SearchAction","target":{"@type":"EntryPoint","urlTemplate":"https:\/\/odine.com\/?s={search_term_string}"},"query-input":{"@type":"PropertyValueSpecification","valueRequired":true,"valueName":"search_term_string"}}],"inLanguage":"tr"}]}},"_links":{"self":[{"href":"https:\/\/odine.com\/tr\/wp-json\/wp\/v2\/pages\/116","targetHints":{"allow":["GET"]}}],"collection":[{"href":"https:\/\/odine.com\/tr\/wp-json\/wp\/v2\/pages"}],"about":[{"href":"https:\/\/odine.com\/tr\/wp-json\/wp\/v2\/types\/page"}],"author":[{"embeddable":true,"href":"https:\/\/odine.com\/tr\/wp-json\/wp\/v2\/users\/1"}],"replies":[{"embeddable":true,"href":"https:\/\/odine.com\/tr\/wp-json\/wp\/v2\/comments?post=116"}],"version-history":[{"count":0,"href":"https:\/\/odine.com\/tr\/wp-json\/wp\/v2\/pages\/116\/revisions"}],"up":[{"embeddable":true,"href":"https:\/\/odine.com\/tr\/wp-json\/wp\/v2\/pages\/108"}],"wp:attachment":[{"href":"https:\/\/odine.com\/tr\/wp-json\/wp\/v2\/media?parent=116"}],"curies":[{"name":"wp","href":"https:\/\/api.w.org\/{rel}","templated":true}]}}