{"id":110,"date":"2023-02-13T10:41:06","date_gmt":"2023-02-13T10:41:06","guid":{"rendered":"https:\/\/odine.tiltuat.co.uk\/?page_id=110"},"modified":"2024-05-21T13:31:02","modified_gmt":"2024-05-21T12:31:02","slug":"software-defined-networks","status":"publish","type":"page","link":"https:\/\/odine.com\/tr\/technology\/software-defined-networks\/","title":{"rendered":"Yaz\u0131l\u0131m Tan\u0131ml\u0131 A\u011flar"},"content":{"rendered":"","protected":false},"excerpt":{"rendered":"","protected":false},"author":1,"featured_media":0,"parent":108,"menu_order":0,"comment_status":"closed","ping_status":"closed","template":"","meta":{"_acf_changed":false,"footnotes":"","_links_to":"","_links_to_target":""},"class_list":["post-110","page","type-page","status-publish","hentry"],"acf":[],"yoast_head":"<!-- This site is optimized with the Yoast SEO Premium plugin v20.7 (Yoast SEO v25.7) - https:\/\/yoast.com\/wordpress\/plugins\/seo\/ -->\n<title>Software-Defined Networks Solutions | Odine\u00a0<\/title>\n<meta name=\"description\" content=\"Odine will help you build, orchestrate and simplify your software defined networks \u2013 maximizing the value of operations.\" \/>\n<meta name=\"robots\" content=\"index, follow, max-snippet:-1, max-image-preview:large, max-video-preview:-1\" \/>\n<link rel=\"canonical\" href=\"https:\/\/odine.com\/tr\/technology\/software-defined-networks\/\" \/>\n<meta property=\"og:locale\" content=\"tr_TR\" \/>\n<meta property=\"og:type\" content=\"article\" \/>\n<meta property=\"og:title\" content=\"Software-Defined Networks\" \/>\n<meta property=\"og:description\" content=\"Odine will help you build, orchestrate and simplify your software defined networks \u2013 maximizing the value of operations.\" \/>\n<meta property=\"og:url\" content=\"https:\/\/odine.com\/tr\/technology\/software-defined-networks\/\" \/>\n<meta property=\"og:site_name\" content=\"Odine\" \/>\n<meta property=\"article:modified_time\" content=\"2024-05-21T12:31:02+00:00\" \/>\n<meta name=\"twitter:card\" content=\"summary_large_image\" \/>\n<meta name=\"twitter:label1\" content=\"Tahmini okuma s\u00fcresi\" \/>\n\t<meta name=\"twitter:data1\" content=\"2 dakika\" \/>\n<script type=\"application\/ld+json\" class=\"yoast-schema-graph\">{\"@context\":\"https:\/\/schema.org\",\"@graph\":[{\"@type\":\"WebPage\",\"@id\":\"https:\/\/odine.com\/technology\/software-defined-networks\/\",\"url\":\"https:\/\/odine.com\/technology\/software-defined-networks\/\",\"name\":\"Software-Defined Networks Solutions | Odine\u00a0\",\"isPartOf\":{\"@id\":\"https:\/\/odine.com\/#website\"},\"datePublished\":\"2023-02-13T10:41:06+00:00\",\"dateModified\":\"2024-05-21T12:31:02+00:00\",\"description\":\"Odine will help you build, orchestrate and simplify your software defined networks \u2013 maximizing the value of operations.\",\"breadcrumb\":{\"@id\":\"https:\/\/odine.com\/technology\/software-defined-networks\/#breadcrumb\"},\"inLanguage\":\"tr\",\"potentialAction\":[{\"@type\":\"ReadAction\",\"target\":[\"https:\/\/odine.com\/technology\/software-defined-networks\/\"]}]},{\"@type\":\"BreadcrumbList\",\"@id\":\"https:\/\/odine.com\/technology\/software-defined-networks\/#breadcrumb\",\"itemListElement\":[{\"@type\":\"ListItem\",\"position\":1,\"name\":\"Home\",\"item\":\"https:\/\/odine.com\/\"},{\"@type\":\"ListItem\",\"position\":2,\"name\":\"Technologies\",\"item\":\"https:\/\/odine.com\/technology\/\"},{\"@type\":\"ListItem\",\"position\":3,\"name\":\"Software-Defined Networks\"}]},{\"@type\":\"WebSite\",\"@id\":\"https:\/\/odine.com\/#website\",\"url\":\"https:\/\/odine.com\/\",\"name\":\"Odine\",\"description\":\"\",\"potentialAction\":[{\"@type\":\"SearchAction\",\"target\":{\"@type\":\"EntryPoint\",\"urlTemplate\":\"https:\/\/odine.com\/?s={search_term_string}\"},\"query-input\":{\"@type\":\"PropertyValueSpecification\",\"valueRequired\":true,\"valueName\":\"search_term_string\"}}],\"inLanguage\":\"tr\"}]}<\/script>\n<!-- \/ Yoast SEO Premium plugin. -->","yoast_head_json":{"title":"Yaz\u0131l\u0131m Tan\u0131ml\u0131 A\u011flar | Odine\u00a0","description":"Odine, operasyonlar\u0131n\u0131z\u0131n de\u011ferini en \u00fcst d\u00fczeye \u00e7\u0131kararak yaz\u0131l\u0131m tan\u0131ml\u0131 ortam\u0131n\u0131z\u0131 olu\u015fturman\u0131za, y\u00f6netmenize ve basitle\u015ftirmenize yard\u0131mc\u0131 olur.","robots":{"index":"index","follow":"follow","max-snippet":"max-snippet:-1","max-image-preview":"max-image-preview:large","max-video-preview":"max-video-preview:-1"},"canonical":"https:\/\/odine.com\/tr\/technology\/software-defined-networks\/","og_locale":"tr_TR","og_type":"article","og_title":"Software-Defined Networks","og_description":"Odine will help you build, orchestrate and simplify your software defined networks \u2013 maximizing the value of operations.","og_url":"https:\/\/odine.com\/tr\/technology\/software-defined-networks\/","og_site_name":"Odine","article_modified_time":"2024-05-21T12:31:02+00:00","twitter_card":"summary_large_image","twitter_misc":{"Tahmini okuma s\u00fcresi":"2 dakika"},"schema":{"@context":"https:\/\/schema.org","@graph":[{"@type":"WebPage","@id":"https:\/\/odine.com\/technology\/software-defined-networks\/","url":"https:\/\/odine.com\/technology\/software-defined-networks\/","name":"Yaz\u0131l\u0131m Tan\u0131ml\u0131 A\u011flar | Odine\u00a0","isPartOf":{"@id":"https:\/\/odine.com\/#website"},"datePublished":"2023-02-13T10:41:06+00:00","dateModified":"2024-05-21T12:31:02+00:00","description":"Odine, operasyonlar\u0131n\u0131z\u0131n de\u011ferini en \u00fcst d\u00fczeye \u00e7\u0131kararak yaz\u0131l\u0131m tan\u0131ml\u0131 ortam\u0131n\u0131z\u0131 olu\u015fturman\u0131za, y\u00f6netmenize ve basitle\u015ftirmenize yard\u0131mc\u0131 olur.","breadcrumb":{"@id":"https:\/\/odine.com\/technology\/software-defined-networks\/#breadcrumb"},"inLanguage":"tr","potentialAction":[{"@type":"ReadAction","target":["https:\/\/odine.com\/technology\/software-defined-networks\/"]}]},{"@type":"BreadcrumbList","@id":"https:\/\/odine.com\/technology\/software-defined-networks\/#breadcrumb","itemListElement":[{"@type":"ListItem","position":1,"name":"Home","item":"https:\/\/odine.com\/"},{"@type":"ListItem","position":2,"name":"Technologies","item":"https:\/\/odine.com\/technology\/"},{"@type":"ListItem","position":3,"name":"Software-Defined Networks"}]},{"@type":"WebSite","@id":"https:\/\/odine.com\/#website","url":"https:\/\/odine.com\/","name":"Odine","description":"","potentialAction":[{"@type":"SearchAction","target":{"@type":"EntryPoint","urlTemplate":"https:\/\/odine.com\/?s={search_term_string}"},"query-input":{"@type":"PropertyValueSpecification","valueRequired":true,"valueName":"search_term_string"}}],"inLanguage":"tr"}]}},"_links":{"self":[{"href":"https:\/\/odine.com\/tr\/wp-json\/wp\/v2\/pages\/110","targetHints":{"allow":["GET"]}}],"collection":[{"href":"https:\/\/odine.com\/tr\/wp-json\/wp\/v2\/pages"}],"about":[{"href":"https:\/\/odine.com\/tr\/wp-json\/wp\/v2\/types\/page"}],"author":[{"embeddable":true,"href":"https:\/\/odine.com\/tr\/wp-json\/wp\/v2\/users\/1"}],"replies":[{"embeddable":true,"href":"https:\/\/odine.com\/tr\/wp-json\/wp\/v2\/comments?post=110"}],"version-history":[{"count":0,"href":"https:\/\/odine.com\/tr\/wp-json\/wp\/v2\/pages\/110\/revisions"}],"up":[{"embeddable":true,"href":"https:\/\/odine.com\/tr\/wp-json\/wp\/v2\/pages\/108"}],"wp:attachment":[{"href":"https:\/\/odine.com\/tr\/wp-json\/wp\/v2\/media?parent=110"}],"curies":[{"name":"wp","href":"https:\/\/api.w.org\/{rel}","templated":true}]}}