{"id":108,"date":"2023-02-13T10:40:42","date_gmt":"2023-02-13T10:40:42","guid":{"rendered":"https:\/\/odine.tiltuat.co.uk\/?page_id=108"},"modified":"2024-05-21T13:30:56","modified_gmt":"2024-05-21T12:30:56","slug":"technology","status":"publish","type":"page","link":"https:\/\/odine.com\/tr\/technology\/","title":{"rendered":"Teknolojiler"},"content":{"rendered":"","protected":false},"excerpt":{"rendered":"","protected":false},"author":1,"featured_media":0,"parent":0,"menu_order":0,"comment_status":"closed","ping_status":"closed","template":"","meta":{"_acf_changed":false,"footnotes":"","_links_to":"","_links_to_target":""},"class_list":["post-108","page","type-page","status-publish","hentry"],"acf":[],"yoast_head":"<!-- This site is optimized with the Yoast SEO Premium plugin v20.7 (Yoast SEO v25.7) - https:\/\/yoast.com\/wordpress\/plugins\/seo\/ -->\n<title>Telecoms Technologies | Odine<\/title>\n<meta name=\"description\" content=\"Odine&#039;s leading systems integration expertise delivers revolutionary solutions for Tier 1 SDN, virtualization, and next generation technologies.\" \/>\n<meta name=\"robots\" content=\"index, follow, max-snippet:-1, max-image-preview:large, max-video-preview:-1\" \/>\n<link rel=\"canonical\" href=\"https:\/\/odine.com\/tr\/technology\/\" \/>\n<meta property=\"og:locale\" content=\"tr_TR\" \/>\n<meta property=\"og:type\" content=\"article\" \/>\n<meta property=\"og:title\" content=\"Technologies\" \/>\n<meta property=\"og:description\" content=\"Odine&#039;s leading systems integration expertise delivers revolutionary solutions for Tier 1 SDN, virtualization, and next generation technologies.\" \/>\n<meta property=\"og:url\" content=\"https:\/\/odine.com\/tr\/technology\/\" \/>\n<meta property=\"og:site_name\" content=\"Odine\" \/>\n<meta property=\"article:modified_time\" content=\"2024-05-21T12:30:56+00:00\" \/>\n<meta name=\"twitter:card\" content=\"summary_large_image\" \/>\n<meta name=\"twitter:label1\" content=\"Tahmini okuma s\u00fcresi\" \/>\n\t<meta name=\"twitter:data1\" content=\"2 dakika\" \/>\n<script type=\"application\/ld+json\" class=\"yoast-schema-graph\">{\"@context\":\"https:\/\/schema.org\",\"@graph\":[{\"@type\":\"WebPage\",\"@id\":\"https:\/\/odine.com\/technology\/\",\"url\":\"https:\/\/odine.com\/technology\/\",\"name\":\"Telecoms Technologies | Odine\",\"isPartOf\":{\"@id\":\"https:\/\/odine.com\/#website\"},\"datePublished\":\"2023-02-13T10:40:42+00:00\",\"dateModified\":\"2024-05-21T12:30:56+00:00\",\"description\":\"Odine's leading systems integration expertise delivers revolutionary solutions for Tier 1 SDN, virtualization, and next generation technologies.\",\"breadcrumb\":{\"@id\":\"https:\/\/odine.com\/technology\/#breadcrumb\"},\"inLanguage\":\"tr\",\"potentialAction\":[{\"@type\":\"ReadAction\",\"target\":[\"https:\/\/odine.com\/technology\/\"]}]},{\"@type\":\"BreadcrumbList\",\"@id\":\"https:\/\/odine.com\/technology\/#breadcrumb\",\"itemListElement\":[{\"@type\":\"ListItem\",\"position\":1,\"name\":\"Home\",\"item\":\"https:\/\/odine.com\/\"},{\"@type\":\"ListItem\",\"position\":2,\"name\":\"Technologies\"}]},{\"@type\":\"WebSite\",\"@id\":\"https:\/\/odine.com\/#website\",\"url\":\"https:\/\/odine.com\/\",\"name\":\"Odine\",\"description\":\"\",\"potentialAction\":[{\"@type\":\"SearchAction\",\"target\":{\"@type\":\"EntryPoint\",\"urlTemplate\":\"https:\/\/odine.com\/?s={search_term_string}\"},\"query-input\":{\"@type\":\"PropertyValueSpecification\",\"valueRequired\":true,\"valueName\":\"search_term_string\"}}],\"inLanguage\":\"tr\"}]}<\/script>\n<!-- \/ Yoast SEO Premium plugin. -->","yoast_head_json":{"title":"Telekom\u00fcnikasyon Teknolojileri | Odine","description":"Odine'in \u00fcst d\u00fczey sistem entegrasyonu uzmanl\u0131\u011f\u0131, Tier 1 SDN, sanalla\u015ft\u0131rma ve yeni nesil teknolojiler i\u00e7in devrim niteli\u011finde \u00e7\u00f6z\u00fcmler sunar.","robots":{"index":"index","follow":"follow","max-snippet":"max-snippet:-1","max-image-preview":"max-image-preview:large","max-video-preview":"max-video-preview:-1"},"canonical":"https:\/\/odine.com\/tr\/technology\/","og_locale":"tr_TR","og_type":"article","og_title":"Technologies","og_description":"Odine's leading systems integration expertise delivers revolutionary solutions for Tier 1 SDN, virtualization, and next generation technologies.","og_url":"https:\/\/odine.com\/tr\/technology\/","og_site_name":"Odine","article_modified_time":"2024-05-21T12:30:56+00:00","twitter_card":"summary_large_image","twitter_misc":{"Tahmini okuma s\u00fcresi":"2 dakika"},"schema":{"@context":"https:\/\/schema.org","@graph":[{"@type":"WebPage","@id":"https:\/\/odine.com\/technology\/","url":"https:\/\/odine.com\/technology\/","name":"Telekom\u00fcnikasyon Teknolojileri | Odine","isPartOf":{"@id":"https:\/\/odine.com\/#website"},"datePublished":"2023-02-13T10:40:42+00:00","dateModified":"2024-05-21T12:30:56+00:00","description":"Odine'in \u00fcst d\u00fczey sistem entegrasyonu uzmanl\u0131\u011f\u0131, Tier 1 SDN, sanalla\u015ft\u0131rma ve yeni nesil teknolojiler i\u00e7in devrim niteli\u011finde \u00e7\u00f6z\u00fcmler sunar.","breadcrumb":{"@id":"https:\/\/odine.com\/technology\/#breadcrumb"},"inLanguage":"tr","potentialAction":[{"@type":"ReadAction","target":["https:\/\/odine.com\/technology\/"]}]},{"@type":"BreadcrumbList","@id":"https:\/\/odine.com\/technology\/#breadcrumb","itemListElement":[{"@type":"ListItem","position":1,"name":"Home","item":"https:\/\/odine.com\/"},{"@type":"ListItem","position":2,"name":"Technologies"}]},{"@type":"WebSite","@id":"https:\/\/odine.com\/#website","url":"https:\/\/odine.com\/","name":"Odine","description":"","potentialAction":[{"@type":"SearchAction","target":{"@type":"EntryPoint","urlTemplate":"https:\/\/odine.com\/?s={search_term_string}"},"query-input":{"@type":"PropertyValueSpecification","valueRequired":true,"valueName":"search_term_string"}}],"inLanguage":"tr"}]}},"_links":{"self":[{"href":"https:\/\/odine.com\/tr\/wp-json\/wp\/v2\/pages\/108","targetHints":{"allow":["GET"]}}],"collection":[{"href":"https:\/\/odine.com\/tr\/wp-json\/wp\/v2\/pages"}],"about":[{"href":"https:\/\/odine.com\/tr\/wp-json\/wp\/v2\/types\/page"}],"author":[{"embeddable":true,"href":"https:\/\/odine.com\/tr\/wp-json\/wp\/v2\/users\/1"}],"replies":[{"embeddable":true,"href":"https:\/\/odine.com\/tr\/wp-json\/wp\/v2\/comments?post=108"}],"version-history":[{"count":0,"href":"https:\/\/odine.com\/tr\/wp-json\/wp\/v2\/pages\/108\/revisions"}],"wp:attachment":[{"href":"https:\/\/odine.com\/tr\/wp-json\/wp\/v2\/media?parent=108"}],"curies":[{"name":"wp","href":"https:\/\/api.w.org\/{rel}","templated":true}]}}